{"id":2589,"date":"2025-02-17T11:59:34","date_gmt":"2025-02-17T11:59:34","guid":{"rendered":"https:\/\/minsa.com.tr\/?post_type=product&#038;p=2589"},"modified":"2025-02-17T12:00:23","modified_gmt":"2025-02-17T12:00:23","slug":"mins-comfort-eco-beyaz-tras-prizli-1600","status":"publish","type":"product","link":"https:\/\/minsa.com.tr\/ru\/product\/mins-comfort-eco-beyaz-tras-prizli-1600\/","title":{"rendered":"MINS COMFORT ECO BEYAZ TRA\u015e PR\u0130ZL\u0130 &#8211; 1600"},"content":{"rendered":"","protected":false},"excerpt":{"rendered":"<div class=\"product-model-list pml-padding col-sm-4\">\n<ul>\n<li>\u041c\u043e\u0449\u043d\u043e\u0441\u0442\u044c 1350 - 1600 \u0412\u0442<\/li>\n<li>\u0420\u0435\u0433\u0443\u043b\u0438\u0440\u043e\u0432\u043a\u0430 \u0441\u043a\u043e\u0440\u043e\u0441\u0442\u0438: 2<\/li>\n<li>\u0423\u0441\u0442\u0430\u043d\u043e\u0432\u043a\u0430 \u0442\u0435\u043c\u043f\u0435\u0440\u0430\u0442\u0443\u0440\u044b: 2<\/li>\n<li>\u0412\u0435\u0441: 311 \u0433\u0440.<\/li>\n<li>\u0421\u043f\u0438\u0440\u0430\u043b\u044c\u043d\u044b\u0439 \u043a\u0430\u0431\u0435\u043b\u044c<\/li>\n<li>\u041d\u0430\u0436\u043c\u0438\u0442\u0435 \u0438 \u043e\u0442\u043f\u0443\u0441\u0442\u0438\u0442\u0435 \u043a\u043d\u043e\u043f\u043a\u0443<\/li>\n<li>\u0423\u0440\u043e\u0432\u0435\u043d\u044c \u0437\u0432\u0443\u043a\u0430 68 \u0414\u0431<\/li>\n<\/ul>\n<\/div>","protected":false},"featured_media":2590,"comment_status":"open","ping_status":"closed","template":"","meta":[],"product_brand":[],"product_cat":[346],"product_tag":[],"class_list":{"0":"post-2589","1":"product","2":"type-product","3":"status-publish","4":"has-post-thumbnail","6":"product_cat-mins","8":"first","9":"instock","10":"shipping-taxable","11":"product-type-simple"},"_links":{"self":[{"href":"https:\/\/minsa.com.tr\/ru\/wp-json\/wp\/v2\/product\/2589","targetHints":{"allow":["GET"]}}],"collection":[{"href":"https:\/\/minsa.com.tr\/ru\/wp-json\/wp\/v2\/product"}],"about":[{"href":"https:\/\/minsa.com.tr\/ru\/wp-json\/wp\/v2\/types\/product"}],"replies":[{"embeddable":true,"href":"https:\/\/minsa.com.tr\/ru\/wp-json\/wp\/v2\/comments?post=2589"}],"version-history":[{"count":0,"href":"https:\/\/minsa.com.tr\/ru\/wp-json\/wp\/v2\/product\/2589\/revisions"}],"wp:featuredmedia":[{"embeddable":true,"href":"https:\/\/minsa.com.tr\/ru\/wp-json\/wp\/v2\/media\/2590"}],"wp:attachment":[{"href":"https:\/\/minsa.com.tr\/ru\/wp-json\/wp\/v2\/media?parent=2589"}],"wp:term":[{"taxonomy":"product_brand","embeddable":true,"href":"https:\/\/minsa.com.tr\/ru\/wp-json\/wp\/v2\/product_brand?post=2589"},{"taxonomy":"product_cat","embeddable":true,"href":"https:\/\/minsa.com.tr\/ru\/wp-json\/wp\/v2\/product_cat?post=2589"},{"taxonomy":"product_tag","embeddable":true,"href":"https:\/\/minsa.com.tr\/ru\/wp-json\/wp\/v2\/product_tag?post=2589"}],"curies":[{"name":"wp","href":"https:\/\/api.w.org\/{rel}","templated":true}]}}