{"id":2548,"date":"2025-02-17T11:06:43","date_gmt":"2025-02-17T11:06:43","guid":{"rendered":"https:\/\/minsa.com.tr\/?post_type=product&#038;p=2548"},"modified":"2025-02-17T11:12:41","modified_gmt":"2025-02-17T11:12:41","slug":"mins-electra-pro-siyah-fisli-ionic","status":"publish","type":"product","link":"https:\/\/minsa.com.tr\/ru\/product\/mins-electra-pro-siyah-fisli-ionic\/","title":{"rendered":"MINS ELECTRA PRO S\u0130YAH F\u0130\u015eL\u0130-IONIC"},"content":{"rendered":"","protected":false},"excerpt":{"rendered":"<div class=\"product-model-list pml-padding col-sm-4\">\n<ul>\n<li>\u041c\u043e\u0449\u043d\u043e\u0441\u0442\u044c 2500 \u0412\u0442<\/li>\n<li>\u0414\u0430\u0432\u043b\u0435\u043d\u0438\u0435 \u0432\u043e\u0437\u0434\u0443\u0445\u0430 301 \u043c\u043cH20<\/li>\n<li>\u0412\u044b\u0434\u0443\u0432: 102,0 \u043c\u00b3\/\u0447<\/li>\n<li>\u0412\u0435\u0441: 590 \u0433\u0440.<\/li>\n<li>\u0418\u043e\u043d\u043d\u044b\u0439 : \u0414\u0430<\/li>\n<li>\u0423\u0441\u0442\u0430\u043d\u043e\u0432\u043a\u0430 \u0442\u0435\u043c\u043f\u0435\u0440\u0430\u0442\u0443\u0440\u044b: 4<\/li>\n<li>\u0420\u0435\u0433\u0443\u043b\u0438\u0440\u043e\u0432\u043a\u0430 \u0441\u043a\u043e\u0440\u043e\u0441\u0442\u0438: 2<\/li>\n<li>\u0423\u0434\u0430\u0440\u043d\u0430\u044f \u043a\u043d\u043e\u043f\u043a\u0430 68 \u0414\u0431<\/li>\n<li>Daha H\u0131zl\u0131 Kurutma : %50<\/li>\n<li>\u0423\u0440\u043e\u0432\u0435\u043d\u044c \u0437\u0432\u0443\u043a\u0430 68 \u0414\u0431<\/li>\n<\/ul>\n<\/div>","protected":false},"featured_media":2549,"comment_status":"open","ping_status":"closed","template":"","meta":[],"product_brand":[],"product_cat":[346],"product_tag":[],"class_list":{"0":"post-2548","1":"product","2":"type-product","3":"status-publish","4":"has-post-thumbnail","6":"product_cat-mins","8":"first","9":"instock","10":"shipping-taxable","11":"product-type-simple"},"_links":{"self":[{"href":"https:\/\/minsa.com.tr\/ru\/wp-json\/wp\/v2\/product\/2548","targetHints":{"allow":["GET"]}}],"collection":[{"href":"https:\/\/minsa.com.tr\/ru\/wp-json\/wp\/v2\/product"}],"about":[{"href":"https:\/\/minsa.com.tr\/ru\/wp-json\/wp\/v2\/types\/product"}],"replies":[{"embeddable":true,"href":"https:\/\/minsa.com.tr\/ru\/wp-json\/wp\/v2\/comments?post=2548"}],"version-history":[{"count":0,"href":"https:\/\/minsa.com.tr\/ru\/wp-json\/wp\/v2\/product\/2548\/revisions"}],"wp:featuredmedia":[{"embeddable":true,"href":"https:\/\/minsa.com.tr\/ru\/wp-json\/wp\/v2\/media\/2549"}],"wp:attachment":[{"href":"https:\/\/minsa.com.tr\/ru\/wp-json\/wp\/v2\/media?parent=2548"}],"wp:term":[{"taxonomy":"product_brand","embeddable":true,"href":"https:\/\/minsa.com.tr\/ru\/wp-json\/wp\/v2\/product_brand?post=2548"},{"taxonomy":"product_cat","embeddable":true,"href":"https:\/\/minsa.com.tr\/ru\/wp-json\/wp\/v2\/product_cat?post=2548"},{"taxonomy":"product_tag","embeddable":true,"href":"https:\/\/minsa.com.tr\/ru\/wp-json\/wp\/v2\/product_tag?post=2548"}],"curies":[{"name":"wp","href":"https:\/\/api.w.org\/{rel}","templated":true}]}}