{"id":2398,"date":"2024-12-31T07:14:32","date_gmt":"2024-12-31T07:14:32","guid":{"rendered":"https:\/\/minsa.com.tr\/?post_type=product&#038;p=2398"},"modified":"2024-12-31T07:21:26","modified_gmt":"2024-12-31T07:21:26","slug":"yavrulu-baza","status":"publish","type":"product","link":"https:\/\/minsa.com.tr\/ru\/product\/yavrulu-baza\/","title":{"rendered":"\u0411\u0430\u0437\u0430 \u0441 \u0434\u0435\u0442\u0435\u043d\u044b\u0448\u0430\u043c\u0438"},"content":{"rendered":"","protected":false},"excerpt":{"rendered":"<div class=\"product-model-list pml-padding col-sm-4\">\u0411\u043b\u0430\u0433\u043e\u0434\u0430\u0440\u044f \u0434\u043e\u043f\u043e\u043b\u043d\u0438\u0442\u0435\u043b\u044c\u043d\u043e\u0439 \u043a\u0440\u043e\u0432\u0430\u0442\u0438, \u043a\u043e\u0442\u043e\u0440\u0430\u044f \u0432\u044b\u0434\u0432\u0438\u0433\u0430\u0435\u0442\u0441\u044f \u0438\u0437 \u0432\u044b\u0434\u0432\u0438\u0436\u043d\u043e\u0433\u043e \u044f\u0449\u0438\u043a\u0430, \u043e\u043d\u0430 \u043c\u043e\u0436\u0435\u0442 \u043f\u0440\u0435\u0432\u0440\u0430\u0449\u0430\u0442\u044c\u0441\u044f \u0432 \u0434\u0432\u0443\u0441\u043f\u0430\u043b\u044c\u043d\u0443\u044e \u043a\u0440\u043e\u0432\u0430\u0442\u044c, \u043a\u043e\u0433\u0434\u0430 \u0432\u0430\u043c \u044d\u0442\u043e \u043d\u0443\u0436\u043d\u043e, \u0438 \u0432 \u043e\u0434\u043d\u043e\u0441\u043f\u0430\u043b\u044c\u043d\u0443\u044e, \u043a\u043e\u0433\u0434\u0430 \u0432\u0430\u043c \u044d\u0442\u043e \u043d\u0443\u0436\u043d\u043e, \u0447\u0442\u043e \u043f\u043e\u0437\u0432\u043e\u043b\u044f\u0435\u0442 \u0441\u044d\u043a\u043e\u043d\u043e\u043c\u0438\u0442\u044c \u043c\u0435\u0441\u0442\u043e \u0432 \u0436\u0438\u043b\u044b\u0445 \u043f\u043e\u043c\u0435\u0449\u0435\u043d\u0438\u044f\u0445. <\/p>\n<p>Holiday Deluxe Yavrulu Baza; Kuma\u015f deri ve yatak yan kuma\u015f\u0131 se\u00e7ene\u011fi ile odan\u0131za estetik bir g\u00f6r\u00fcn\u00fcm kazand\u0131r\u0131yor. Bellona Holiday Deluxe Yavrulu Baza ile hemen tan\u0131\u015f\u0131n, tek bazayla \u00e7ifte rahatl\u0131k ya\u015fay\u0131n.<\/p><\/div>\n<p>&nbsp;<\/p>","protected":false},"featured_media":2401,"comment_status":"open","ping_status":"closed","template":"","meta":[],"product_brand":[],"product_cat":[231,214],"product_tag":[],"class_list":{"0":"post-2398","1":"product","2":"type-product","3":"status-publish","4":"has-post-thumbnail","6":"product_cat-extra-yataklar-ve-silteler","7":"product_cat-yataklar-ve-kanepeler","9":"first","10":"instock","11":"shipping-taxable","12":"product-type-simple"},"_links":{"self":[{"href":"https:\/\/minsa.com.tr\/ru\/wp-json\/wp\/v2\/product\/2398","targetHints":{"allow":["GET"]}}],"collection":[{"href":"https:\/\/minsa.com.tr\/ru\/wp-json\/wp\/v2\/product"}],"about":[{"href":"https:\/\/minsa.com.tr\/ru\/wp-json\/wp\/v2\/types\/product"}],"replies":[{"embeddable":true,"href":"https:\/\/minsa.com.tr\/ru\/wp-json\/wp\/v2\/comments?post=2398"}],"version-history":[{"count":0,"href":"https:\/\/minsa.com.tr\/ru\/wp-json\/wp\/v2\/product\/2398\/revisions"}],"wp:featuredmedia":[{"embeddable":true,"href":"https:\/\/minsa.com.tr\/ru\/wp-json\/wp\/v2\/media\/2401"}],"wp:attachment":[{"href":"https:\/\/minsa.com.tr\/ru\/wp-json\/wp\/v2\/media?parent=2398"}],"wp:term":[{"taxonomy":"product_brand","embeddable":true,"href":"https:\/\/minsa.com.tr\/ru\/wp-json\/wp\/v2\/product_brand?post=2398"},{"taxonomy":"product_cat","embeddable":true,"href":"https:\/\/minsa.com.tr\/ru\/wp-json\/wp\/v2\/product_cat?post=2398"},{"taxonomy":"product_tag","embeddable":true,"href":"https:\/\/minsa.com.tr\/ru\/wp-json\/wp\/v2\/product_tag?post=2398"}],"curies":[{"name":"wp","href":"https:\/\/api.w.org\/{rel}","templated":true}]}}