{"id":2397,"date":"2024-12-31T07:14:31","date_gmt":"2024-12-31T07:14:31","guid":{"rendered":"https:\/\/minsa.com.tr\/?post_type=product&#038;p=2397"},"modified":"2025-02-03T09:01:14","modified_gmt":"2025-02-03T09:01:14","slug":"easy-katlanir-somya","status":"publish","type":"product","link":"https:\/\/minsa.com.tr\/ru\/product\/easy-katlanir-somya\/","title":{"rendered":"\u041b\u0435\u0433\u043a\u0430\u044f \u0441\u043a\u043b\u0430\u0434\u043d\u0430\u044f \u043a\u0440\u043e\u0432\u0430\u0442\u044c"},"content":{"rendered":"","protected":false},"excerpt":{"rendered":"<div class=\"product-model-list pml-padding col-sm-4\">Katlanabilen somyas\u0131 ve yata\u011f\u0131 ile Easy Katlan\u0131r Yatak \/ Somya , 11 cm yatak y\u00fcksekli\u011finde ve 90&#215;190 \u00f6l\u00e7\u00fcde tasarlanm\u0131\u015ft\u0131r. Yays\u0131z iki par\u00e7a flexi s\u00fcngerden olu\u015fmaktad\u0131r. \u00dcst kuma\u015f\u0131 \u00f6rg\u00fc, alt ve yan kenar kuma\u015flar\u0131 dokumad\u0131r. Siyah metal mekanizma kullan\u0131larak tasarlanan \u00fcr\u00fcn\u00fcm\u00fcz, pratik kullan\u0131m avantaj\u0131n\u0131n yan\u0131s\u0131ra \u015f\u0131k tasar\u0131m\u0131, fonksiyonelli\u011fi maksimuma \u00e7\u0131kar\u0131p, farkl\u0131 ihtiya\u00e7lara cevap verebiliyor.<\/div>\n<p>&nbsp;<\/p>","protected":false},"featured_media":2506,"comment_status":"open","ping_status":"closed","template":"","meta":[],"product_brand":[],"product_cat":[231,214],"product_tag":[],"class_list":{"0":"post-2397","1":"product","2":"type-product","3":"status-publish","4":"has-post-thumbnail","6":"product_cat-extra-yataklar-ve-silteler","7":"product_cat-yataklar-ve-kanepeler","9":"first","10":"instock","11":"shipping-taxable","12":"product-type-simple"},"_links":{"self":[{"href":"https:\/\/minsa.com.tr\/ru\/wp-json\/wp\/v2\/product\/2397","targetHints":{"allow":["GET"]}}],"collection":[{"href":"https:\/\/minsa.com.tr\/ru\/wp-json\/wp\/v2\/product"}],"about":[{"href":"https:\/\/minsa.com.tr\/ru\/wp-json\/wp\/v2\/types\/product"}],"replies":[{"embeddable":true,"href":"https:\/\/minsa.com.tr\/ru\/wp-json\/wp\/v2\/comments?post=2397"}],"version-history":[{"count":0,"href":"https:\/\/minsa.com.tr\/ru\/wp-json\/wp\/v2\/product\/2397\/revisions"}],"wp:featuredmedia":[{"embeddable":true,"href":"https:\/\/minsa.com.tr\/ru\/wp-json\/wp\/v2\/media\/2506"}],"wp:attachment":[{"href":"https:\/\/minsa.com.tr\/ru\/wp-json\/wp\/v2\/media?parent=2397"}],"wp:term":[{"taxonomy":"product_brand","embeddable":true,"href":"https:\/\/minsa.com.tr\/ru\/wp-json\/wp\/v2\/product_brand?post=2397"},{"taxonomy":"product_cat","embeddable":true,"href":"https:\/\/minsa.com.tr\/ru\/wp-json\/wp\/v2\/product_cat?post=2397"},{"taxonomy":"product_tag","embeddable":true,"href":"https:\/\/minsa.com.tr\/ru\/wp-json\/wp\/v2\/product_tag?post=2397"}],"curies":[{"name":"wp","href":"https:\/\/api.w.org\/{rel}","templated":true}]}}