{"id":2258,"date":"2024-12-30T06:55:57","date_gmt":"2024-12-30T06:55:57","guid":{"rendered":"https:\/\/minsa.com.tr\/?post_type=product&#038;p=2258"},"modified":"2024-12-30T07:02:12","modified_gmt":"2024-12-30T07:02:12","slug":"otel-tipi-katlanir-bebek-yatagi","status":"publish","type":"product","link":"https:\/\/minsa.com.tr\/ru\/product\/otel-tipi-katlanir-bebek-yatagi\/","title":{"rendered":"\u0421\u043a\u043b\u0430\u0434\u043d\u0430\u044f \u0434\u0435\u0442\u0441\u043a\u0430\u044f \u043a\u0440\u043e\u0432\u0430\u0442\u043a\u0430 \u0442\u0438\u043f\u0430 \u00ab\u043e\u0442\u0435\u043b\u044c\u00bb"},"content":{"rendered":"","protected":false},"excerpt":{"rendered":"<div class=\"product-model-list pml-padding col-sm-4\">\n<ul class=\"kurutma\">\n<li>\u00dcr\u00fcn \u00d6zellikleri : 60x120x81 &#8211; 70x110x81<\/li>\n<li>\u00dcr\u00fcn A\u011f\u0131rl\u0131\u011f\u0131: 11.5 kg<\/li>\n<li>Renk : K\u0131rm\u0131z\u0131 &#8211; Gri &#8211; Mavi<\/li>\n<li>Katlanabilirlik : Var<\/li>\n<\/ul>\n<\/div>","protected":false},"featured_media":2259,"comment_status":"open","ping_status":"closed","template":"","meta":[],"product_brand":[],"product_cat":[340],"product_tag":[],"class_list":{"0":"post-2258","1":"product","2":"type-product","3":"status-publish","4":"has-post-thumbnail","6":"product_cat-diger","8":"first","9":"instock","10":"shipping-taxable","11":"product-type-simple"},"_links":{"self":[{"href":"https:\/\/minsa.com.tr\/ru\/wp-json\/wp\/v2\/product\/2258","targetHints":{"allow":["GET"]}}],"collection":[{"href":"https:\/\/minsa.com.tr\/ru\/wp-json\/wp\/v2\/product"}],"about":[{"href":"https:\/\/minsa.com.tr\/ru\/wp-json\/wp\/v2\/types\/product"}],"replies":[{"embeddable":true,"href":"https:\/\/minsa.com.tr\/ru\/wp-json\/wp\/v2\/comments?post=2258"}],"version-history":[{"count":0,"href":"https:\/\/minsa.com.tr\/ru\/wp-json\/wp\/v2\/product\/2258\/revisions"}],"wp:featuredmedia":[{"embeddable":true,"href":"https:\/\/minsa.com.tr\/ru\/wp-json\/wp\/v2\/media\/2259"}],"wp:attachment":[{"href":"https:\/\/minsa.com.tr\/ru\/wp-json\/wp\/v2\/media?parent=2258"}],"wp:term":[{"taxonomy":"product_brand","embeddable":true,"href":"https:\/\/minsa.com.tr\/ru\/wp-json\/wp\/v2\/product_brand?post=2258"},{"taxonomy":"product_cat","embeddable":true,"href":"https:\/\/minsa.com.tr\/ru\/wp-json\/wp\/v2\/product_cat?post=2258"},{"taxonomy":"product_tag","embeddable":true,"href":"https:\/\/minsa.com.tr\/ru\/wp-json\/wp\/v2\/product_tag?post=2258"}],"curies":[{"name":"wp","href":"https:\/\/api.w.org\/{rel}","templated":true}]}}