{"id":2096,"date":"2024-12-27T09:00:49","date_gmt":"2024-12-27T09:00:49","guid":{"rendered":"https:\/\/minsa.com.tr\/?post_type=product&#038;p=2096"},"modified":"2026-04-13T09:12:44","modified_gmt":"2026-04-13T09:12:44","slug":"grundig-sac-kurutma","status":"publish","type":"product","link":"https:\/\/minsa.com.tr\/ru\/product\/grundig-sac-kurutma\/","title":{"rendered":"\u0424\u0415\u041d GRUNDIG"},"content":{"rendered":"","protected":false},"excerpt":{"rendered":"<div class=\"product-model-list pml-padding col-sm-4\">\n<ul class=\"kurutma\">\n<li>2200 W<\/li>\n<li>\u0130yon \u00d6zelli\u011fi<\/li>\n<li>2 Seviyeli H\u0131z Ayar\u0131<\/li>\n<li>3 Seviyeli Is\u0131tma<\/li>\n<li>Siyah \/ Gri \u00dcr\u00fcn Rengi<\/li>\n<li>DC Motor Tipi<\/li>\n<li>Seramik Izgara<\/li>\n<li>Cool Shot<\/li>\n<li>Seramik Hava \u00c7\u0131k\u0131\u015f Izgara Kaplamas\u0131<\/li>\n<li>\u015eekillendirici Meme<\/li>\n<\/ul>\n<\/div>","protected":false},"featured_media":3849,"comment_status":"open","ping_status":"closed","template":"","meta":[],"product_brand":[],"product_cat":[176],"product_tag":[],"class_list":{"0":"post-2096","1":"product","2":"type-product","3":"status-publish","4":"has-post-thumbnail","6":"product_cat-sac-kurutma","8":"first","9":"instock","10":"shipping-taxable","11":"product-type-simple"},"_links":{"self":[{"href":"https:\/\/minsa.com.tr\/ru\/wp-json\/wp\/v2\/product\/2096","targetHints":{"allow":["GET"]}}],"collection":[{"href":"https:\/\/minsa.com.tr\/ru\/wp-json\/wp\/v2\/product"}],"about":[{"href":"https:\/\/minsa.com.tr\/ru\/wp-json\/wp\/v2\/types\/product"}],"replies":[{"embeddable":true,"href":"https:\/\/minsa.com.tr\/ru\/wp-json\/wp\/v2\/comments?post=2096"}],"version-history":[{"count":2,"href":"https:\/\/minsa.com.tr\/ru\/wp-json\/wp\/v2\/product\/2096\/revisions"}],"predecessor-version":[{"id":3854,"href":"https:\/\/minsa.com.tr\/ru\/wp-json\/wp\/v2\/product\/2096\/revisions\/3854"}],"wp:featuredmedia":[{"embeddable":true,"href":"https:\/\/minsa.com.tr\/ru\/wp-json\/wp\/v2\/media\/3849"}],"wp:attachment":[{"href":"https:\/\/minsa.com.tr\/ru\/wp-json\/wp\/v2\/media?parent=2096"}],"wp:term":[{"taxonomy":"product_brand","embeddable":true,"href":"https:\/\/minsa.com.tr\/ru\/wp-json\/wp\/v2\/product_brand?post=2096"},{"taxonomy":"product_cat","embeddable":true,"href":"https:\/\/minsa.com.tr\/ru\/wp-json\/wp\/v2\/product_cat?post=2096"},{"taxonomy":"product_tag","embeddable":true,"href":"https:\/\/minsa.com.tr\/ru\/wp-json\/wp\/v2\/product_tag?post=2096"}],"curies":[{"name":"wp","href":"https:\/\/api.w.org\/{rel}","templated":true}]}}