{"id":2093,"date":"2024-12-27T08:50:35","date_gmt":"2024-12-27T08:50:35","guid":{"rendered":"https:\/\/minsa.com.tr\/?post_type=product&#038;p=2093"},"modified":"2026-04-13T09:12:34","modified_gmt":"2026-04-13T09:12:34","slug":"jwd-sac-kurutma","status":"publish","type":"product","link":"https:\/\/minsa.com.tr\/ru\/product\/jwd-sac-kurutma\/","title":{"rendered":"\u0424\u0415\u041d \u0414\u041b\u042f \u0412\u041e\u041b\u041e\u0421 JWD"},"content":{"rendered":"","protected":false},"excerpt":{"rendered":"<div class=\"product-model-list pml-padding col-sm-4\">\n<ul class=\"kurutma\">\n<li>1200 W<\/li>\n<li>On\/Off tu\u015fu<\/li>\n<li>110\/220 Tra\u015f Soketi<\/li>\n<li>Bas \/ \u00c7ek D\u00fc\u011fmesi<\/li>\n<li>2 Seviyeli Is\u0131tma<\/li>\n<\/ul>\n<\/div>","protected":false},"featured_media":2094,"comment_status":"open","ping_status":"closed","template":"","meta":[],"product_brand":[],"product_cat":[176],"product_tag":[],"class_list":{"0":"post-2093","1":"product","2":"type-product","3":"status-publish","4":"has-post-thumbnail","6":"product_cat-sac-kurutma","8":"first","9":"instock","10":"shipping-taxable","11":"product-type-simple"},"_links":{"self":[{"href":"https:\/\/minsa.com.tr\/ru\/wp-json\/wp\/v2\/product\/2093","targetHints":{"allow":["GET"]}}],"collection":[{"href":"https:\/\/minsa.com.tr\/ru\/wp-json\/wp\/v2\/product"}],"about":[{"href":"https:\/\/minsa.com.tr\/ru\/wp-json\/wp\/v2\/types\/product"}],"replies":[{"embeddable":true,"href":"https:\/\/minsa.com.tr\/ru\/wp-json\/wp\/v2\/comments?post=2093"}],"version-history":[{"count":1,"href":"https:\/\/minsa.com.tr\/ru\/wp-json\/wp\/v2\/product\/2093\/revisions"}],"predecessor-version":[{"id":3857,"href":"https:\/\/minsa.com.tr\/ru\/wp-json\/wp\/v2\/product\/2093\/revisions\/3857"}],"wp:featuredmedia":[{"embeddable":true,"href":"https:\/\/minsa.com.tr\/ru\/wp-json\/wp\/v2\/media\/2094"}],"wp:attachment":[{"href":"https:\/\/minsa.com.tr\/ru\/wp-json\/wp\/v2\/media?parent=2093"}],"wp:term":[{"taxonomy":"product_brand","embeddable":true,"href":"https:\/\/minsa.com.tr\/ru\/wp-json\/wp\/v2\/product_brand?post=2093"},{"taxonomy":"product_cat","embeddable":true,"href":"https:\/\/minsa.com.tr\/ru\/wp-json\/wp\/v2\/product_cat?post=2093"},{"taxonomy":"product_tag","embeddable":true,"href":"https:\/\/minsa.com.tr\/ru\/wp-json\/wp\/v2\/product_tag?post=2093"}],"curies":[{"name":"wp","href":"https:\/\/api.w.org\/{rel}","templated":true}]}}