{"id":2074,"date":"2024-12-27T09:01:52","date_gmt":"2024-12-27T09:01:52","guid":{"rendered":"https:\/\/minsa.com.tr\/?post_type=product&#038;p=2074"},"modified":"2024-12-27T09:04:17","modified_gmt":"2024-12-27T09:04:17","slug":"servis-arabasi-bp-spp-0109-150-kopya","status":"publish","type":"product","link":"https:\/\/minsa.com.tr\/ru\/product\/servis-arabasi-bp-spp-0109-150-kopya\/","title":{"rendered":"\u0421\u0435\u0440\u0432\u0438\u0441\u043d\u044b\u0439 \u0430\u0432\u0442\u043e\u043c\u043e\u0431\u0438\u043b\u044c BP SPP 0109 150"},"content":{"rendered":"","protected":false},"excerpt":{"rendered":"<div class=\"product-model-list pml-padding col-sm-4\">\n<ul>\n<li><img decoding=\"async\" title=\"\u0420\u0430\u0437\u043c\u0435\u0440 \u043f\u0440\u043e\u0434\u0443\u043a\u0442\u0430 (\u0412 x \u0428 x \u0413) \u043c\u043c\" src=\"\/Content\/UserFiles\/Assortment\/Orjinal\/dis-olculer-3j858.png\" alt=\"\u0420\u0430\u0437\u043c\u0435\u0440 \u043f\u0440\u043e\u0434\u0443\u043a\u0442\u0430 (\u0412 x \u0428 x \u0413) \u043c\u043c\" \/>\u00dcr\u00fcn \u00f6l\u00e7\u00fcs\u00fc\u00a0 53 x 80 x 113 cm<\/li>\n<li><img decoding=\"async\" title=\"\u0427\u0438\u0441\u0442\u044b\u0439 \u0432\u0435\u0441\" src=\"\/Content\/UserFiles\/Assortment\/Orjinal\/net-agirlik-4i004.png\" alt=\"\u0427\u0438\u0441\u0442\u044b\u0439 \u0432\u0435\u0441\" \/>Net A\u011f\u0131rl\u0131k 11 kg<\/li>\n<\/ul>\n<\/div>","protected":false},"featured_media":2083,"comment_status":"open","ping_status":"closed","template":"","meta":[],"product_brand":[],"product_cat":[335],"product_tag":[],"class_list":{"0":"post-2074","1":"product","2":"type-product","3":"status-publish","4":"has-post-thumbnail","6":"product_cat-temizlik-servis-minibar-ve-kat-arabalari","8":"first","9":"instock","10":"shipping-taxable","11":"product-type-simple"},"_links":{"self":[{"href":"https:\/\/minsa.com.tr\/ru\/wp-json\/wp\/v2\/product\/2074","targetHints":{"allow":["GET"]}}],"collection":[{"href":"https:\/\/minsa.com.tr\/ru\/wp-json\/wp\/v2\/product"}],"about":[{"href":"https:\/\/minsa.com.tr\/ru\/wp-json\/wp\/v2\/types\/product"}],"replies":[{"embeddable":true,"href":"https:\/\/minsa.com.tr\/ru\/wp-json\/wp\/v2\/comments?post=2074"}],"version-history":[{"count":0,"href":"https:\/\/minsa.com.tr\/ru\/wp-json\/wp\/v2\/product\/2074\/revisions"}],"wp:featuredmedia":[{"embeddable":true,"href":"https:\/\/minsa.com.tr\/ru\/wp-json\/wp\/v2\/media\/2083"}],"wp:attachment":[{"href":"https:\/\/minsa.com.tr\/ru\/wp-json\/wp\/v2\/media?parent=2074"}],"wp:term":[{"taxonomy":"product_brand","embeddable":true,"href":"https:\/\/minsa.com.tr\/ru\/wp-json\/wp\/v2\/product_brand?post=2074"},{"taxonomy":"product_cat","embeddable":true,"href":"https:\/\/minsa.com.tr\/ru\/wp-json\/wp\/v2\/product_cat?post=2074"},{"taxonomy":"product_tag","embeddable":true,"href":"https:\/\/minsa.com.tr\/ru\/wp-json\/wp\/v2\/product_tag?post=2074"}],"curies":[{"name":"wp","href":"https:\/\/api.w.org\/{rel}","templated":true}]}}