{"id":2029,"date":"2024-12-27T08:08:44","date_gmt":"2024-12-27T08:08:44","guid":{"rendered":"https:\/\/minsa.com.tr\/?post_type=product&#038;p=2029"},"modified":"2024-12-27T08:29:30","modified_gmt":"2024-12-27T08:29:30","slug":"otel-tipi-sabit-baza","status":"publish","type":"product","link":"https:\/\/minsa.com.tr\/ru\/product\/otel-tipi-sabit-baza\/","title":{"rendered":"\u041e\u0422\u0415\u041b\u042c\u041d\u042b\u0419 \u0422\u0418\u041f \u0421 \u0424\u0418\u041a\u0421\u0418\u0420\u041e\u0412\u0410\u041d\u041d\u041e\u0419 \u041e\u0421\u041d\u041e\u0412\u041e\u0419"},"content":{"rendered":"","protected":false},"excerpt":{"rendered":"<p>Misafirlerinizin konforu i\u00e7in tercih etmi\u015f oldu\u011funuz Bellona yataklar\u0131na uygun, yatak kuma\u015f\u0131 ve kapitone alternatifleri ile birlikte sizlere sunmu\u015f oldu\u011fumuz otel tipi sabit bazalar\u0131m\u0131z, uzun y\u0131llar sa\u011flam ve dayan\u0131kl\u0131 kullan\u0131m\u0131n\u0131z i\u00e7in tasarlanm\u0131\u015f, mukavemeti y\u00fcksek elektrostatik boyal\u0131 metal baza konstr\u00fcksiyonu kullan\u0131larak be\u011feninize sunulmu\u015ftur.<\/p>\n<p><strong>\u041e\u0414\u041d\u041e\u041c\u0415\u0421\u0422\u041d\u042b\u0419 \/ \u0414\u0412\u0423\u0425\u041c\u0415\u0421\u0422\u041d\u042b\u0419<\/strong><\/p>","protected":false},"featured_media":2044,"comment_status":"open","ping_status":"closed","template":"","meta":[],"product_brand":[],"product_cat":[219,214],"product_tag":[],"class_list":{"0":"post-2029","1":"product","2":"type-product","3":"status-publish","4":"has-post-thumbnail","6":"product_cat-otel-bazalari","7":"product_cat-yataklar-ve-kanepeler","9":"first","10":"instock","11":"shipping-taxable","12":"product-type-simple"},"_links":{"self":[{"href":"https:\/\/minsa.com.tr\/ru\/wp-json\/wp\/v2\/product\/2029","targetHints":{"allow":["GET"]}}],"collection":[{"href":"https:\/\/minsa.com.tr\/ru\/wp-json\/wp\/v2\/product"}],"about":[{"href":"https:\/\/minsa.com.tr\/ru\/wp-json\/wp\/v2\/types\/product"}],"replies":[{"embeddable":true,"href":"https:\/\/minsa.com.tr\/ru\/wp-json\/wp\/v2\/comments?post=2029"}],"version-history":[{"count":0,"href":"https:\/\/minsa.com.tr\/ru\/wp-json\/wp\/v2\/product\/2029\/revisions"}],"wp:featuredmedia":[{"embeddable":true,"href":"https:\/\/minsa.com.tr\/ru\/wp-json\/wp\/v2\/media\/2044"}],"wp:attachment":[{"href":"https:\/\/minsa.com.tr\/ru\/wp-json\/wp\/v2\/media?parent=2029"}],"wp:term":[{"taxonomy":"product_brand","embeddable":true,"href":"https:\/\/minsa.com.tr\/ru\/wp-json\/wp\/v2\/product_brand?post=2029"},{"taxonomy":"product_cat","embeddable":true,"href":"https:\/\/minsa.com.tr\/ru\/wp-json\/wp\/v2\/product_cat?post=2029"},{"taxonomy":"product_tag","embeddable":true,"href":"https:\/\/minsa.com.tr\/ru\/wp-json\/wp\/v2\/product_tag?post=2029"}],"curies":[{"name":"wp","href":"https:\/\/api.w.org\/{rel}","templated":true}]}}