{"id":1895,"date":"2024-12-25T07:23:26","date_gmt":"2024-12-25T07:23:26","guid":{"rendered":"https:\/\/minsa.com.tr\/?post_type=product&#038;p=1895"},"modified":"2025-10-20T08:30:29","modified_gmt":"2025-10-20T08:30:29","slug":"tkm-8961-a-yeni-keyf-turk-kahve-makinesi-2","status":"publish","type":"product","link":"https:\/\/minsa.com.tr\/ru\/product\/tkm-8961-a-yeni-keyf-turk-kahve-makinesi-2\/","title":{"rendered":"TKM 8961 A \u041d\u043e\u0432\u0430\u044f \u043a\u043e\u0444\u0435\u043c\u0430\u0448\u0438\u043d\u0430 Keyf Turkish Coffee Machine"},"content":{"rendered":"","protected":false},"excerpt":{"rendered":"<p>&nbsp;<\/p>\n<table border=\"1\">\n<tbody>\n<tr>\n<td>\u0130nd\u00fcksiyonlu Is\u0131tma<\/td>\n<td>\u0415\u0441\u0442\u044c<\/td>\n<\/tr>\n<tr>\n<td>\u0421\u0438\u043b\u0430<\/td>\n<td>1100 W<\/td>\n<\/tr>\n<tr>\n<td>I\u015f\u0131kl\u0131 Uyar\u0131<\/td>\n<td>\u0415\u0441\u0442\u044c<\/td>\n<\/tr>\n<tr>\n<td>Otomatik Su Al\u0131m\u0131<\/td>\n<td>\u0415\u0441\u0442\u044c<\/td>\n<\/tr>\n<tr>\n<td>\u00d6l\u00e7\u00fc Ka\u015f\u0131\u011f\u0131<\/td>\n<td>\u0415\u0441\u0442\u044c<\/td>\n<\/tr>\n<tr>\n<td>Sesli Uyar\u0131<\/td>\n<td>\u0415\u0441\u0442\u044c<\/td>\n<\/tr>\n<tr>\n<td>Cezve Malzemesi<\/td>\n<td>Paslanmaz \u00c7elik<\/td>\n<\/tr>\n<tr>\n<td>Su Tank\u0131<\/td>\n<td>\u0415\u0441\u0442\u044c<\/td>\n<\/tr>\n<tr>\n<td>\u0415\u043c\u043a\u043e\u0441\u0442\u044c \u0440\u0435\u0437\u0435\u0440\u0432\u0443\u0430\u0440\u0430 \u0434\u043b\u044f \u0432\u043e\u0434\u044b<\/td>\n<td>1.5 L<\/td>\n<\/tr>\n<tr>\n<td>Su Miktar\u0131n\u0131 Belirleme<\/td>\n<td>\u0415\u0441\u0442\u044c<\/td>\n<\/tr>\n<tr>\n<td>\u0426\u0432\u0435\u0442 \u043f\u0440\u043e\u0434\u0443\u043a\u0442\u0430<\/td>\n<td>\u0130noks \/ K\u0131rm\u0131z\u0131 \/ Siyah<\/td>\n<\/tr>\n<tr>\n<td>Cook Sense Teknolojisi (Pi\u015fmeyi Alg\u0131lama)<\/td>\n<td>\u0415\u0441\u0442\u044c<\/td>\n<\/tr>\n<tr>\n<td>Anti Spill Teknolojisi (Ta\u015fmay\u0131 \u00d6nleme)<\/td>\n<td>\u0415\u0441\u0442\u044c<\/td>\n<\/tr>\n<tr>\n<td>D\u00fc\u015f\u00fck Su Seviyesi G\u00f6stergesi<\/td>\n<td>\u0415\u0441\u0442\u044c<\/td>\n<\/tr>\n<tr>\n<td>Tek Tu\u015fla Kontrol<\/td>\n<td>\u0415\u0441\u0442\u044c<\/td>\n<\/tr>\n<tr>\n<td>Spinjet Teknolojisi (Su P\u00fcsk\u00fcrterek Kar\u0131\u015ft\u0131rma)<\/td>\n<td>\u0415\u0441\u0442\u044c<\/td>\n<\/tr>\n<tr>\n<td>Cezve Rengi<\/td>\n<td>\u0418\u043d\u043e\u043a\u0441<\/td>\n<\/tr>\n<tr>\n<td>\u0412\u043c\u0435\u0441\u0442\u0438\u043c\u043e\u0441\u0442\u044c \u0447\u0430\u0448\u043a\u0438<\/td>\n<td>6<\/td>\n<\/tr>\n<tr>\n<td>\u0412\u044b\u0431\u043e\u0440 \u0440\u0430\u0437\u043c\u0435\u0440\u0430 \u0447\u0430\u0448\u043a\u0438<\/td>\n<td>\u0415\u0441\u0442\u044c<\/td>\n<\/tr>\n<tr>\n<td>Ebatlar<\/td>\n<td>25 x 20 x 31,2 cm<\/td>\n<\/tr>\n<tr>\n<td>\u0412\u0435\u0441<\/td>\n<td>3.515 kg<\/td>\n<\/tr>\n<\/tbody>\n<\/table>","protected":false},"featured_media":3241,"comment_status":"open","ping_status":"closed","template":"","meta":[],"product_brand":[],"product_cat":[182],"product_tag":[],"class_list":{"0":"post-1895","1":"product","2":"type-product","3":"status-publish","4":"has-post-thumbnail","6":"product_cat-kahve-makineleri","8":"first","9":"instock","10":"shipping-taxable","11":"product-type-simple"},"_links":{"self":[{"href":"https:\/\/minsa.com.tr\/ru\/wp-json\/wp\/v2\/product\/1895","targetHints":{"allow":["GET"]}}],"collection":[{"href":"https:\/\/minsa.com.tr\/ru\/wp-json\/wp\/v2\/product"}],"about":[{"href":"https:\/\/minsa.com.tr\/ru\/wp-json\/wp\/v2\/types\/product"}],"replies":[{"embeddable":true,"href":"https:\/\/minsa.com.tr\/ru\/wp-json\/wp\/v2\/comments?post=1895"}],"version-history":[{"count":0,"href":"https:\/\/minsa.com.tr\/ru\/wp-json\/wp\/v2\/product\/1895\/revisions"}],"wp:featuredmedia":[{"embeddable":true,"href":"https:\/\/minsa.com.tr\/ru\/wp-json\/wp\/v2\/media\/3241"}],"wp:attachment":[{"href":"https:\/\/minsa.com.tr\/ru\/wp-json\/wp\/v2\/media?parent=1895"}],"wp:term":[{"taxonomy":"product_brand","embeddable":true,"href":"https:\/\/minsa.com.tr\/ru\/wp-json\/wp\/v2\/product_brand?post=1895"},{"taxonomy":"product_cat","embeddable":true,"href":"https:\/\/minsa.com.tr\/ru\/wp-json\/wp\/v2\/product_cat?post=1895"},{"taxonomy":"product_tag","embeddable":true,"href":"https:\/\/minsa.com.tr\/ru\/wp-json\/wp\/v2\/product_tag?post=1895"}],"curies":[{"name":"wp","href":"https:\/\/api.w.org\/{rel}","templated":true}]}}