{"id":275,"date":"2022-05-23T11:09:46","date_gmt":"2022-05-23T11:09:46","guid":{"rendered":"http:\/\/dummy.xtemos.com\/woodmart2\/megamarket-elementor\/?page_id=275"},"modified":"2025-01-27T12:20:37","modified_gmt":"2025-01-27T12:20:37","slug":"%d0%ba%d0%be%d1%80%d0%bf%d0%be%d1%80%d0%b0%d1%82%d0%b8%d0%b2%d0%bd%d1%8b%d0%b9","status":"publish","type":"page","link":"https:\/\/minsa.com.tr\/ru\/%d0%ba%d0%be%d1%80%d0%bf%d0%be%d1%80%d0%b0%d1%82%d0%b8%d0%b2%d0%bd%d1%8b%d0%b9\/","title":{"rendered":"\u041a\u043e\u0440\u043f\u043e\u0440\u0430\u0442\u0438\u0432\u043d\u044b\u0439"},"content":{"rendered":"<div data-elementor-type=\"wp-page\" data-elementor-id=\"275\" class=\"elementor elementor-275\">\n\t\t\t\t<div class=\"wd-negative-gap elementor-element elementor-element-b9b6a90 e-flex e-con-boxed e-con e-parent\" data-id=\"b9b6a90\" data-element_type=\"container\" data-e-type=\"container\">\n\t\t\t\t\t<div class=\"e-con-inner\">\n\t\t<div class=\"elementor-element elementor-element-9cbcb1a e-con-full e-flex e-con e-child\" data-id=\"9cbcb1a\" data-element_type=\"container\" data-e-type=\"container\">\n\t\t\t\t<div class=\"elementor-element elementor-element-1712b38 wd-width-100 elementor-widget elementor-widget-wd_title\" data-id=\"1712b38\" data-element_type=\"widget\" data-e-type=\"widget\" data-widget_type=\"wd_title.default\">\n\t\t\t\t<div class=\"elementor-widget-container\">\n\t\t\t\t\t\t\t<div class=\"title-wrapper wd-set-mb reset-last-child wd-title-color-default wd-title-style-default wd-title-size-large text-left\">\n\n\t\t\t\n\t\t\t<div class=\"liner-continer\">\n\t\t\t\t<p class=\"woodmart-title-container title wd-fontsize-xxl\">\u041a\u041e\u0420\u041f\u041e\u0420\u0410\u0422\u0418\u0412\u041d\u042b\u0419<\/p> \n\t\t\t\t\t\t\t<\/div>\n\n\t\t\t\t\t\t\t<div class=\"title-after_title reset-last-child wd-fontsize-s\">\n\t\t\t\t\t<p>\u0421 \u043d\u0430\u0448\u0438\u043c 20-\u043b\u0435\u0442\u043d\u0438\u043c \u043e\u043f\u044b\u0442\u043e\u043c...<\/p>\t\t\t\t<\/div>\n\t\t\t\t\t<\/div>\n\t\t\t\t\t\t<\/div>\n\t\t\t\t<\/div>\n\t\t\t\t<div class=\"elementor-element elementor-element-bd2c400 elementor-widget elementor-widget-wd_text_block\" data-id=\"bd2c400\" data-element_type=\"widget\" data-e-type=\"widget\" data-widget_type=\"wd_text_block.default\">\n\t\t\t\t<div class=\"elementor-widget-container\">\n\t\t\t\t\t\t\t<div class=\"wd-text-block reset-last-child text-left\">\n\t\t\t\n\t\t\t<blockquote><p>\u041a\u043e\u043c\u043f\u0430\u043d\u0438\u044f Minsa A.\u015e \u0431\u044b\u043b\u0430 \u043e\u0441\u043d\u043e\u0432\u0430\u043d\u0430 \u0422\u0430\u043d\u0435\u0440\u043e\u043c \u0413\u044e\u043d\u0434\u043e\u0433\u0430\u043d\u043e\u043c \u0432 \u0410\u043d\u0442\u0430\u043b\u044c\u0435 \u0438, \u0431\u043b\u0430\u0433\u043e\u0434\u0430\u0440\u044f 20-\u043b\u0435\u0442\u043d\u0435\u043c\u0443 \u043e\u043f\u044b\u0442\u0443, \u043f\u0440\u0438\u043e\u0431\u0440\u0435\u0442\u0435\u043d\u043d\u043e\u043c\u0443 \u0432 \u043a\u043e\u043c\u043f\u0430\u043d\u0438\u0438 Akpa A.\u015e, \u0440\u0430\u0431\u043e\u0442\u0430\u044e\u0449\u0435\u0439 \u0432 \u0441\u0444\u0435\u0440\u0435 \u0433\u043e\u0441\u0442\u0438\u043d\u0438\u0447\u043d\u043e\u0433\u043e \u043e\u0431\u043e\u0440\u0443\u0434\u043e\u0432\u0430\u043d\u0438\u044f, \u043f\u0440\u0435\u0434\u043e\u0441\u0442\u0430\u0432\u043b\u044f\u0435\u0442 \u043a\u0430\u0447\u0435\u0441\u0442\u0432\u0435\u043d\u043d\u044b\u0435 \u0443\u0441\u043b\u0443\u0433\u0438 \u0438 \u0448\u0438\u0440\u043e\u043a\u0438\u0439 \u0430\u0441\u0441\u043e\u0440\u0442\u0438\u043c\u0435\u043d\u0442 \u043f\u0440\u043e\u0434\u0443\u043a\u0446\u0438\u0438 \u0434\u043b\u044f \u043f\u0440\u043e\u0435\u043a\u0442\u043e\u0432 \u0432 \u0441\u0444\u0435\u0440\u0435 \u0433\u043e\u0441\u0442\u0438\u043d\u0438\u0447\u043d\u043e\u0433\u043e \u0438 \u0441\u0435\u0440\u0432\u0438\u0441\u043d\u043e\u0433\u043e \u043e\u0431\u0441\u043b\u0443\u0436\u0438\u0432\u0430\u043d\u0438\u044f, \u0432 \u0447\u0430\u0441\u0442\u043d\u043e\u0441\u0442\u0438 \u0434\u043b\u044f \u043e\u0442\u0435\u043b\u0435\u0439, \u043e\u0431\u0449\u0435\u0436\u0438\u0442\u0438\u0439 \u0438 \u0431\u043e\u043b\u044c\u043d\u0438\u0446, \u0432 \u0422\u0443\u0440\u0446\u0438\u0438, \u0421\u0435\u0432\u0435\u0440\u043d\u043e\u043c \u041a\u0438\u043f\u0440\u0435 \u0438, \u0432 \u043f\u0435\u0440\u0432\u0443\u044e \u043e\u0447\u0435\u0440\u0435\u0434\u044c, \u0432 \u0421\u0440\u0435\u0434\u0438\u0437\u0435\u043c\u043d\u043e\u043c\u043e\u0440\u0441\u043a\u043e\u043c \u0440\u0435\u0433\u0438\u043e\u043d\u0435.<\/p>\n<\/blockquote>\n\n\t\t\t\t\t<\/div>\n\t\t\t\t\t\t<\/div>\n\t\t\t\t<\/div>\n\t\t\t\t<\/div>\n\t\t<div class=\"elementor-element elementor-element-3659915 e-con-full e-flex e-con e-child\" data-id=\"3659915\" data-element_type=\"container\" data-e-type=\"container\">\n\t\t\t\t<div class=\"elementor-element elementor-element-2a0bd47 elementor-widget elementor-widget-image\" data-id=\"2a0bd47\" data-element_type=\"widget\" data-e-type=\"widget\" data-widget_type=\"image.default\">\n\t\t\t\t<div class=\"elementor-widget-container\">\n\t\t\t\t\t\t\t\t\t\t\t\t\t\t\t<img loading=\"lazy\" decoding=\"async\" width=\"960\" height=\"550\" src=\"https:\/\/minsa.com.tr\/wp-content\/uploads\/2024\/12\/royal-otel.jpg\" class=\"attachment-large size-large wp-image-1589\" alt=\"\" srcset=\"https:\/\/minsa.com.tr\/wp-content\/uploads\/2024\/12\/royal-otel.jpg 960w, https:\/\/minsa.com.tr\/wp-content\/uploads\/2024\/12\/royal-otel-300x172.jpg 300w, https:\/\/minsa.com.tr\/wp-content\/uploads\/2024\/12\/royal-otel-768x440.jpg 768w, https:\/\/minsa.com.tr\/wp-content\/uploads\/2024\/12\/royal-otel-150x86.jpg 150w\" sizes=\"auto, (max-width: 960px) 100vw, 960px\" \/>\t\t\t\t\t\t\t\t\t\t\t\t\t\t\t<\/div>\n\t\t\t\t<\/div>\n\t\t\t\t<\/div>\n\t\t\t\t\t<\/div>\n\t\t\t\t<\/div>\n\t\t<div class=\"wd-negative-gap elementor-element elementor-element-32c544c e-flex e-con-boxed e-con e-parent\" data-id=\"32c544c\" data-element_type=\"container\" data-e-type=\"container\">\n\t\t\t\t\t<div class=\"e-con-inner\">\n\t\t<div class=\"elementor-element elementor-element-a352333 e-con-full e-flex e-con e-child\" data-id=\"a352333\" data-element_type=\"container\" data-e-type=\"container\">\n\t\t\t\t<div class=\"elementor-element elementor-element-6b8fd2e elementor-widget elementor-widget-wd_text_block\" data-id=\"6b8fd2e\" data-element_type=\"widget\" data-e-type=\"widget\" data-widget_type=\"wd_text_block.default\">\n\t\t\t\t<div class=\"elementor-widget-container\">\n\t\t\t\t\t\t\t<div class=\"wd-text-block reset-last-child text-left\">\n\t\t\t\n\t\t\t<blockquote><p>\u041e\u0441\u043d\u043e\u0432\u0430\u043d\u043d\u0430\u044f \u0432 2016 \u0433\u043e\u0434\u0443 \u043a\u043e\u043c\u043f\u0430\u043d\u0438\u044f Minsa A.\u015e. \u043d\u0430\u0447\u0430\u043b\u0430 \u0441\u0432\u043e\u044e \u0434\u0435\u044f\u0442\u0435\u043b\u044c\u043d\u043e\u0441\u0442\u044c, \u0432\u043a\u043b\u044e\u0447\u0438\u0432 \u0432 \u0441\u0432\u043e\u044e \u0441\u0442\u0440\u0443\u043a\u0442\u0443\u0440\u0443 \u043e\u0444\u0438\u0446\u0438\u0430\u043b\u044c\u043d\u043e\u0435 \u043f\u0440\u0435\u0434\u0441\u0442\u0430\u0432\u0438\u0442\u0435\u043b\u044c\u0441\u0442\u0432\u043e ISM minibar \u0438 \u0434\u0438\u043b\u0435\u0440\u0441\u0442\u0432\u043e Beko Ticari Klima ve Kurumsal Sat\u0131\u015f.<\/p><p>\u041d\u0430\u0448\u0430 \u043a\u043e\u043c\u043f\u0430\u043d\u0438\u044f, \u0434\u043b\u044f \u043a\u043e\u0442\u043e\u0440\u043e\u0439 \u0443\u0434\u043e\u0432\u043b\u0435\u0442\u0432\u043e\u0440\u0435\u043d\u0438\u0435 \u043f\u043e\u0442\u0440\u0435\u0431\u043d\u043e\u0441\u0442\u0435\u0439 \u043a\u043b\u0438\u0435\u043d\u0442\u043e\u0432 \u044f\u0432\u043b\u044f\u0435\u0442\u0441\u044f \u043e\u0441\u043d\u043e\u0432\u043d\u044b\u043c \u043f\u0440\u0438\u043d\u0446\u0438\u043f\u043e\u043c, \u0441\u043b\u0435\u0434\u0438\u0442 \u0437\u0430 \u0438\u043d\u043d\u043e\u0432\u0430\u0446\u0438\u044f\u043c\u0438 \u0432 \u043e\u0442\u0440\u0430\u0441\u043b\u0438 \u0438 \u043f\u0440\u0435\u0434\u043b\u0430\u0433\u0430\u0435\u0442 \u0441\u0432\u043e\u0438\u043c \u0443\u0432\u0430\u0436\u0430\u0435\u043c\u044b\u043c \u043a\u043b\u0438\u0435\u043d\u0442\u0430\u043c \u043f\u0435\u0440\u0435\u0434\u043e\u0432\u044b\u0435 \u0431\u0440\u0435\u043d\u0434\u044b \u0438 \u043c\u043e\u0434\u0435\u043b\u0438.<\/p><p><strong><em>\u0412\u0430\u0448\u0430 \u0443\u0434\u043e\u0432\u043b\u0435\u0442\u0432\u043e\u0440\u0435\u043d\u043d\u043e\u0441\u0442\u044c \u2014 \u044d\u0442\u043e \u043d\u0430\u0448\u0430 \u0432\u044b\u0433\u043e\u0434\u0430. \u0421\u043f\u0430\u0441\u0438\u0431\u043e, \u0447\u0442\u043e \u0432\u044b\u0431\u0440\u0430\u043b\u0438 \u043d\u0430\u0441...<\/em><\/strong><\/p><\/blockquote>\n\t\t\t\t\t<\/div>\n\t\t\t\t\t\t<\/div>\n\t\t\t\t<\/div>\n\t\t\t\t<\/div>\n\t\t<div class=\"elementor-element elementor-element-7d32195 e-con-full e-flex e-con e-child\" data-id=\"7d32195\" data-element_type=\"container\" data-e-type=\"container\">\n\t\t\t\t<div class=\"elementor-element elementor-element-4d56b2b elementor-widget elementor-widget-image\" data-id=\"4d56b2b\" data-element_type=\"widget\" data-e-type=\"widget\" data-widget_type=\"image.default\">\n\t\t\t\t<div class=\"elementor-widget-container\">\n\t\t\t\t\t\t\t\t\t\t\t\t\t\t\t<img loading=\"lazy\" decoding=\"async\" width=\"960\" height=\"550\" src=\"https:\/\/minsa.com.tr\/wp-content\/uploads\/2024\/12\/tui-otel.jpg\" class=\"attachment-large size-large wp-image-1590\" alt=\"\" srcset=\"https:\/\/minsa.com.tr\/wp-content\/uploads\/2024\/12\/tui-otel.jpg 960w, https:\/\/minsa.com.tr\/wp-content\/uploads\/2024\/12\/tui-otel-300x172.jpg 300w, https:\/\/minsa.com.tr\/wp-content\/uploads\/2024\/12\/tui-otel-768x440.jpg 768w, https:\/\/minsa.com.tr\/wp-content\/uploads\/2024\/12\/tui-otel-150x86.jpg 150w\" sizes=\"auto, (max-width: 960px) 100vw, 960px\" \/>\t\t\t\t\t\t\t\t\t\t\t\t\t\t\t<\/div>\n\t\t\t\t<\/div>\n\t\t\t\t<\/div>\n\t\t\t\t\t<\/div>\n\t\t\t\t<\/div>\n\t\t\t\t<\/div>","protected":false},"excerpt":{"rendered":"<p>KURUMSAL 20 y\u0131ll\u0131k tecr\u00fcbemiz ile&#8230; Minsa A.\u015e Taner G\u00fcndo\u011fan taraf\u0131ndan Antalya da kurulmu\u015f olup otel ekipmanlar\u0131 sekt\u00f6r\u00fcndeki Akpa A.\u015e de<\/p>","protected":false},"author":1,"featured_media":0,"parent":0,"menu_order":0,"comment_status":"closed","ping_status":"closed","template":"","meta":{"footnotes":""},"class_list":["post-275","page","type-page","status-publish","hentry"],"_links":{"self":[{"href":"https:\/\/minsa.com.tr\/ru\/wp-json\/wp\/v2\/pages\/275","targetHints":{"allow":["GET"]}}],"collection":[{"href":"https:\/\/minsa.com.tr\/ru\/wp-json\/wp\/v2\/pages"}],"about":[{"href":"https:\/\/minsa.com.tr\/ru\/wp-json\/wp\/v2\/types\/page"}],"author":[{"embeddable":true,"href":"https:\/\/minsa.com.tr\/ru\/wp-json\/wp\/v2\/users\/1"}],"replies":[{"embeddable":true,"href":"https:\/\/minsa.com.tr\/ru\/wp-json\/wp\/v2\/comments?post=275"}],"version-history":[{"count":0,"href":"https:\/\/minsa.com.tr\/ru\/wp-json\/wp\/v2\/pages\/275\/revisions"}],"wp:attachment":[{"href":"https:\/\/minsa.com.tr\/ru\/wp-json\/wp\/v2\/media?parent=275"}],"curies":[{"name":"wp","href":"https:\/\/api.w.org\/{rel}","templated":true}]}}