{"id":1979,"date":"2024-12-26T11:30:40","date_gmt":"2024-12-26T11:30:40","guid":{"rendered":"https:\/\/minsa.com.tr\/?page_id=1979"},"modified":"2024-12-26T11:31:59","modified_gmt":"2024-12-26T11:31:59","slug":"%d1%82%d0%b5%d0%bb%d0%b5%d1%84%d0%be%d0%bd","status":"publish","type":"page","link":"https:\/\/minsa.com.tr\/ru\/%d1%81%d0%bf%d0%b8%d1%81%d0%be%d0%ba-%d0%b7%d0%b0%d1%80%d1%83%d0%b1%d0%b5%d0%b6%d0%bd%d1%8b%d1%85-%d1%80%d0%b5%d0%ba%d0%be%d0%bc%d0%b5%d0%bd%d0%b4%d0%b0%d1%86%d0%b8%d0%b9-%d0%bf%d0%be-%d0%ba%d0%b8\/%d1%82%d0%b5%d0%bb%d0%b5%d1%84%d0%be%d0%bd\/","title":{"rendered":"\u0422\u0435\u043b\u0435\u0444\u043e\u043d"},"content":{"rendered":"<div data-elementor-type=\"wp-page\" data-elementor-id=\"1979\" class=\"elementor elementor-1979\">\n\t\t\t\t<div class=\"wd-negative-gap elementor-element elementor-element-a22c782 e-flex e-con-boxed e-con e-parent\" data-id=\"a22c782\" data-element_type=\"container\" data-e-type=\"container\">\n\t\t\t\t\t<div class=\"e-con-inner\">\n\t\t\t\t<div class=\"elementor-element elementor-element-1b945d4 color-scheme-inherit text-left elementor-widget elementor-widget-text-editor\" data-id=\"1b945d4\" data-element_type=\"widget\" data-e-type=\"widget\" data-widget_type=\"text-editor.default\">\n\t\t\t\t<div class=\"elementor-widget-container\">\n\t\t\t\t\t\t\t\t\t<table class=\"table table-striped k-table\"><tbody><tr><td><strong>\u041d\u0410\u0417\u0412\u0410\u041d\u0418\u0415 \u041e\u0422\u0415\u041b\u042f<\/strong><\/td><td><strong>\u041f\u0420\u041e\u0414\u0423\u041a\u0422<\/strong><\/td><td><strong>\u041e\u0411\u041b\u0410\u0421\u0422\u042c \u0420\u0410\u0419\u041e\u041d<\/strong><\/td><\/tr><tr><td>\u041e\u0422\u0415\u041b\u042c \"\u0412\u041e\u041d\u0418 \u041f\u0410\u041b\u0410\u0421<\/td><td>ODA TELEFONU<\/td><td>\u041a\u0418\u041f\u0420<\/td><\/tr><\/tbody><\/table><p>\u00a0<\/p>\t\t\t\t\t\t\t\t<\/div>\n\t\t\t\t<\/div>\n\t\t\t\t\t<\/div>\n\t\t\t\t<\/div>\n\t\t\t\t<\/div>","protected":false},"excerpt":{"rendered":"<p>OTEL \u0130SM\u0130 \u00dcR\u00dcN \u0130L \u0130L\u00c7E VON\u0130 PALACE\u00a0 HOTEL ODA TELEFONU KIBRIS \u00a0<\/p>","protected":false},"author":2,"featured_media":0,"parent":1962,"menu_order":0,"comment_status":"closed","ping_status":"closed","template":"","meta":{"footnotes":""},"class_list":["post-1979","page","type-page","status-publish","hentry"],"_links":{"self":[{"href":"https:\/\/minsa.com.tr\/ru\/wp-json\/wp\/v2\/pages\/1979","targetHints":{"allow":["GET"]}}],"collection":[{"href":"https:\/\/minsa.com.tr\/ru\/wp-json\/wp\/v2\/pages"}],"about":[{"href":"https:\/\/minsa.com.tr\/ru\/wp-json\/wp\/v2\/types\/page"}],"author":[{"embeddable":true,"href":"https:\/\/minsa.com.tr\/ru\/wp-json\/wp\/v2\/users\/2"}],"replies":[{"embeddable":true,"href":"https:\/\/minsa.com.tr\/ru\/wp-json\/wp\/v2\/comments?post=1979"}],"version-history":[{"count":0,"href":"https:\/\/minsa.com.tr\/ru\/wp-json\/wp\/v2\/pages\/1979\/revisions"}],"up":[{"embeddable":true,"href":"https:\/\/minsa.com.tr\/ru\/wp-json\/wp\/v2\/pages\/1962"}],"wp:attachment":[{"href":"https:\/\/minsa.com.tr\/ru\/wp-json\/wp\/v2\/media?parent=1979"}],"curies":[{"name":"wp","href":"https:\/\/api.w.org\/{rel}","templated":true}]}}