{"id":1975,"date":"2024-12-26T11:29:08","date_gmt":"2024-12-26T11:29:08","guid":{"rendered":"https:\/\/minsa.com.tr\/?page_id=1975"},"modified":"2024-12-26T11:31:17","modified_gmt":"2024-12-26T11:31:17","slug":"%d1%81%d1%83%d1%88%d0%ba%d0%b0-%d0%bb%d0%b8%d1%81%d1%82%d0%be%d0%b2","status":"publish","type":"page","link":"https:\/\/minsa.com.tr\/ru\/%d1%81%d0%bf%d0%b8%d1%81%d0%be%d0%ba-%d0%b7%d0%b0%d1%80%d1%83%d0%b1%d0%b5%d0%b6%d0%bd%d1%8b%d1%85-%d1%80%d0%b5%d0%ba%d0%be%d0%bc%d0%b5%d0%bd%d0%b4%d0%b0%d1%86%d0%b8%d0%b9-%d0%bf%d0%be-%d0%ba%d0%b8\/%d1%81%d1%83%d1%88%d0%ba%d0%b0-%d0%bb%d0%b8%d1%81%d1%82%d0%be%d0%b2\/","title":{"rendered":"\u0421\u0443\u0448\u043a\u0430 \u0432\u043e\u043b\u043e\u0441"},"content":{"rendered":"<div data-elementor-type=\"wp-page\" data-elementor-id=\"1975\" class=\"elementor elementor-1975\">\n\t\t\t\t<div class=\"wd-negative-gap elementor-element elementor-element-a22c782 e-flex e-con-boxed e-con e-parent\" data-id=\"a22c782\" data-element_type=\"container\" data-e-type=\"container\">\n\t\t\t\t\t<div class=\"e-con-inner\">\n\t\t\t\t<div class=\"elementor-element elementor-element-1b945d4 color-scheme-inherit text-left elementor-widget elementor-widget-text-editor\" data-id=\"1b945d4\" data-element_type=\"widget\" data-e-type=\"widget\" data-widget_type=\"text-editor.default\">\n\t\t\t\t<div class=\"elementor-widget-container\">\n\t\t\t\t\t\t\t\t\t<table class=\"table table-striped k-table\"><tbody><tr><td><strong>\u041d\u0410\u0417\u0412\u0410\u041d\u0418\u0415 \u041e\u0422\u0415\u041b\u042f<\/strong><\/td><td><strong>\u041f\u0420\u041e\u0414\u0423\u041a\u0422<\/strong><\/td><td><strong>\u041e\u0411\u041b\u0410\u0421\u0422\u042c \u0420\u0410\u0419\u041e\u041d<\/strong><\/td><\/tr><tr><td>\u041e\u0422\u0415\u041b\u042c \"\u0412\u041e\u041d\u0418 \u041f\u0410\u041b\u0410\u0421<\/td><td>ISM SA\u00c7 KURUTMA<\/td><td>\u041a\u0418\u041f\u0420<\/td><\/tr><tr><td>XHEKO IMPERIAL HOTEL<\/td><td>ISM SA\u00c7 KURUTMA<\/td><td>\u0410\u0420\u041d\u0410\u0412\u0410\u0422\u0423\u0413\u0410\u041b\u0418\u042f<\/td><\/tr><tr><td>\u041e\u0422\u0415\u041b\u042c \"\u0412\u041e\u041d\u0418 \u041f\u0410\u041b\u0410\u0421<\/td><td>ISM SA\u00c7 KURUTMA<\/td><td>\u041a\u0418\u041f\u0420<\/td><\/tr><\/tbody><\/table>\t\t\t\t\t\t\t\t<\/div>\n\t\t\t\t<\/div>\n\t\t\t\t\t<\/div>\n\t\t\t\t<\/div>\n\t\t\t\t<\/div>","protected":false},"excerpt":{"rendered":"<p>OTEL \u0130SM\u0130 \u00dcR\u00dcN \u0130L \u0130L\u00c7E VON\u0130 PALACE\u00a0 HOTEL ISM SA\u00c7 KURUTMA KIBRIS XHEKO \u0130MPER\u0130AL HOTEL ISM SA\u00c7 KURUTMA ARNAVUTLUK VON\u0130<\/p>","protected":false},"author":2,"featured_media":0,"parent":1962,"menu_order":0,"comment_status":"closed","ping_status":"closed","template":"","meta":{"footnotes":""},"class_list":["post-1975","page","type-page","status-publish","hentry"],"_links":{"self":[{"href":"https:\/\/minsa.com.tr\/ru\/wp-json\/wp\/v2\/pages\/1975","targetHints":{"allow":["GET"]}}],"collection":[{"href":"https:\/\/minsa.com.tr\/ru\/wp-json\/wp\/v2\/pages"}],"about":[{"href":"https:\/\/minsa.com.tr\/ru\/wp-json\/wp\/v2\/types\/page"}],"author":[{"embeddable":true,"href":"https:\/\/minsa.com.tr\/ru\/wp-json\/wp\/v2\/users\/2"}],"replies":[{"embeddable":true,"href":"https:\/\/minsa.com.tr\/ru\/wp-json\/wp\/v2\/comments?post=1975"}],"version-history":[{"count":0,"href":"https:\/\/minsa.com.tr\/ru\/wp-json\/wp\/v2\/pages\/1975\/revisions"}],"up":[{"embeddable":true,"href":"https:\/\/minsa.com.tr\/ru\/wp-json\/wp\/v2\/pages\/1962"}],"wp:attachment":[{"href":"https:\/\/minsa.com.tr\/ru\/wp-json\/wp\/v2\/media?parent=1975"}],"curies":[{"name":"wp","href":"https:\/\/api.w.org\/{rel}","templated":true}]}}