{"id":1970,"date":"2024-12-26T11:28:14","date_gmt":"2024-12-26T11:28:14","guid":{"rendered":"https:\/\/minsa.com.tr\/?page_id=1970"},"modified":"2024-12-26T11:28:40","modified_gmt":"2024-12-26T11:28:40","slug":"%d0%bc%d0%b8%d0%bd%d0%b8-%d0%b1%d0%b0%d1%80%d1%8b","status":"publish","type":"page","link":"https:\/\/minsa.com.tr\/ru\/%d1%81%d0%bf%d0%b8%d1%81%d0%be%d0%ba-%d0%b7%d0%b0%d1%80%d1%83%d0%b1%d0%b5%d0%b6%d0%bd%d1%8b%d1%85-%d1%80%d0%b5%d0%ba%d0%be%d0%bc%d0%b5%d0%bd%d0%b4%d0%b0%d1%86%d0%b8%d0%b9-%d0%bf%d0%be-%d0%ba%d0%b8\/%d0%bc%d0%b8%d0%bd%d0%b8-%d0%b1%d0%b0%d1%80%d1%8b\/","title":{"rendered":"\u041c\u0438\u043d\u0438-\u0431\u0430\u0440\u044b"},"content":{"rendered":"<div data-elementor-type=\"wp-page\" data-elementor-id=\"1970\" class=\"elementor elementor-1970\">\n\t\t\t\t<div class=\"wd-negative-gap elementor-element elementor-element-a22c782 e-flex e-con-boxed e-con e-parent\" data-id=\"a22c782\" data-element_type=\"container\" data-e-type=\"container\">\n\t\t\t\t\t<div class=\"e-con-inner\">\n\t\t\t\t<div class=\"elementor-element elementor-element-1b945d4 color-scheme-inherit text-left elementor-widget elementor-widget-text-editor\" data-id=\"1b945d4\" data-element_type=\"widget\" data-e-type=\"widget\" data-widget_type=\"text-editor.default\">\n\t\t\t\t<div class=\"elementor-widget-container\">\n\t\t\t\t\t\t\t\t\t<table class=\"table table-striped k-table\"><tbody><tr><td><strong>\u041d\u0410\u0417\u0412\u0410\u041d\u0418\u0415 \u041e\u0422\u0415\u041b\u042f<\/strong><\/td><td><strong>\u041f\u0420\u041e\u0414\u0423\u041a\u0422<\/strong><\/td><td><strong>\u041e\u0411\u041b\u0410\u0421\u0422\u042c \u0420\u0410\u0419\u041e\u041d<\/strong><\/td><\/tr><tr><td>LI\u0307MAK CYPRUS DELUXE HOTEL<\/td><td>ISM MINIBAR<\/td><td>\u041a\u0418\u041f\u0420<\/td><\/tr><tr><td>\u041b\u041e\u0420\u0414 \u041f\u0410\u041b\u0410\u0421 \u041e\u0422\u0415\u041b\u042c<\/td><td>ISM MINIBAR<\/td><td>\u041a\u0418\u041f\u0420<\/td><\/tr><tr><td>\u041a\u0420\u0410\u0422\u041e\u0421 \u041f\u0420\u0415\u041c\u0418\u0423\u041c \u041e\u0422\u0415\u041b\u042c<\/td><td>ISM MINIBAR<\/td><td>\u041a\u0418\u041f\u0420<\/td><\/tr><tr><td>\u041e\u0422\u0415\u041b\u042c \u041a\u0410\u0419\u042f \u0410\u0420\u0422\u0415\u0421\u041c\u0418\u00a0<\/td><td>ISM MINIBAR<\/td><td>\u041a\u0418\u041f\u0420<\/td><\/tr><tr><td>\u041e\u0422\u0415\u041b\u042c \"\u041c\u0415\u0420\u0418\u0422\u00a0<\/td><td>ISM MINIBAR<\/td><td>\u041a\u0418\u041f\u0420<\/td><\/tr><tr><td>\u041e\u0422\u0415\u041b\u042c \u041c\u0410\u041b\u042c\u041f\u0410\u0421\u00a0<\/td><td>ISM MINIBAR<\/td><td>\u041a\u0418\u041f\u0420<\/td><\/tr><tr><td>\u041a\u0418\u041f\u0420\u0421\u041a\u0418\u0419 \u041e\u0422\u0415\u041b\u042c \u041f\u0420\u0415\u041c\u0418\u0423\u041c-\u041a\u041b\u0410\u0421\u0421\u0410\u00a0<\/td><td>ISM MINIBAR<\/td><td>\u041a\u0418\u041f\u0420<\/td><\/tr><tr><td>\u0410\u0420\u0422-\u041e\u0422\u0415\u041b\u042c\u00a0<\/td><td>ISM MINIBAR<\/td><td>\u041d\u0418\u0414\u0415\u0420\u041b\u0410\u041d\u0414\u042b<\/td><\/tr><tr><td>\u041e\u0422\u0415\u041b\u042c LES AMBASSADEURS<\/td><td>ISM MINIBAR<\/td><td>\u041a\u0418\u041f\u0420<\/td><\/tr><tr><td>\u0410\u041a \u041f\u0410\u041b\u0410\u0421 \u041e\u0422\u0415\u041b\u042c\u00a0<\/td><td>ISM MINIBAR<\/td><td>GIRNE<\/td><\/tr><tr><td>\u041a\u041e\u041d\u041a\u041e\u0420\u0414 \u041b\u042e\u041a\u0421 \u041e\u0422\u0415\u041b\u042c<\/td><td>ISM MINIBAR<\/td><td>\u041a\u0418\u041f\u0420<\/td><\/tr><tr><td>VONI\u0307 PALACE HOTEL<\/td><td>ISM MINIBAR<\/td><td>\u041a\u0418\u041f\u0420<\/td><\/tr><tr><td>XHEKO IMPERIAL HOTEL<\/td><td>ISM MINIBAR<\/td><td>\u0410\u0420\u041d\u0410\u0412\u0410\u0422\u0423\u0413\u0410\u041b\u0418\u042f<\/td><\/tr><tr><td>\u041e\u0422\u0415\u041b\u042c LES AMBASSADEURS<\/td><td>ISM MINIBAR<\/td><td>\u041a\u0418\u041f\u0420<\/td><\/tr><tr><td>\u0410\u041a \u041f\u0410\u041b\u0410\u0421 \u041e\u0422\u0415\u041b\u042c<\/td><td>ISM MINIBAR<\/td><td>\u0412\u0418\u0420\u0414\u0416\u0418\u041d\u0418\u042f \/\u041a\u0411\u0420\u0418\u0421<\/td><\/tr><tr><td>LI\u0307MAK CYPRUS DELUXE HOTEL<\/td><td>ISM MINIBAR<\/td><td>\u041a\u0418\u041f\u0420<\/td><\/tr><tr><td>\u0420\u041e\u0421\u041a\u041e\u0428\u041d\u042b\u0419 \u041a\u0423\u0420\u041e\u0420\u0422\u041d\u042b\u0419 \u041e\u0422\u0415\u041b\u042c \u041a\u041e\u041d\u041a\u041e\u0420\u0414<\/td><td>ISM MINIBAR<\/td><td>\u041a\u0418\u041f\u0420<\/td><\/tr><tr><td>\u0421\u041a\u0410\u041b\u0410 \u0410\u0420\u0422\u0415\u041c\u0418\u0414\u0410<\/td><td>ISM MINIBAR<\/td><td>\u041a\u0418\u041f\u0420<\/td><\/tr><tr><td>\u041b\u041e\u0420\u0414 \u041f\u0410\u041b\u0410\u0421 \u041e\u0422\u0415\u041b\u042c<\/td><td>ISM MINIBAR<\/td><td>\u041a\u0418\u041f\u0420<\/td><\/tr><tr><td>\u041e\u0422\u0415\u041b\u042c \"\u0412\u041e\u041d\u0418 \u041f\u0410\u041b\u0410\u0421<\/td><td>ISM MINIBAR<\/td><td>\u041a\u0418\u041f\u0420<\/td><\/tr><tr><td>CRATOS PREMIUM\u00a0<\/td><td>ISM MINIBAR<\/td><td>\u0412\u0418\u0420\u0414\u0416\u0418\u041d\u0418\u042f\/\u041a\u0418\u041f\u0420<\/td><\/tr><tr><td>XHEKO IMPERIAL HOTEL<\/td><td>ISM MINIBAR<\/td><td>\u0410\u0420\u041d\u0410\u0412\u0410\u0422\u0423\u0413\u0410\u041b\u0418\u042f<\/td><\/tr><\/tbody><\/table>\t\t\t\t\t\t\t\t<\/div>\n\t\t\t\t<\/div>\n\t\t\t\t\t<\/div>\n\t\t\t\t<\/div>\n\t\t\t\t<\/div>","protected":false},"excerpt":{"rendered":"<p>OTEL \u0130SM\u0130 \u00dcR\u00dcN \u0130L \u0130L\u00c7E L\u0130MAK CYPRUS DELUXE OTEL ISM M\u0130N\u0130BAR KIBRIS LORD PALACE OTEL ISM M\u0130N\u0130BAR KIBRIS CRATOS PREM\u0130UM<\/p>","protected":false},"author":2,"featured_media":0,"parent":1962,"menu_order":0,"comment_status":"closed","ping_status":"closed","template":"","meta":{"footnotes":""},"class_list":["post-1970","page","type-page","status-publish","hentry"],"_links":{"self":[{"href":"https:\/\/minsa.com.tr\/ru\/wp-json\/wp\/v2\/pages\/1970","targetHints":{"allow":["GET"]}}],"collection":[{"href":"https:\/\/minsa.com.tr\/ru\/wp-json\/wp\/v2\/pages"}],"about":[{"href":"https:\/\/minsa.com.tr\/ru\/wp-json\/wp\/v2\/types\/page"}],"author":[{"embeddable":true,"href":"https:\/\/minsa.com.tr\/ru\/wp-json\/wp\/v2\/users\/2"}],"replies":[{"embeddable":true,"href":"https:\/\/minsa.com.tr\/ru\/wp-json\/wp\/v2\/comments?post=1970"}],"version-history":[{"count":0,"href":"https:\/\/minsa.com.tr\/ru\/wp-json\/wp\/v2\/pages\/1970\/revisions"}],"up":[{"embeddable":true,"href":"https:\/\/minsa.com.tr\/ru\/wp-json\/wp\/v2\/pages\/1962"}],"wp:attachment":[{"href":"https:\/\/minsa.com.tr\/ru\/wp-json\/wp\/v2\/media?parent=1970"}],"curies":[{"name":"wp","href":"https:\/\/api.w.org\/{rel}","templated":true}]}}