{"id":1962,"date":"2024-12-26T11:26:55","date_gmt":"2024-12-26T11:26:55","guid":{"rendered":"https:\/\/minsa.com.tr\/?page_id=1962"},"modified":"2024-12-26T11:27:36","modified_gmt":"2024-12-26T11:27:36","slug":"%d1%81%d0%bf%d0%b8%d1%81%d0%be%d0%ba-%d0%b7%d0%b0%d1%80%d1%83%d0%b1%d0%b5%d0%b6%d0%bd%d1%8b%d1%85-%d1%80%d0%b5%d0%ba%d0%be%d0%bc%d0%b5%d0%bd%d0%b4%d0%b0%d1%86%d0%b8%d0%b9-%d0%bf%d0%be-%d0%ba%d0%b8","status":"publish","type":"page","link":"https:\/\/minsa.com.tr\/ru\/%d1%81%d0%bf%d0%b8%d1%81%d0%be%d0%ba-%d0%b7%d0%b0%d1%80%d1%83%d0%b1%d0%b5%d0%b6%d0%bd%d1%8b%d1%85-%d1%80%d0%b5%d0%ba%d0%be%d0%bc%d0%b5%d0%bd%d0%b4%d0%b0%d1%86%d0%b8%d0%b9-%d0%bf%d0%be-%d0%ba%d0%b8\/","title":{"rendered":"\u041a\u0438\u043f\u0440 \u0438 \u0437\u0430\u0440\u0443\u0431\u0435\u0436\u043d\u044b\u0435 \u0441\u0442\u0440\u0430\u043d\u044b \u0421\u043f\u0438\u0441\u043e\u043a \u0440\u0435\u043a\u043e\u043c\u0435\u043d\u0434\u0430\u0446\u0438\u0439"},"content":{"rendered":"<div data-elementor-type=\"wp-page\" data-elementor-id=\"1962\" class=\"elementor elementor-1962\">\n\t\t\t\t<div class=\"wd-negative-gap elementor-element elementor-element-f6416c6 e-flex e-con-boxed e-con e-parent\" data-id=\"f6416c6\" data-element_type=\"container\" data-e-type=\"container\">\n\t\t\t\t\t<div class=\"e-con-inner\">\n\t\t\t\t<div class=\"elementor-element elementor-element-9bab184 elementor-widget elementor-widget-wd_tabs\" data-id=\"9bab184\" data-element_type=\"widget\" data-e-type=\"widget\" data-widget_type=\"wd_tabs.default\">\n\t\t\t\t<div class=\"elementor-widget-container\">\n\t\t\t\t\t\t\t<div class=\"wd-tabs tabs-design-default\">\n\t\t\t<div class=\"wd-tabs-header text-center\">\n\t\t\t\t\n\t\t\t\t\n\t\t\t\t<div class=\"wd-nav-wrapper wd-nav-tabs-wrapper wd-mb-action-swipe\">\n\t\t\t\t\t<ul class=\"wd-nav wd-nav-tabs wd-icon-pos-top wd-style-underline\">\n\t\t\t\t\t\t\t\t\t\t\t\t\t\n\t\t\t\t\t\t\t<li>\n\t\t\t\t\t\t\t\t<a href=\"#\" class=\"wd-nav-link\">\n\t\t\t\t\t\t\t\t\t\n\t\t\t\t\t\t\t\t\t<span class=\"nav-link-text wd-tabs-title\">\n\t\t\t\t\t\t\t\t\t\t\t\t\t\t\t\t\t\t\t<\/span>\n\t\t\t\t\t\t\t\t<\/a>\n\t\t\t\t\t\t\t<\/li>\n\n\t\t\t\t\t\t\t\t\t\t\t<\/ul>\n\t\t\t\t<\/div>\n\t\t\t<\/div>\n\n\t\t\t<div class=\"wd-tabs-content-wrapper\">\n\t\t\t\t\t\t\t\t\t\t\t\t\t\t\n\t\t\t\t\t<div class=\"wd-tab-content wd-entry-content\">\n\t\t\t\t\t\t\t\t\t\t\t\t\t\t\t\t<link rel=\"stylesheet\" id=\"elementor-post-1869-css\" href=\"https:\/\/minsa.com.tr\/wp-content\/uploads\/elementor\/css\/post-1869.css?ver=1776421661\" type=\"text\/css\" media=\"all\">\n\t\t\t\t\t<div data-elementor-type=\"wp-post\" data-elementor-id=\"1869\" class=\"elementor elementor-1869\">\n\t\t\t\t<div class=\"wd-negative-gap elementor-element elementor-element-c9d7d3d e-flex e-con-boxed e-con e-parent\" data-id=\"c9d7d3d\" data-element_type=\"container\" data-e-type=\"container\">\n\t\t\t\t\t<div class=\"e-con-inner\">\n\t\t\t\t<div class=\"elementor-element elementor-element-80f05c9 elementor-widget elementor-widget-wd_infobox_carousel\" data-id=\"80f05c9\" data-element_type=\"widget\" data-e-type=\"widget\" data-widget_type=\"wd_infobox_carousel.default\">\n\t\t\t\t<div class=\"elementor-widget-container\">\n\t\t\t\t\t\t\t<div class=\"wd-carousel-container info-box-carousel-wrapper\">\n\t\t\t<div class=\"wd-carousel-inner\">\n\t\t\t\t<div class=\"wd-carousel wd-grid info-box-carousel\" style=\"--wd-col-lg:4;--wd-col-md:4;--wd-col-sm:1;--wd-gap-lg:30px;--wd-gap-sm:10px;\">\n\t\t\t\t\t<div class=\"wd-carousel-wrap\">\n\t\t\t\t\t\t\t\t\t\t\t\t\t\t\t\t\t\t\t\t\t\t<div class=\"info-box-wrapper wd-carousel-item\">\n\t\t\t<div class=\"wd-info-box text-center box-icon-align-top box-style-shadow color-scheme-  elementor-repeater-item-d01f653 with-btn box-btn-static\">\n\t\t\t\t\t\t\t\t\t<div class=\"box-icon-wrapper  box-with-icon box-icon-simple\">\n\t\t\t\t\t\t<div class=\"info-box-icon\">\n\t\t\t\t\t\t\t\t\t\t\t\t\t\t\t<img loading=\"lazy\" decoding=\"async\" width=\"685\" height=\"366\" src=\"https:\/\/minsa.com.tr\/wp-content\/uploads\/2024\/12\/minibarlar-1.jpg\" class=\"attachment-full size-full\" alt=\"\" srcset=\"https:\/\/minsa.com.tr\/wp-content\/uploads\/2024\/12\/minibarlar-1.jpg 685w, https:\/\/minsa.com.tr\/wp-content\/uploads\/2024\/12\/minibarlar-1-300x160.jpg 300w, https:\/\/minsa.com.tr\/wp-content\/uploads\/2024\/12\/minibarlar-1-150x80.jpg 150w\" sizes=\"auto, (max-width: 685px) 100vw, 685px\" \/>\t\t\t\t\t\t\t\t\t\t\t\t\t<\/div>\n\t\t\t\t\t<\/div>\n\t\t\t\t\n\t\t\t\t<div class=\"info-box-content\">\n\t\t\t\t\t\n\t\t\t\t\t\t\t\t\t\t\t<h4\t\t\t\t\t\tclass=\"info-box-title title box-title-style-default wd-fontsize-m\" data-elementor-setting-key=\"title\">\n\t\t\t\t\t\t\t\t\u041c\u0438\u043d\u0438-\u0431\u0430\u0440\u044b\t\t\t\t\t\t<\/h4>\n\t\t\t\t\t\n\t\t\t\t\t<div class=\"info-box-inner reset-last-child\"data-elementor-setting-key=\"content\"><\/div>\n\n\t\t\t\t\t\t\t\t\t\t\t<div class=\"info-btn-wrapper\">\n\t\t\t\t\t\t\t\t\t<div class=\"wd-button-wrapper text-center\" >\n\t\t\t<a class=\"btn btn-style-default btn-shape-rectangle btn-size-default btn-icon-pos-right\"  href=\"\/ru\/%d1%81%d0%bf%d0%b8%d1%81%d0%be%d0%ba-%d0%b7%d0%b0%d1%80%d1%83%d0%b1%d0%b5%d0%b6%d0%bd%d1%8b%d1%85-%d1%80%d0%b5%d0%ba%d0%be%d0%bc%d0%b5%d0%bd%d0%b4%d0%b0%d1%86%d0%b8%d0%b9-%d0%bf%d0%be-%d0%ba%d0%b8\/%d0%bc%d0%b8%d0%bd%d0%b8-%d0%b1%d0%b0%d1%80%d1%8b\/\">\n\t\t\t\t<span class=\"wd-btn-text\" data-elementor-setting-key=\"text\">\n\t\t\t\t\t\u0415\u0449\u0435 \u0431\u043e\u043b\u044c\u0448\u0435\t\t\t\t<\/span>\n\n\t\t\t\t\t\t\t<\/a>\n\t\t<\/div>\n\t\t\t\t\t\t\t\t<\/div>\n\t\t\t\t\t\t\t\t\t<\/div>\n\n\t\t\t\t\t\t\t<\/div>\n\t\t<\/div>\n\t\t\t\t\t\t\t\t\t\t\t\t\t\t\t\t\t\t\t\t\t\t\t\t<div class=\"info-box-wrapper wd-carousel-item\">\n\t\t\t<div class=\"wd-info-box text-center box-icon-align-top box-style-shadow color-scheme-  elementor-repeater-item-b4cce5c with-btn box-btn-static\">\n\t\t\t\t\t\t\t\t\t<div class=\"box-icon-wrapper  box-with-icon box-icon-simple\">\n\t\t\t\t\t\t<div class=\"info-box-icon\">\n\t\t\t\t\t\t\t\t\t\t\t\t\t\t\t<img loading=\"lazy\" decoding=\"async\" width=\"685\" height=\"366\" src=\"https:\/\/minsa.com.tr\/wp-content\/uploads\/2024\/12\/sac-kurutma.jpg\" class=\"attachment-full size-full\" alt=\"\" srcset=\"https:\/\/minsa.com.tr\/wp-content\/uploads\/2024\/12\/sac-kurutma.jpg 685w, https:\/\/minsa.com.tr\/wp-content\/uploads\/2024\/12\/sac-kurutma-300x160.jpg 300w, https:\/\/minsa.com.tr\/wp-content\/uploads\/2024\/12\/sac-kurutma-150x80.jpg 150w\" sizes=\"auto, (max-width: 685px) 100vw, 685px\" \/>\t\t\t\t\t\t\t\t\t\t\t\t\t<\/div>\n\t\t\t\t\t<\/div>\n\t\t\t\t\n\t\t\t\t<div class=\"info-box-content\">\n\t\t\t\t\t\n\t\t\t\t\t\t\t\t\t\t\t<h4\t\t\t\t\t\tclass=\"info-box-title title box-title-style-default wd-fontsize-m\" data-elementor-setting-key=\"title\">\n\t\t\t\t\t\t\t\t\u0421\u0443\u0448\u043a\u0430 \u0432\u043e\u043b\u043e\u0441\t\t\t\t\t\t<\/h4>\n\t\t\t\t\t\n\t\t\t\t\t<div class=\"info-box-inner reset-last-child\"data-elementor-setting-key=\"content\"><\/div>\n\n\t\t\t\t\t\t\t\t\t\t\t<div class=\"info-btn-wrapper\">\n\t\t\t\t\t\t\t\t\t<div class=\"wd-button-wrapper text-center\" >\n\t\t\t<a class=\"btn btn-style-default btn-shape-rectangle btn-size-default btn-icon-pos-right\"  href=\"\/ru\/%d1%81%d0%bf%d0%b8%d1%81%d0%be%d0%ba-%d0%b7%d0%b0%d1%80%d1%83%d0%b1%d0%b5%d0%b6%d0%bd%d1%8b%d1%85-%d1%80%d0%b5%d0%ba%d0%be%d0%bc%d0%b5%d0%bd%d0%b4%d0%b0%d1%86%d0%b8%d0%b9-%d0%bf%d0%be-%d0%ba%d0%b8\/%d1%81%d1%83%d1%88%d0%ba%d0%b0-%d0%bb%d0%b8%d1%81%d1%82%d0%be%d0%b2\/\">\n\t\t\t\t<span class=\"wd-btn-text\" data-elementor-setting-key=\"text\">\n\t\t\t\t\t\u0415\u0449\u0435 \u0431\u043e\u043b\u044c\u0448\u0435\t\t\t\t<\/span>\n\n\t\t\t\t\t\t\t<\/a>\n\t\t<\/div>\n\t\t\t\t\t\t\t\t<\/div>\n\t\t\t\t\t\t\t\t\t<\/div>\n\n\t\t\t\t\t\t\t<\/div>\n\t\t<\/div>\n\t\t\t\t\t\t\t\t\t\t\t\t\t\t\t\t\t\t\t\t\t\t\t\t<div class=\"info-box-wrapper wd-carousel-item\">\n\t\t\t<div class=\"wd-info-box text-center box-icon-align-top box-style-shadow color-scheme-  elementor-repeater-item-9502e0c with-btn box-btn-static\">\n\t\t\t\t\t\t\t\t\t<div class=\"box-icon-wrapper  box-with-icon box-icon-simple\">\n\t\t\t\t\t\t<div class=\"info-box-icon\">\n\t\t\t\t\t\t\t\t\t\t\t\t\t\t\t<img loading=\"lazy\" decoding=\"async\" width=\"685\" height=\"366\" src=\"https:\/\/minsa.com.tr\/wp-content\/uploads\/2024\/12\/kasalar.jpg\" class=\"attachment-full size-full\" alt=\"\" srcset=\"https:\/\/minsa.com.tr\/wp-content\/uploads\/2024\/12\/kasalar.jpg 685w, https:\/\/minsa.com.tr\/wp-content\/uploads\/2024\/12\/kasalar-300x160.jpg 300w, https:\/\/minsa.com.tr\/wp-content\/uploads\/2024\/12\/kasalar-150x80.jpg 150w\" sizes=\"auto, (max-width: 685px) 100vw, 685px\" \/>\t\t\t\t\t\t\t\t\t\t\t\t\t<\/div>\n\t\t\t\t\t<\/div>\n\t\t\t\t\n\t\t\t\t<div class=\"info-box-content\">\n\t\t\t\t\t\n\t\t\t\t\t\t\t\t\t\t\t<h4\t\t\t\t\t\tclass=\"info-box-title title box-title-style-default wd-fontsize-m\" data-elementor-setting-key=\"title\">\n\t\t\t\t\t\t\t\t\u041a\u0430\u0441\u0441\u0430\t\t\t\t\t\t<\/h4>\n\t\t\t\t\t\n\t\t\t\t\t<div class=\"info-box-inner reset-last-child\"data-elementor-setting-key=\"content\"><\/div>\n\n\t\t\t\t\t\t\t\t\t\t\t<div class=\"info-btn-wrapper\">\n\t\t\t\t\t\t\t\t\t<div class=\"wd-button-wrapper text-center\" >\n\t\t\t<a class=\"btn btn-style-default btn-shape-rectangle btn-size-default btn-icon-pos-right\"  href=\"\/ru\/%d1%81%d0%bf%d0%b8%d1%81%d0%be%d0%ba-%d0%b7%d0%b0%d1%80%d1%83%d0%b1%d0%b5%d0%b6%d0%bd%d1%8b%d1%85-%d1%80%d0%b5%d0%ba%d0%be%d0%bc%d0%b5%d0%bd%d0%b4%d0%b0%d1%86%d0%b8%d0%b9-%d0%bf%d0%be-%d0%ba%d0%b8\/%d0%ba%d0%b0%d1%81%d1%81%d0%b0\/\">\n\t\t\t\t<span class=\"wd-btn-text\" data-elementor-setting-key=\"text\">\n\t\t\t\t\t\u0415\u0449\u0435 \u0431\u043e\u043b\u044c\u0448\u0435\t\t\t\t<\/span>\n\n\t\t\t\t\t\t\t<\/a>\n\t\t<\/div>\n\t\t\t\t\t\t\t\t<\/div>\n\t\t\t\t\t\t\t\t\t<\/div>\n\n\t\t\t\t\t\t\t<\/div>\n\t\t<\/div>\n\t\t\t\t\t\t\t\t\t\t\t\t\t\t\t\t\t\t\t\t\t\t\t\t<div class=\"info-box-wrapper wd-carousel-item\">\n\t\t\t<div class=\"wd-info-box text-center box-icon-align-top box-style-shadow color-scheme-  elementor-repeater-item-437fabd with-btn box-btn-static\">\n\t\t\t\t\t\t\t\t\t<div class=\"box-icon-wrapper  box-with-icon box-icon-simple\">\n\t\t\t\t\t\t<div class=\"info-box-icon\">\n\t\t\t\t\t\t\t\t\t\t\t\t\t\t\t<img loading=\"lazy\" decoding=\"async\" width=\"685\" height=\"366\" src=\"https:\/\/minsa.com.tr\/wp-content\/uploads\/2024\/12\/telefonlar.jpg.jpg\" class=\"attachment-full size-full\" alt=\"\" srcset=\"https:\/\/minsa.com.tr\/wp-content\/uploads\/2024\/12\/telefonlar.jpg.jpg 685w, https:\/\/minsa.com.tr\/wp-content\/uploads\/2024\/12\/telefonlar.jpg-300x160.jpg 300w, https:\/\/minsa.com.tr\/wp-content\/uploads\/2024\/12\/telefonlar.jpg-150x80.jpg 150w\" sizes=\"auto, (max-width: 685px) 100vw, 685px\" \/>\t\t\t\t\t\t\t\t\t\t\t\t\t<\/div>\n\t\t\t\t\t<\/div>\n\t\t\t\t\n\t\t\t\t<div class=\"info-box-content\">\n\t\t\t\t\t\n\t\t\t\t\t\t\t\t\t\t\t<h4\t\t\t\t\t\tclass=\"info-box-title title box-title-style-default wd-fontsize-m\" data-elementor-setting-key=\"title\">\n\t\t\t\t\t\t\t\t\u0422\u0435\u043b\u0435\u0444\u043e\u043d\t\t\t\t\t\t<\/h4>\n\t\t\t\t\t\n\t\t\t\t\t<div class=\"info-box-inner reset-last-child\"data-elementor-setting-key=\"content\"><\/div>\n\n\t\t\t\t\t\t\t\t\t\t\t<div class=\"info-btn-wrapper\">\n\t\t\t\t\t\t\t\t\t<div class=\"wd-button-wrapper text-center\" >\n\t\t\t<a class=\"btn btn-style-default btn-shape-rectangle btn-size-default btn-icon-pos-right\"  href=\"\/ru\/%d1%81%d0%bf%d0%b8%d1%81%d0%be%d0%ba-%d0%b7%d0%b0%d1%80%d1%83%d0%b1%d0%b5%d0%b6%d0%bd%d1%8b%d1%85-%d1%80%d0%b5%d0%ba%d0%be%d0%bc%d0%b5%d0%bd%d0%b4%d0%b0%d1%86%d0%b8%d0%b9-%d0%bf%d0%be-%d0%ba%d0%b8\/%d1%82%d0%b5%d0%bb%d0%b5%d1%84%d0%be%d0%bd\/\">\n\t\t\t\t<span class=\"wd-btn-text\" data-elementor-setting-key=\"text\">\n\t\t\t\t\t\u0415\u0449\u0435 \u0431\u043e\u043b\u044c\u0448\u0435\t\t\t\t<\/span>\n\n\t\t\t\t\t\t\t<\/a>\n\t\t<\/div>\n\t\t\t\t\t\t\t\t<\/div>\n\t\t\t\t\t\t\t\t\t<\/div>\n\n\t\t\t\t\t\t\t<\/div>\n\t\t<\/div>\n\t\t\t\t\t\t\t\t\t\t\t\t\t<\/div>\n\t\t\t\t<\/div>\n\n\t\t\t\t\t\t\t\t\t\t\t<div class=\"wd-nav-arrows wd-pos-sep wd-hover-1 wd-icon-1\">\n\t\t\t<div class=\"wd-btn-arrow wd-prev wd-disabled\">\n\t\t\t\t<div class=\"wd-arrow-inner\"><\/div>\n\t\t\t<\/div>\n\t\t\t<div class=\"wd-btn-arrow wd-next\">\n\t\t\t\t<div class=\"wd-arrow-inner\"><\/div>\n\t\t\t<\/div>\n\t\t<\/div>\n\t\t\t\t\t\t\t\t\t<\/div>\n\n\t\t\t\t\t<div class=\"wd-nav-pagin-wrap text-center wd-style-shape wd-hide-md-sm wd-hide-sm\">\n\t\t\t<ul class=\"wd-nav-pagin\"><\/ul>\n\t\t<\/div>\n\t\t\t\t\t\t\t<\/div>\n\t\t\t\t\t\t<\/div>\n\t\t\t\t<\/div>\n\t\t\t\t\t<\/div>\n\t\t\t\t<\/div>\n\t\t<div class=\"wd-negative-gap elementor-element elementor-element-d0db499 e-flex e-con-boxed e-con e-parent\" data-id=\"d0db499\" data-element_type=\"container\" data-e-type=\"container\">\n\t\t\t\t\t<div class=\"e-con-inner\">\n\t\t\t\t<div class=\"elementor-element elementor-element-e90e62c elementor-widget elementor-widget-spacer\" data-id=\"e90e62c\" data-element_type=\"widget\" data-e-type=\"widget\" data-widget_type=\"spacer.default\">\n\t\t\t\t<div class=\"elementor-widget-container\">\n\t\t\t\t\t\t\t<div class=\"elementor-spacer\">\n\t\t\t<div class=\"elementor-spacer-inner\"><\/div>\n\t\t<\/div>\n\t\t\t\t\t\t<\/div>\n\t\t\t\t<\/div>\n\t\t\t\t\t<\/div>\n\t\t\t\t<\/div>\n\t\t\t\t<\/div>\n\t\t\t\t\t\t\t\t\t\t\t\t\t<\/div>\n\n\t\t\t\t\t\t\t<\/div>\n\t\t<\/div>\n\t\t\t\t\t\t<\/div>\n\t\t\t\t<\/div>\n\t\t\t\t\t<\/div>\n\t\t\t\t<\/div>\n\t\t\t\t<\/div>","protected":false},"excerpt":{"rendered":"<p>Mini Barlar Daha Fazlas\u0131 Sa\u00e7 Kurutma Daha Fazlas\u0131 Kasa Daha Fazlas\u0131 Telefon Daha Fazlas\u0131<\/p>","protected":false},"author":2,"featured_media":0,"parent":0,"menu_order":0,"comment_status":"closed","ping_status":"closed","template":"","meta":{"footnotes":""},"class_list":["post-1962","page","type-page","status-publish","hentry"],"_links":{"self":[{"href":"https:\/\/minsa.com.tr\/ru\/wp-json\/wp\/v2\/pages\/1962","targetHints":{"allow":["GET"]}}],"collection":[{"href":"https:\/\/minsa.com.tr\/ru\/wp-json\/wp\/v2\/pages"}],"about":[{"href":"https:\/\/minsa.com.tr\/ru\/wp-json\/wp\/v2\/types\/page"}],"author":[{"embeddable":true,"href":"https:\/\/minsa.com.tr\/ru\/wp-json\/wp\/v2\/users\/2"}],"replies":[{"embeddable":true,"href":"https:\/\/minsa.com.tr\/ru\/wp-json\/wp\/v2\/comments?post=1962"}],"version-history":[{"count":0,"href":"https:\/\/minsa.com.tr\/ru\/wp-json\/wp\/v2\/pages\/1962\/revisions"}],"wp:attachment":[{"href":"https:\/\/minsa.com.tr\/ru\/wp-json\/wp\/v2\/media?parent=1962"}],"curies":[{"name":"wp","href":"https:\/\/api.w.org\/{rel}","templated":true}]}}