{"id":1957,"date":"2024-12-26T11:03:02","date_gmt":"2024-12-26T11:03:02","guid":{"rendered":"https:\/\/minsa.com.tr\/?page_id=1957"},"modified":"2024-12-26T11:03:20","modified_gmt":"2024-12-26T11:03:20","slug":"%d0%ba%d1%80%d0%be%d0%b2%d0%b0%d1%82%d1%8c","status":"publish","type":"page","link":"https:\/\/minsa.com.tr\/ru\/%d1%81%d0%bf%d0%b8%d1%81%d0%be%d0%ba-%d1%81%d1%81%d1%8b%d0%bb%d0%be%d0%ba-%d0%bf%d0%be-%d1%82%d1%83%d1%80%d1%86%d0%b8%d0%b8\/%d0%ba%d1%80%d0%be%d0%b2%d0%b0%d1%82%d1%8c\/","title":{"rendered":"\u041a\u0440\u043e\u0432\u0430\u0442\u044c"},"content":{"rendered":"<div data-elementor-type=\"wp-page\" data-elementor-id=\"1957\" class=\"elementor elementor-1957\">\n\t\t\t\t<div class=\"wd-negative-gap elementor-element elementor-element-a22c782 e-flex e-con-boxed e-con e-parent\" data-id=\"a22c782\" data-element_type=\"container\" data-e-type=\"container\">\n\t\t\t\t\t<div class=\"e-con-inner\">\n\t\t\t\t<div class=\"elementor-element elementor-element-1b945d4 color-scheme-inherit text-left elementor-widget elementor-widget-text-editor\" data-id=\"1b945d4\" data-element_type=\"widget\" data-e-type=\"widget\" data-widget_type=\"text-editor.default\">\n\t\t\t\t<div class=\"elementor-widget-container\">\n\t\t\t\t\t\t\t\t\t<table class=\"table table-striped k-table\"><tbody><tr><td><strong>\u041d\u0410\u0417\u0412\u0410\u041d\u0418\u0415 \u041e\u0422\u0415\u041b\u042f<\/strong><\/td><td><strong>\u00a0\u041f\u0420\u041e\u0414\u0423\u041a\u0422<\/strong><\/td><td><strong>\u041e\u0411\u041b\u0410\u0421\u0422\u042c \u0420\u0410\u0419\u041e\u041d\u00a0<\/strong><\/td><\/tr><tr><td>\u041e\u0422\u0415\u041b\u042c \u0410\u041a\u0412\u0410 \u041c\u0410\u0420\u0418\u041d\u00a0<\/td><td>\u041a\u0420\u041e\u0412\u0410\u0422\u042c\u00a0<\/td><td>\u042d\u0412\u0420\u0415\u041d\u0421\u0415\u041a\u0418\/\u0410\u041d\u0422\u0410\u041b\u0418\u042f<\/td><\/tr><tr><td>\u0411\u0410\u0420\u0423\u0422 \u0411 \u0421\u042c\u042e\u0422\u0421 \u041e\u0422\u0415\u041b\u042c<\/td><td>\u041a\u0420\u041e\u0412\u0410\u0422\u042c\u00a0<\/td><td>\u041c\u0430\u043d\u0430\u0432\u0433\u0430\u0442\/\u0410\u043d\u0442\u0430\u043b\u044c\u044f<\/td><\/tr><tr><td>\u0411\u0415\u041b\u042c\u0427\u0415\u041a\u0423\u041c \u0411\u0418\u0427 \u041e\u0422\u0415\u041b\u042c\u00a0<\/td><td>\u041a\u0420\u041e\u0412\u0410\u0422\u042c\u00a0<\/td><td>\u00d6L\u00dcDEN\u0130Z\/MU\u011eLA<\/td><\/tr><tr><td>\u041e\u0422\u0415\u041b\u042c \"\u0413\u041e\u041b\u0423\u0411\u0410\u042f \u0412\u041e\u041b\u041d\u0410\u00a0<\/td><td>\u041a\u0420\u041e\u0412\u0410\u0422\u042c\u00a0<\/td><td>\u0410\u043b\u0430\u043d\u044c\u044f\/\u0410\u043d\u0442\u0430\u043b\u044c\u044f<\/td><\/tr><tr><td>\u041f\u041e\u0414\u0412\u0410\u041b\u042c\u041d\u042b\u0419 \u041e\u0422\u0415\u041b\u042c \u041f\u0420\u0418\u041d\u0426\u0415\u0421\u0421\u0410<\/td><td>\u041a\u0420\u041e\u0412\u0410\u0422\u042c\u00a0<\/td><td>BODRUM\/MU\u011eLA<\/td><\/tr><tr><td>\u041e\u0422\u0415\u041b\u042c DO\u011eANAY\u00a0<\/td><td>\u041a\u0420\u041e\u0412\u0410\u0422\u042c\u00a0<\/td><td>\u0410\u043b\u0430\u043d\u044c\u044f\/\u0410\u043d\u0442\u0430\u043b\u044c\u044f<\/td><\/tr><tr><td>D-PULSE HOTEL<\/td><td>\u041a\u0420\u041e\u0412\u0410\u0422\u042c\u00a0<\/td><td>BODRUM\/MU\u011eLA<\/td><\/tr><tr><td>EFTELIA AQUA \u041e\u0422\u0415\u041b\u042c<\/td><td>\u041a\u0420\u041e\u0412\u0410\u0422\u042c\u00a0<\/td><td>\u0410\u043b\u0430\u043d\u044c\u044f\/\u0410\u043d\u0442\u0430\u043b\u044c\u044f<\/td><\/tr><tr><td>\u041e\u0422\u0415\u041b\u042c \u042d\u0424\u0422\u0415\u041b\u0418\u042f \u0410\u0419\u0422\u0423\u0420<\/td><td>\u041a\u0420\u041e\u0412\u0410\u0422\u042c\u00a0<\/td><td>\u0410\u043b\u0430\u043d\u044c\u044f\/\u0410\u043d\u0442\u0430\u043b\u044c\u044f<\/td><\/tr><tr><td>\u041e\u041a\u0415\u0410\u041d\u0421\u041a\u0418\u0419 \u041e\u0422\u0415\u041b\u042c \"\u042d\u0424\u0422\u0415\u041b\u0418\u042f<\/td><td>\u041a\u0420\u041e\u0412\u0410\u0422\u042c\u00a0<\/td><td>\u0410\u043b\u0430\u043d\u044c\u044f\/\u0410\u043d\u0442\u0430\u043b\u044c\u044f<\/td><\/tr><tr><td>\u0413\u0420\u0410\u041d\u0414 \u0422\u0410\u0419\u041c \u041e\u0422\u0415\u041b\u042c\u00a0<\/td><td>\u041a\u0420\u041e\u0412\u0410\u0422\u042c\u00a0<\/td><td>\u0410\u043b\u0430\u043d\u044c\u044f\/\u0410\u043d\u0442\u0430\u043b\u044c\u044f<\/td><\/tr><tr><td>\u041e\u0422\u0415\u041b\u042c GREEN MAX<\/td><td>\u041a\u0420\u041e\u0412\u0410\u0422\u042c\u00a0<\/td><td>\u0410\u043b\u0430\u043d\u044c\u044f\/\u0410\u043d\u0442\u0430\u043b\u044c\u044f<\/td><\/tr><tr><td>\u041e\u0422\u0415\u041b\u042c \u0425\u0418\u041b\u0422\u041e\u041d \u0414\u0410\u041b\u0410\u041c\u0410\u041d<\/td><td>\u041a\u0420\u041e\u0412\u0410\u0422\u042c\u00a0<\/td><td>\u0421\u0410\u0420\u0418\u0413\u0415\u0420\u041c\u0415\/\u041c\u0423\u0413\u041b\u0410<\/td><\/tr><tr><td>\u041a\u0410\u041c\u0415\u041b\u042c\u042f \u0412\u041e\u0420\u041b\u0414 \u041e\u0422\u0415\u041b\u042c<\/td><td>\u041a\u0420\u041e\u0412\u0410\u0422\u042c\u00a0<\/td><td>\u041c\u0430\u043d\u0430\u0432\u0433\u0430\u0442\/\u0410\u043d\u0442\u0430\u043b\u044c\u044f<\/td><\/tr><tr><td>\u041a\u0410\u0420\u0411\u0415\u041b\u042c \u041e\u0422\u0415\u041b\u042c<\/td><td>\u041a\u0420\u041e\u0412\u0410\u0422\u042c\u00a0<\/td><td>\u00d6L\u00dcDEN\u0130Z\/MU\u011eLA<\/td><\/tr><tr><td>\u041e\u0422\u0415\u041b\u042c \"\u0420\u041e\u0417\u0410\u00a0<\/td><td>\u041a\u0420\u041e\u0412\u0410\u0422\u042c\u00a0<\/td><td>\u041a\u0415\u041c\u0415\u0420\/\u0410\u041d\u0422\u0410\u041b\u042c\u042f<\/td><\/tr><tr><td>BEAM RESORT\u00a0<\/td><td>\u041a\u0420\u041e\u0412\u0410\u0422\u042c\u00a0<\/td><td>\u041a\u0415\u041c\u0415\u0420\/\u0410\u041d\u0422\u0410\u041b\u042c\u042f<\/td><\/tr><tr><td>\u041e\u0422\u0415\u041b\u042c \u041b\u0410\u0411\u0420\u0410\u041d\u0414\u0410 \u0411\u041e\u0414\u0420\u0423\u041c\u00a0<\/td><td>\u041a\u0420\u041e\u0412\u0410\u0422\u042c\u00a0<\/td><td>BODRUM\/MU\u011eLA<\/td><\/tr><tr><td>\u041e\u0422\u0415\u041b\u042c \u041b\u0410\u0411\u0420\u0410\u041d\u0414\u0410 \u0410\u041b\u0410\u041d\u0422\u0423\u0420\u00a0<\/td><td>\u041a\u0420\u041e\u0412\u0410\u0422\u042c\u00a0<\/td><td>\u0410\u043b\u0430\u043d\u044c\u044f\/\u0410\u043d\u0442\u0430\u043b\u044c\u044f<\/td><\/tr><tr><td>\u041e\u0422\u0415\u041b\u042c \u041b\u0410\u0411\u0420\u0410\u041d\u0414\u0410 \u042d\u0424\u0415\u0421\u00a0<\/td><td>\u041a\u0420\u041e\u0412\u0410\u0422\u042c\u00a0<\/td><td>\u0421\u0415\u041b\u0427\u0423\u041a\/\u0418\u0417\u041c\u0418\u0420<\/td><\/tr><tr><td>\u041e\u0422\u0415\u041b\u042c \u041b\u0410\u0411\u0420\u0410\u041d\u0414\u0410 \u042d\u041a\u0421\u0415\u041b\u042c\u0421\u0418\u041e\u0420<\/td><td>\u041a\u0420\u041e\u0412\u0410\u0422\u042c\u00a0<\/td><td>\u0421\u0418\u0414\u0415\/\u0410\u041d\u0422\u0410\u041b\u042c\u042f<\/td><\/tr><tr><td>\u041e\u0422\u0415\u041b\u042c \u041b\u0410\u0411\u0420\u0410\u041d\u0414\u0410 \u041b\u0415\u0411\u0415\u0414\u041e\u0421<\/td><td>\u041a\u0420\u041e\u0412\u0410\u0422\u042c\u00a0<\/td><td>\u0421\u0415\u0424\u0415\u0420\u0425\u0418\u0421\u0410\u0420\/\u0418\u0417\u041c\u0418\u0420<\/td><\/tr><tr><td>\u041e\u0422\u0415\u041b\u042c \u041b\u0410\u0411\u0420\u0410\u041d\u0414\u0410 \u041c\u0410\u0420\u0415\u0421<\/td><td>\u041a\u0420\u041e\u0412\u0410\u0422\u042c\u00a0<\/td><td>\u041c\u0410\u0420\u041c\u0410\u0420\u0418\u0421\/\u0418\u0421\u041c\u0418\u0420<\/td><\/tr><tr><td>\u041b\u0410\u0411\u0420\u0410\u041d\u0414\u0410 \u0422\u041c\u0422 \u041e\u0422\u0415\u041b\u042c\u00a0<\/td><td>\u041a\u0420\u041e\u0412\u0410\u0422\u042c\u00a0<\/td><td>BODRUM\/MU\u011eLA<\/td><\/tr><tr><td>\u041b\u0410\u0411\u0420\u0410\u041d\u0414\u0410 \u0410\u041b\u0410\u041a\u0410\u0422\u0418 \u041f\u0420\u0418\u041d\u0426\u0415\u0421\u0421 \u041e\u0422\u0415\u041b\u042c<\/td><td>\u041a\u0420\u041e\u0412\u0410\u0422\u042c\u00a0<\/td><td>\u0410\u041b\u0410\u0417\u0410\u0422\u0418\/\u0418\u0417\u041c\u0418\u0420<\/td><\/tr><tr><td>\u041e\u0422\u0415\u041b\u042c \u041d\u0410 \u041b\u041e\u041d\u0413-\u0411\u0418\u0427\u00a0<\/td><td>\u041a\u0420\u041e\u0412\u0410\u0422\u042c\u00a0<\/td><td>\u0410\u043b\u0430\u043d\u044c\u044f\/\u0410\u043d\u0442\u0430\u043b\u044c\u044f<\/td><\/tr><tr><td>\u041e\u0422\u0415\u041b\u042c \"\u041c\u0415\u0420\u042c\u042f\u041d\u00a0<\/td><td>\u041a\u0420\u041e\u0412\u0410\u0422\u042c\u00a0<\/td><td>\u0410\u043b\u0430\u043d\u044c\u044f\/\u0410\u043d\u0442\u0430\u043b\u044c\u044f<\/td><\/tr><tr><td>MP HOTELS<\/td><td>\u041a\u0420\u041e\u0412\u0410\u0422\u042c\u00a0<\/td><td>\u041c\u0410\u0420\u041c\u0410\u0420\u0418\u0421\/\u0418\u0421\u041c\u0418\u0420<\/td><\/tr><tr><td>\u041e\u0422\u0415\u041b\u042c \"\u0421\u0423\u041d\u0414\u0410\u041d\u0421<\/td><td>\u041a\u0420\u041e\u0412\u0410\u0422\u042c\u00a0<\/td><td>BODRUM\/MU\u011eLA<\/td><\/tr><\/tbody><\/table>\t\t\t\t\t\t\t\t<\/div>\n\t\t\t\t<\/div>\n\t\t\t\t\t<\/div>\n\t\t\t\t<\/div>\n\t\t\t\t<\/div>","protected":false},"excerpt":{"rendered":"<p>OTEL \u0130SM\u0130 \u00a0\u00dcR\u00dcN \u0130L \u0130L\u00c7E\u00a0 AQUA MAR\u0130N OTEL\u00a0 YATAK\u00a0 EVRENSEK\u0130\/ANTALYA BARUT B SU\u0130TES OTEL YATAK\u00a0 MANAVGAT\/ANTALYA BELCEKUM BEACH OTEL\u00a0 YATAK\u00a0<\/p>","protected":false},"author":2,"featured_media":0,"parent":1912,"menu_order":0,"comment_status":"closed","ping_status":"closed","template":"","meta":{"footnotes":""},"class_list":["post-1957","page","type-page","status-publish","hentry"],"_links":{"self":[{"href":"https:\/\/minsa.com.tr\/ru\/wp-json\/wp\/v2\/pages\/1957","targetHints":{"allow":["GET"]}}],"collection":[{"href":"https:\/\/minsa.com.tr\/ru\/wp-json\/wp\/v2\/pages"}],"about":[{"href":"https:\/\/minsa.com.tr\/ru\/wp-json\/wp\/v2\/types\/page"}],"author":[{"embeddable":true,"href":"https:\/\/minsa.com.tr\/ru\/wp-json\/wp\/v2\/users\/2"}],"replies":[{"embeddable":true,"href":"https:\/\/minsa.com.tr\/ru\/wp-json\/wp\/v2\/comments?post=1957"}],"version-history":[{"count":0,"href":"https:\/\/minsa.com.tr\/ru\/wp-json\/wp\/v2\/pages\/1957\/revisions"}],"up":[{"embeddable":true,"href":"https:\/\/minsa.com.tr\/ru\/wp-json\/wp\/v2\/pages\/1912"}],"wp:attachment":[{"href":"https:\/\/minsa.com.tr\/ru\/wp-json\/wp\/v2\/media?parent=1957"}],"curies":[{"name":"wp","href":"https:\/\/api.w.org\/{rel}","templated":true}]}}