{"id":1952,"date":"2024-12-26T11:02:13","date_gmt":"2024-12-26T11:02:13","guid":{"rendered":"https:\/\/minsa.com.tr\/?page_id=1952"},"modified":"2024-12-26T11:02:31","modified_gmt":"2024-12-26T11:02:31","slug":"%d1%82%d0%b5%d0%bb%d0%b5%d1%84%d0%be%d0%bd","status":"publish","type":"page","link":"https:\/\/minsa.com.tr\/ru\/%d1%81%d0%bf%d0%b8%d1%81%d0%be%d0%ba-%d1%81%d1%81%d1%8b%d0%bb%d0%be%d0%ba-%d0%bf%d0%be-%d1%82%d1%83%d1%80%d1%86%d0%b8%d0%b8\/%d1%82%d0%b5%d0%bb%d0%b5%d1%84%d0%be%d0%bd\/","title":{"rendered":"\u0422\u0435\u043b\u0435\u0444\u043e\u043d"},"content":{"rendered":"<div data-elementor-type=\"wp-page\" data-elementor-id=\"1952\" class=\"elementor elementor-1952\">\n\t\t\t\t<div class=\"wd-negative-gap elementor-element elementor-element-a22c782 e-flex e-con-boxed e-con e-parent\" data-id=\"a22c782\" data-element_type=\"container\" data-e-type=\"container\">\n\t\t\t\t\t<div class=\"e-con-inner\">\n\t\t\t\t<div class=\"elementor-element elementor-element-1b945d4 color-scheme-inherit text-left elementor-widget elementor-widget-text-editor\" data-id=\"1b945d4\" data-element_type=\"widget\" data-e-type=\"widget\" data-widget_type=\"text-editor.default\">\n\t\t\t\t<div class=\"elementor-widget-container\">\n\t\t\t\t\t\t\t\t\t<table class=\"table table-striped k-table\"><tbody><tr><td><strong>\u041d\u0410\u0417\u0412\u0410\u041d\u0418\u0415 \u041e\u0422\u0415\u041b\u042f<\/strong><\/td><td><strong>\u00a0\u041f\u0420\u041e\u0414\u0423\u041a\u0422<\/strong><\/td><td><strong>\u041e\u0411\u041b\u0410\u0421\u0422\u042c \u0420\u0410\u0419\u041e\u041d\u00a0<\/strong><\/td><\/tr><tr><td>\u041e\u0422\u0415\u041b\u042c ADALYA ELITE LARA<\/td><td>\u0422\u0415\u041b\u0415\u0424\u041e\u041d<\/td><td>\u041a\u0423\u041d\u0414\u0423\/\u0410\u041d\u0422\u0410\u041b\u0418\u042f<\/td><\/tr><tr><td>CALIDOMARIS \u041e\u0422\u0415\u041b\u042c<\/td><td>\u0422\u0415\u041b\u0415\u0424\u041e\u041d<\/td><td>\u041c\u0430\u043d\u0430\u0432\u0433\u0430\u0442\/\u0410\u043d\u0442\u0430\u043b\u044c\u044f<\/td><\/tr><tr><td>\u0413\u0420\u0410\u041d\u0414 \u0427\u0418\u041d\u0410\u0420 \u041e\u0422\u0415\u041b\u042c<\/td><td>\u0422\u0415\u041b\u0415\u0424\u041e\u041d<\/td><td>\u041a\u0423\u041c\u041b\u0423\u041a\u0410\/\u0410\u041d\u0422\u0410\u041b\u0418\u042f<\/td><\/tr><tr><td>\u041e\u0422\u0415\u041b\u042c \u0425\u041e\u0420\u0423\u0421 \u0420\u0410\u0419<\/td><td>\u0422\u0415\u041b\u0415\u0424\u041e\u041d<\/td><td>\u041c\u0430\u043d\u0430\u0432\u0433\u0430\u0442\/\u0410\u043d\u0442\u0430\u043b\u044c\u044f<\/td><\/tr><tr><td>\u041e\u0422\u0415\u041b\u042c R\u00d6NESANS<\/td><td>\u0422\u0415\u041b\u0415\u0424\u041e\u041d<\/td><td>\u0426\u0415\u041d\u0422\u0420\/\u0423\u0428\u0410\u041a<\/td><\/tr><\/tbody><\/table>\t\t\t\t\t\t\t\t<\/div>\n\t\t\t\t<\/div>\n\t\t\t\t\t<\/div>\n\t\t\t\t<\/div>\n\t\t\t\t<\/div>","protected":false},"excerpt":{"rendered":"<p>OTEL \u0130SM\u0130 \u00a0\u00dcR\u00dcN \u0130L \u0130L\u00c7E\u00a0 ADALYA EL\u0130TE LARA OTEL TELEFON KUNDU\/ANTALYA CAL\u0130DOMAR\u0130S OTEL TELEFON MANAVGAT\/ANTALYA GRAND \u00c7INAR OTEL TELEFON KUMLUCA\/ANTALYA<\/p>","protected":false},"author":2,"featured_media":0,"parent":1912,"menu_order":0,"comment_status":"closed","ping_status":"closed","template":"","meta":{"footnotes":""},"class_list":["post-1952","page","type-page","status-publish","hentry"],"_links":{"self":[{"href":"https:\/\/minsa.com.tr\/ru\/wp-json\/wp\/v2\/pages\/1952","targetHints":{"allow":["GET"]}}],"collection":[{"href":"https:\/\/minsa.com.tr\/ru\/wp-json\/wp\/v2\/pages"}],"about":[{"href":"https:\/\/minsa.com.tr\/ru\/wp-json\/wp\/v2\/types\/page"}],"author":[{"embeddable":true,"href":"https:\/\/minsa.com.tr\/ru\/wp-json\/wp\/v2\/users\/2"}],"replies":[{"embeddable":true,"href":"https:\/\/minsa.com.tr\/ru\/wp-json\/wp\/v2\/comments?post=1952"}],"version-history":[{"count":0,"href":"https:\/\/minsa.com.tr\/ru\/wp-json\/wp\/v2\/pages\/1952\/revisions"}],"up":[{"embeddable":true,"href":"https:\/\/minsa.com.tr\/ru\/wp-json\/wp\/v2\/pages\/1912"}],"wp:attachment":[{"href":"https:\/\/minsa.com.tr\/ru\/wp-json\/wp\/v2\/media?parent=1952"}],"curies":[{"name":"wp","href":"https:\/\/api.w.org\/{rel}","templated":true}]}}