{"id":1927,"date":"2024-12-26T10:57:13","date_gmt":"2024-12-26T10:57:13","guid":{"rendered":"https:\/\/minsa.com.tr\/?page_id=1927"},"modified":"2024-12-26T10:57:35","modified_gmt":"2024-12-26T10:57:35","slug":"%d1%81%d1%83%d1%88%d0%ba%d0%b0-%d0%bb%d0%b8%d1%81%d1%82%d0%be%d0%b2","status":"publish","type":"page","link":"https:\/\/minsa.com.tr\/ru\/%d1%81%d0%bf%d0%b8%d1%81%d0%be%d0%ba-%d1%81%d1%81%d1%8b%d0%bb%d0%be%d0%ba-%d0%bf%d0%be-%d1%82%d1%83%d1%80%d1%86%d0%b8%d0%b8\/%d1%81%d1%83%d1%88%d0%ba%d0%b0-%d0%bb%d0%b8%d1%81%d1%82%d0%be%d0%b2\/","title":{"rendered":"\u0421\u0443\u0448\u043a\u0430 \u0432\u043e\u043b\u043e\u0441"},"content":{"rendered":"<div data-elementor-type=\"wp-page\" data-elementor-id=\"1927\" class=\"elementor elementor-1927\">\n\t\t\t\t<div class=\"wd-negative-gap elementor-element elementor-element-a22c782 e-flex e-con-boxed e-con e-parent\" data-id=\"a22c782\" data-element_type=\"container\" data-e-type=\"container\">\n\t\t\t\t\t<div class=\"e-con-inner\">\n\t\t\t\t<div class=\"elementor-element elementor-element-1b945d4 color-scheme-inherit text-left elementor-widget elementor-widget-text-editor\" data-id=\"1b945d4\" data-element_type=\"widget\" data-e-type=\"widget\" data-widget_type=\"text-editor.default\">\n\t\t\t\t<div class=\"elementor-widget-container\">\n\t\t\t\t\t\t\t\t\t<table class=\"table table-striped k-table\"><tbody><tr><td><strong>\u041d\u0410\u0417\u0412\u0410\u041d\u0418\u0415 \u041e\u0422\u0415\u041b\u042f<\/strong><\/td><td><strong>\u041f\u0420\u041e\u0414\u0423\u041a\u0422<\/strong><\/td><td><strong>\u041e\u0411\u041b\u0410\u0421\u0422\u042c \u0420\u0410\u0419\u041e\u041d<\/strong><\/td><\/tr><tr><td>\u041e\u041f\u0422\u0418\u041c\u0423\u041c \u041e\u0422\u0415\u041b\u042c\u00a0<\/td><td>\u0421\u0423\u0428\u0418\u041b\u041a\u0410 \u0414\u041b\u042f \u0412\u041e\u041b\u041e\u0421<\/td><td>\u041c\u0430\u043d\u0430\u0432\u0433\u0430\u0442\/\u0410\u043d\u0442\u0430\u043b\u044c\u044f<\/td><\/tr><tr><td>QUATRO BEACH \u041e\u0422\u0415\u041b\u042c\u00a0<\/td><td>\u0421\u0423\u0428\u0418\u041b\u041a\u0410 \u0414\u041b\u042f \u0412\u041e\u041b\u041e\u0421<\/td><td>\u0410\u043b\u0430\u043d\u044c\u044f\/\u0410\u043d\u0442\u0430\u043b\u044c\u044f<\/td><\/tr><tr><td>\u041e\u0422\u0415\u041b\u042c \u041a\u0415\u041c\u0410\u041b \u0411\u0415\u0419\u00a0<\/td><td>\u0421\u0423\u0428\u0418\u041b\u041a\u0410 \u0414\u041b\u042f \u0412\u041e\u041b\u041e\u0421<\/td><td>\u0410\u043b\u0430\u043d\u044c\u044f\/\u0410\u043d\u0442\u0430\u043b\u044c\u044f<\/td><\/tr><tr><td>\u0422\u0423\u0420\u041a\u041c\u0415\u041d\u0421\u041a\u0418\u0419 \u041e\u0422\u0415\u041b\u042c\u00a0<\/td><td>\u0421\u0423\u0428\u0418\u041b\u041a\u0410 \u0414\u041b\u042f \u0412\u041e\u041b\u041e\u0421<\/td><td>\u0410\u043b\u0430\u043d\u044c\u044f\/\u0410\u043d\u0442\u0430\u043b\u044c\u044f<\/td><\/tr><tr><td>\u041e\u0422\u0415\u041b\u042c \"\u041a\u041b\u0423\u0411 \u041d\u0415\u041d\u0410\u00a0<\/td><td>\u0421\u0423\u0428\u0418\u041b\u041a\u0410 \u0414\u041b\u042f \u0412\u041e\u041b\u041e\u0421<\/td><td>\u041c\u0430\u043d\u0430\u0432\u0433\u0430\u0442\/\u0410\u043b\u0430\u043d\u0438\u044f<\/td><\/tr><tr><td>EFTELIA AQUA \u041e\u0422\u0415\u041b\u042c\u00a0<\/td><td>\u0421\u0423\u0428\u0418\u041b\u041a\u0410 \u0414\u041b\u042f \u0412\u041e\u041b\u041e\u0421<\/td><td>\u0410\u043b\u0430\u043d\u044c\u044f\/\u0410\u043d\u0442\u0430\u043b\u044c\u044f<\/td><\/tr><tr><td>\u041e\u0422\u0415\u041b\u042c \u042d\u0424\u0422\u0415\u041b\u0418\u042f \u0421\u041f\u041b\u042d\u0428\u00a0<\/td><td>\u0421\u0423\u0428\u0418\u041b\u041a\u0410 \u0414\u041b\u042f \u0412\u041e\u041b\u041e\u0421<\/td><td>\u0410\u043b\u0430\u043d\u044c\u044f\/\u0410\u043d\u0442\u0430\u043b\u044c\u044f<\/td><\/tr><tr><td>\u041a\u0423\u0420\u041e\u0420\u0422\u041d\u042b\u0419 \u041e\u0422\u0415\u041b\u042c \u0411\u0415\u041b\u0415\u041a \u0411\u0418\u0427\u00a0<\/td><td>\u0421\u0423\u0428\u0418\u041b\u041a\u0410 \u0414\u041b\u042f \u0412\u041e\u041b\u041e\u0421<\/td><td>\u0411\u0415\u041b\u0415\u041a\/\u0410\u041d\u0422\u0410\u041b\u042c\u042f<\/td><\/tr><tr><td>\u0421\u0418\u0414\u0415 \u041c\u0410\u0420\u0415 \u0420\u0415\u0417\u041e\u0420\u0422 \u041e\u0422\u0415\u041b\u042c\u00a0<\/td><td>\u0421\u0423\u0428\u0418\u041b\u041a\u0410 \u0414\u041b\u042f \u0412\u041e\u041b\u041e\u0421<\/td><td>\u0421\u0418\u0414\u0415\/\u0410\u041d\u0422\u0410\u041b\u042c\u042f<\/td><\/tr><tr><td>\u041e\u0422\u0415\u041b\u042c DO\u011eANAY\u00a0<\/td><td>\u0421\u0423\u0428\u0418\u041b\u041a\u0410 \u0414\u041b\u042f \u0412\u041e\u041b\u041e\u0421<\/td><td>\u0410\u043b\u0430\u043d\u044c\u044f\/\u0410\u043d\u0442\u0430\u043b\u044c\u044f<\/td><\/tr><tr><td>\u042d\u041b\u042c\u0412\u0418\u041d \u0414\u0415\u041b\u042e\u041a\u0421 \u041e\u0422\u0415\u041b\u042c\u00a0<\/td><td>\u0421\u0423\u0428\u0418\u041b\u041a\u0410 \u0414\u041b\u042f \u0412\u041e\u041b\u041e\u0421<\/td><td>\u0410\u043b\u0430\u043d\u044c\u044f\/\u0410\u043d\u0442\u0430\u043b\u044c\u044f<\/td><\/tr><tr><td>\u041e\u0422\u0415\u041b\u042c \"\u0418\u041d\u041d \u0412\u0418\u0421\u0422\u0410\u00a0<\/td><td>\u0421\u0423\u0428\u0418\u041b\u041a\u0410 \u0414\u041b\u042f \u0412\u041e\u041b\u041e\u0421<\/td><td>\u0411\u0415\u041b\u0415\u041a\/\u0410\u041d\u0422\u0410\u041b\u042c\u042f<\/td><\/tr><tr><td>CALIDOMARIS \u041e\u0422\u0415\u041b\u042c\u00a0<\/td><td>\u0421\u0423\u0428\u0418\u041b\u041a\u0410 \u0414\u041b\u042f \u0412\u041e\u041b\u041e\u0421<\/td><td>\u041c\u0430\u043d\u0430\u0432\u0433\u0430\u0442\/\u0410\u043d\u0442\u0430\u043b\u044c\u044f<\/td><\/tr><tr><td>\u041e\u0422\u0415\u041b\u042c \"\u041c\u0415\u0420\u041c\u0410\u0418\u0414\u00a0<\/td><td>\u0421\u0423\u0428\u0418\u041b\u041a\u0410 \u0414\u041b\u042f \u0412\u041e\u041b\u041e\u0421<\/td><td>\u0410\u043b\u0430\u043d\u044c\u044f\/\u0410\u043d\u0442\u0430\u043b\u044c\u044f<\/td><\/tr><tr><td>\u041e\u0422\u0415\u041b\u042c \u0424\u041b\u041e\u0420\u0410 \u0411\u0418\u0427\u00a0<\/td><td>\u0421\u0423\u0428\u0418\u041b\u041a\u0410 \u0414\u041b\u042f \u0412\u041e\u041b\u041e\u0421<\/td><td>\u0410\u043b\u0430\u043d\u044c\u044f\/\u0410\u043d\u0442\u0430\u043b\u044c\u044f<\/td><\/tr><tr><td>\u041e\u0422\u0415\u041b\u042c \"\u0421\u0415\u0425\u0415\u0420\u00a0<\/td><td>\u0421\u0423\u0428\u0418\u041b\u041a\u0410 \u0414\u041b\u042f \u0412\u041e\u041b\u041e\u0421<\/td><td>\u0421\u0418\u0414\u0415\/\u0410\u041d\u0422\u0410\u041b\u042c\u042f<\/td><\/tr><tr><td>\u041e\u0422\u0415\u041b\u042c \u0421\u0423\u042d\u041d\u041e\u00a0<\/td><td>\u0421\u0423\u0428\u0418\u041b\u041a\u0410 \u0414\u041b\u042f \u0412\u041e\u041b\u041e\u0421<\/td><td>\u0411\u0415\u041b\u0415\u041a\/\u0410\u041d\u0422\u0410\u041b\u042c\u042f<\/td><\/tr><tr><td>VI\u0307STA HOTEL MERSIN<\/td><td>\u0421\u0423\u0428\u0418\u041b\u041a\u0410 \u0414\u041b\u042f \u0412\u041e\u041b\u041e\u0421<\/td><td>\u0426\u0415\u041d\u0422\u0420\/\u041c\u0415\u0420\u0421\u0418\u041d<\/td><\/tr><tr><td>\u041e\u0422\u0415\u041b\u042c \"\u041a\u041b\u0423\u0411 \u041d\u0415\u041d\u0410\u00a0<\/td><td>\u0421\u0423\u0428\u0418\u041b\u041a\u0410 \u0414\u041b\u042f \u0412\u041e\u041b\u041e\u0421<\/td><td>\u041c\u0430\u043d\u0430\u0432\u0433\u0430\u0442\/\u0410\u043d\u0442\u0430\u043b\u044c\u044f<\/td><\/tr><tr><td>\u041a\u0423\u0420\u041e\u0420\u0422\u041d\u042b\u0419 \u041e\u0422\u0415\u041b\u042c \u042d\u0424\u0422\u0415\u041b\u0418\u042f\u00a0<\/td><td>\u0421\u0423\u0428\u0418\u041b\u041a\u0410 \u0414\u041b\u042f \u0412\u041e\u041b\u041e\u0421<\/td><td>\u0410\u043b\u0430\u043d\u044c\u044f\/\u0410\u043d\u0442\u0430\u043b\u044c\u044f<\/td><\/tr><tr><td>\u041e\u0422\u0415\u041b\u042c \"\u0413\u0415\u041c\u0415\u0420\u0410\u00a0<\/td><td>\u0421\u0423\u0428\u0418\u041b\u041a\u0410 \u0414\u041b\u042f \u0412\u041e\u041b\u041e\u0421<\/td><td>\u041c\u0430\u043d\u0430\u0432\u0433\u0430\u0442\/\u0410\u043d\u0442\u0430\u043b\u044c\u044f<\/td><\/tr><tr><td>\u0421\u0418\u0420\u0415\u041d\u0415 \u0413\u041e\u041b\u0424 \u041e\u0422\u0415\u041b\u042c\u00a0<\/td><td>\u0421\u0423\u0428\u0418\u041b\u041a\u0410 \u0414\u041b\u042f \u0412\u041e\u041b\u041e\u0421<\/td><td>\u0411\u0415\u041b\u0415\u041a\/\u0410\u041d\u0422\u0410\u041b\u042c\u042f<\/td><\/tr><tr><td>\u041a\u0423\u0420\u041e\u0420\u0422\u041d\u042b\u0419 \u041e\u0422\u0415\u041b\u042c \u0411\u0415\u041b\u0415\u041a \u0411\u0418\u0427\u00a0<\/td><td>\u0421\u0423\u0428\u0418\u041b\u041a\u0410 \u0414\u041b\u042f \u0412\u041e\u041b\u041e\u0421<\/td><td>\u0411\u0415\u041b\u0415\u041a\/\u0410\u041d\u0422\u0410\u041b\u042c\u042f<\/td><\/tr><tr><td>\u0421\u0418\u0414\u0415 \u041c\u0410\u0420\u0415 \u0420\u0415\u0417\u041e\u0420\u0422 \u041e\u0422\u0415\u041b\u042c\u00a0<\/td><td>\u0421\u0423\u0428\u0418\u041b\u041a\u0410 \u0414\u041b\u042f \u0412\u041e\u041b\u041e\u0421<\/td><td>\u0421\u0418\u0414\u0415\/\u0410\u041d\u0422\u0410\u041b\u042c\u042f<\/td><\/tr><tr><td>\u041a\u0423\u0420\u041e\u0420\u0422\u041d\u042b\u0419 \u041e\u0422\u0415\u041b\u042c \u0428\u0415\u0420\u0412\u0423\u0414\u00a0<\/td><td>\u0421\u0423\u0428\u0418\u041b\u041a\u0410 \u0414\u041b\u042f \u0412\u041e\u041b\u041e\u0421<\/td><td>\u041a\u0415\u041c\u0415\u0420\/\u0410\u041d\u0422\u0410\u041b\u042c\u042f<\/td><\/tr><tr><td>\u041e\u0422\u0415\u041b\u042c \u0411\u0415\u041b\u041b\u0418\u0421\u00a0<\/td><td>\u0421\u0423\u0428\u0418\u041b\u041a\u0410 \u0414\u041b\u042f \u0412\u041e\u041b\u041e\u0421<\/td><td>\u0411\u0415\u041b\u0415\u041a\/\u0410\u041d\u0422\u0410\u041b\u042c\u042f<\/td><\/tr><tr><td>SORGUN BOSPHORUS HOTEL\u00a0<\/td><td>\u0421\u0423\u0428\u0418\u041b\u041a\u0410 \u0414\u041b\u042f \u0412\u041e\u041b\u041e\u0421<\/td><td>\u041c\u0430\u043d\u0430\u0432\u0433\u0430\u0442\/\u0410\u043d\u0442\u0430\u043b\u044c\u044f<\/td><\/tr><tr><td>\u0413\u0420\u0410\u041d\u0414 \u0422\u0410\u0419\u041c \u041e\u0422\u0415\u041b\u042c\u00a0<\/td><td>\u0421\u0423\u0428\u0418\u041b\u041a\u0410 \u0414\u041b\u042f \u0412\u041e\u041b\u041e\u0421<\/td><td>\u0410\u043b\u0430\u043d\u044c\u044f\/\u0410\u043d\u0442\u0430\u043b\u044c\u044f<\/td><\/tr><tr><td>\u041e\u0422\u0415\u041b\u042c SUNPARK MARINA\u00a0<\/td><td>\u0421\u0423\u0428\u0418\u041b\u041a\u0410 \u0414\u041b\u042f \u0412\u041e\u041b\u041e\u0421<\/td><td>\u0410\u043b\u0430\u043d\u044c\u044f\/\u0410\u043d\u0442\u0430\u043b\u044c\u044f<\/td><\/tr><tr><td>\u041e\u0422\u0415\u041b\u042c CLUB DEM\u00a0<\/td><td>\u0421\u0423\u0428\u0418\u041b\u041a\u0410 \u0414\u041b\u042f \u0412\u041e\u041b\u041e\u0421<\/td><td>\u0410\u043b\u0430\u043d\u044c\u044f\/\u0410\u043d\u0442\u0430\u043b\u044c\u044f<\/td><\/tr><tr><td>\u041e\u0422\u0415\u041b\u042c \"\u0427\u0418\u041d\u0410\u0420 \u0413\u0410\u0420\u0414\u0415\u041d\u00a0<\/td><td>\u0421\u0423\u0428\u0418\u041b\u041a\u0410 \u0414\u041b\u042f \u0412\u041e\u041b\u041e\u0421<\/td><td>\u041c\u0430\u043d\u0430\u0432\u0433\u0430\u0442\/\u0410\u043d\u0442\u0430\u043b\u044c\u044f<\/td><\/tr><tr><td>\u041c\u0415\u0420\u041a\u0410\u041d \u041e\u0422\u0415\u041b\u042c\u00a0<\/td><td>\u0421\u0423\u0428\u0418\u041b\u041a\u0410 \u0414\u041b\u042f \u0412\u041e\u041b\u041e\u0421<\/td><td>\u041a\u041e\u041d\u042c\u042f\u0410\u041b\u0422\u042b\/\u0410\u041d\u0422\u0410\u041b\u042c\u042f<\/td><\/tr><tr><td>\u041e\u0422\u0415\u041b\u042c \"\u0421\u0415\u0410\u041c\u0415\u041b\u0418\u042f\u00a0<\/td><td>\u0421\u0423\u0428\u0418\u041b\u041a\u0410 \u0414\u041b\u042f \u0412\u041e\u041b\u041e\u0421<\/td><td>\u041c\u0430\u043d\u0430\u0432\u0433\u0430\u0442\/\u0410\u043d\u0442\u0430\u043b\u044c\u044f<\/td><\/tr><tr><td>\u041e\u0422\u0415\u041b\u042c \u0421\u0412\u0410\u041d\u0414\u041e\u0420\u00a0<\/td><td>\u0421\u0423\u0428\u0418\u041b\u041a\u0410 \u0414\u041b\u042f \u0412\u041e\u041b\u041e\u0421<\/td><td>\u041a\u0423\u041d\u0414\u0423\/\u0410\u041d\u0422\u0410\u041b\u0418\u042f<\/td><\/tr><tr><td>\u0421\u0415\u041b\u0413\u0415 \u0411\u0418\u0427 \u041e\u0422\u0415\u041b\u042c\u00a0<\/td><td>\u0421\u0423\u0428\u0418\u041b\u041a\u0410 \u0414\u041b\u042f \u0412\u041e\u041b\u041e\u0421<\/td><td>\u041c\u0430\u043d\u0430\u0432\u0433\u0430\u0442\/\u0410\u043d\u0442\u0430\u043b\u044c\u044f<\/td><\/tr><tr><td>\u041a\u0423\u0420\u041e\u0420\u0422\u041d\u042b\u0419 \u041e\u0422\u0415\u041b\u042c \u041a\u0421\u0410\u041d\u0410\u0414\u0423\u00a0<\/td><td>\u0421\u0423\u0428\u0418\u041b\u041a\u0410 \u0414\u041b\u042f \u0412\u041e\u041b\u041e\u0421<\/td><td>\u0411\u0415\u041b\u0415\u041a\/\u0410\u041d\u0422\u0410\u041b\u042c\u042f<\/td><\/tr><tr><td>\u041b\u0410\u0412\u0420\u041e\u0412\u042b\u0419 \u0417\u0412\u0401\u0417\u0414\u041d\u042b\u0419 \u041e\u0422\u0415\u041b\u042c\u00a0<\/td><td>\u0421\u0423\u0428\u0418\u041b\u041a\u0410 \u0414\u041b\u042f \u0412\u041e\u041b\u041e\u0421<\/td><td>\u041c\u0430\u043d\u0430\u0432\u0433\u0430\u0442\/\u0410\u043d\u0442\u0430\u043b\u044c\u044f<\/td><\/tr><tr><td>\u041e\u0422\u0415\u041b\u042c \u041c\u0423\u041a\u0410\u0420\u041d\u0410\u0421\u00a0<\/td><td>\u0421\u0423\u0428\u0418\u041b\u041a\u0410 \u0414\u041b\u042f \u0412\u041e\u041b\u041e\u0421<\/td><td>\u0410\u043b\u0430\u043d\u044c\u044f\/\u0410\u043d\u0442\u0430\u043b\u044c\u044f<\/td><\/tr><tr><td>\u041e\u0422\u0415\u041b\u042c \u0423\u0422\u041e\u041f\u0418\u042f \u041c\u0418\u0420\u00a0<\/td><td>\u0421\u0423\u0428\u0418\u041b\u041a\u0410 \u0414\u041b\u042f \u0412\u041e\u041b\u041e\u0421<\/td><td>\u0410\u043b\u0430\u043d\u044c\u044f\/\u0410\u043d\u0442\u0430\u043b\u044c\u044f<\/td><\/tr><tr><td>VI\u0307STA HOTEL MERSIN<\/td><td>\u0421\u0423\u0428\u0418\u041b\u041a\u0410 \u0414\u041b\u042f \u0412\u041e\u041b\u041e\u0421<\/td><td>\u0426\u0415\u041d\u0422\u0420\/\u041c\u0415\u0420\u0421\u0418\u041d<\/td><\/tr><tr><td>EFTELIA AQUA \u041e\u0422\u0415\u041b\u042c\u00a0<\/td><td>\u0421\u0423\u0428\u0418\u041b\u041a\u0410 \u0414\u041b\u042f \u0412\u041e\u041b\u041e\u0421<\/td><td>\u0410\u043b\u0430\u043d\u044c\u044f\/\u0410\u043d\u0442\u0430\u043b\u044c\u044f<\/td><\/tr><tr><td>\u041a\u0423\u0420\u041e\u0420\u0422\u041d\u042b\u0419 \u041e\u0422\u0415\u041b\u042c \u0411\u0415\u041b\u0415\u041a \u0411\u0418\u0427\u00a0<\/td><td>\u0421\u0423\u0428\u0418\u041b\u041a\u0410 \u0414\u041b\u042f \u0412\u041e\u041b\u041e\u0421<\/td><td>\u0411\u0415\u041b\u0415\u041a\/\u0410\u041d\u0422\u0410\u041b\u042c\u042f<\/td><\/tr><tr><td>\u0421\u0418\u0414\u0415 \u041c\u0410\u0420\u0415 \u0420\u0415\u0417\u041e\u0420\u0422 \u041e\u0422\u0415\u041b\u042c\u00a0<\/td><td>\u0421\u0423\u0428\u0418\u041b\u041a\u0410 \u0414\u041b\u042f \u0412\u041e\u041b\u041e\u0421<\/td><td>\u0421\u0418\u0414\u0415\/\u0410\u041d\u0422\u0410\u041b\u042c\u042f<\/td><\/tr><tr><td>\u041e\u0422\u0415\u041b\u042c \u0428\u0415\u0420\u0412\u0423\u0414 \u0421\u042c\u042e\u0422\u0421\u00a0<\/td><td>\u0421\u0423\u0428\u0418\u041b\u041a\u0410 \u0414\u041b\u042f \u0412\u041e\u041b\u041e\u0421<\/td><td>\u041a\u0423\u041d\u0414\u0423\/\u0410\u041d\u0422\u0410\u041b\u0418\u042f<\/td><\/tr><tr><td>\u041e\u0422\u0415\u041b\u042c PALOMA OCEANA\u00a0<\/td><td>\u0421\u0423\u0428\u0418\u041b\u041a\u0410 \u0414\u041b\u042f \u0412\u041e\u041b\u041e\u0421<\/td><td>\u041c\u0430\u043d\u0430\u0432\u0433\u0430\u0442\/\u0410\u043d\u0442\u0430\u043b\u044c\u044f<\/td><\/tr><tr><td>\u041e\u0422\u0415\u041b\u042c \"\u0413\u041e\u041b\u0423\u0411\u0410\u042f \u0412\u041e\u041b\u041d\u0410\u00a0<\/td><td>\u0421\u0423\u0428\u0418\u041b\u041a\u0410 \u0414\u041b\u042f \u0412\u041e\u041b\u041e\u0421<\/td><td>\u0410\u043b\u0430\u043d\u044c\u044f\/\u0410\u043d\u0442\u0430\u043b\u044c\u044f<\/td><\/tr><tr><td>\u041a\u0423\u0420\u041e\u0420\u0422\u041d\u042b\u0419 \u041e\u0422\u0415\u041b\u042c \"\u041d\u0410\u0420\u0421\u0418\u042f\u00a0<\/td><td>\u0421\u0423\u0428\u0418\u041b\u041a\u0410 \u0414\u041b\u042f \u0412\u041e\u041b\u041e\u0421<\/td><td>\u041c\u0430\u043d\u0430\u0432\u0433\u0430\u0442\/\u0410\u043d\u0442\u0430\u043b\u044c\u044f<\/td><\/tr><tr><td>SORGUN BOSPHORUS HOTEL\u00a0<\/td><td>\u0421\u0423\u0428\u0418\u041b\u041a\u0410 \u0414\u041b\u042f \u0412\u041e\u041b\u041e\u0421<\/td><td>\u041c\u0430\u043d\u0430\u0432\u0433\u0430\u0442\/\u0410\u043d\u0442\u0430\u043b\u044c\u044f<\/td><\/tr><tr><td>\u041a\u0410\u041c\u0415\u041b\u042c\u042f \u0412\u041e\u0420\u041b\u0414 \u041e\u0422\u0415\u041b\u042c\u00a0<\/td><td>\u0421\u0423\u0428\u0418\u041b\u041a\u0410 \u0414\u041b\u042f \u0412\u041e\u041b\u041e\u0421<\/td><td>\u041c\u0430\u043d\u0430\u0432\u0433\u0430\u0442\/\u0410\u043d\u0442\u0430\u043b\u044c\u044f<\/td><\/tr><tr><td>\u041e\u0422\u0415\u041b\u042c \"\u0411\u0415\u041b\u042b\u0419 \u0413\u041e\u0420\u041e\u0414\u00a0<\/td><td>\u0421\u0423\u0428\u0418\u041b\u041a\u0410 \u0414\u041b\u042f \u0412\u041e\u041b\u041e\u0421<\/td><td>\u0410\u043b\u0430\u043d\u044c\u044f\/\u0410\u043d\u0442\u0430\u043b\u044c\u044f<\/td><\/tr><tr><td>\u041e\u0422\u0415\u041b\u042c \"\u0410\u041c\u0411\u0410\u0421\u0421\u0410\u0414\u041e\u0420\u00a0<\/td><td>\u0421\u0423\u0428\u0418\u041b\u041a\u0410 \u0414\u041b\u042f \u0412\u041e\u041b\u041e\u0421<\/td><td>\u041a\u0415\u041c\u0415\u0420\/\u0410\u041d\u0422\u0410\u041b\u042c\u042f<\/td><\/tr><tr><td>\u041a\u0410\u0420\u0411\u0415\u041b\u042c \u041e\u0422\u0415\u041b\u042c\u00a0<\/td><td>\u0421\u0423\u0428\u0418\u041b\u041a\u0410 \u0414\u041b\u042f \u0412\u041e\u041b\u041e\u0421<\/td><td>\u0424\u0415\u0422\u0425\u0418\u0415\/\u041c\u0423\u0413\u041b\u0410<\/td><\/tr><tr><td>\u041e\u0442\u0435\u043b\u044c \u0410\u0441\u0442\u0435\u0440\u0438\u044f \u041a\u0440\u0435\u043c\u043b\u044c\u00a0<\/td><td>\u0421\u0423\u0428\u0418\u041b\u041a\u0410 \u0414\u041b\u042f \u0412\u041e\u041b\u041e\u0421<\/td><td>\u041a\u0415\u041c\u0415\u0420\/\u0410\u041d\u0422\u0410\u041b\u042c\u042f<\/td><\/tr><tr><td>\u041e\u0422\u0415\u041b\u042c \u0410\u041a\u0412\u0410 \u041c\u0410\u0420\u0418\u041d\u00a0<\/td><td>\u0421\u0423\u0428\u0418\u041b\u041a\u0410 \u0414\u041b\u042f \u0412\u041e\u041b\u041e\u0421<\/td><td>\u041c\u0430\u043d\u0430\u0432\u0433\u0430\u0442\/\u0410\u043d\u0442\u0430\u043b\u044c\u044f<\/td><\/tr><tr><td>\u041e\u0422\u0415\u041b\u042c \u0421\u0412\u0410\u041d\u0414\u041e\u0420\u00a0<\/td><td>\u0421\u0423\u0428\u0418\u041b\u041a\u0410 \u0414\u041b\u042f \u0412\u041e\u041b\u041e\u0421<\/td><td>\u0410\u041d\u0422\u0410\u041b\u0418\u042f\/\u041a\u0423\u041d\u0414\u0423<\/td><\/tr><tr><td>\u041e\u0422\u0415\u041b\u042c \u041c\u0415\u0413\u0410\u0421\u0410\u0420\u0410\u0419\u00a0<\/td><td>\u0421\u0423\u0428\u0418\u041b\u041a\u0410 \u0414\u041b\u042f \u0412\u041e\u041b\u041e\u0421<\/td><td>\u0411\u0415\u041b\u0415\u041a\/\u0410\u041d\u0422\u0410\u041b\u042c\u042f<\/td><\/tr><tr><td>RI\u0307VI\u0307ERA ZEN HOTEL\u00a0<\/td><td>\u0421\u0423\u0428\u0418\u041b\u041a\u0410 \u0414\u041b\u042f \u0412\u041e\u041b\u041e\u0421<\/td><td>\u0410\u043b\u0430\u043d\u044c\u044f\/\u0410\u043d\u0442\u0430\u043b\u044c\u044f<\/td><\/tr><tr><td>\u041e\u0422\u0415\u041b\u042c \"\u041c\u0418\u0420 \u041c\u0410\u0420\u0415\u00a0<\/td><td>\u0421\u0423\u0428\u0418\u041b\u041a\u0410 \u0414\u041b\u042f \u0412\u041e\u041b\u041e\u0421<\/td><td>\u041c\u0430\u043d\u0430\u0432\u0433\u0430\u0442\/\u0410\u043d\u0442\u0430\u043b\u044c\u044f<\/td><\/tr><tr><td>\u041a\u0423\u0420\u041e\u0420\u0422\u041d\u042b\u0419 \u041e\u0422\u0415\u041b\u042c \u0411\u0415\u041b\u041b\u0410\u00a0<\/td><td>\u0421\u0423\u0428\u0418\u041b\u041a\u0410 \u0414\u041b\u042f \u0412\u041e\u041b\u041e\u0421<\/td><td>\u0410\u041d\u0422\u0410\u041b\u0418\u042f\/\u041c\u0410\u041d\u0410\u0412\u0413\u0410\u0422<\/td><\/tr><tr><td>\u041a\u0423\u0420\u041e\u0420\u0422\u041d\u042b\u0419 \u041e\u0422\u0415\u041b\u042c \u0411\u0415\u041b\u0415\u041a \u0411\u0418\u0427\u00a0<\/td><td>\u0421\u0423\u0428\u0418\u041b\u041a\u0410 \u0414\u041b\u042f \u0412\u041e\u041b\u041e\u0421<\/td><td>\u0411\u0415\u041b\u0415\u041a\/\u0410\u041d\u0422\u0410\u041b\u042c\u042f<\/td><\/tr><tr><td>\u041e\u0422\u0415\u041b\u042c \u0428\u0415\u0420\u0412\u0423\u0414 \u0414\u0420\u0418\u041c\u0421\u00a0<\/td><td>\u0421\u0423\u0428\u0418\u041b\u041a\u0410 \u0414\u041b\u042f \u0412\u041e\u041b\u041e\u0421<\/td><td>\u0411\u0415\u041b\u0415\u041a\/\u0410\u041d\u0422\u0410\u041b\u042c\u042f<\/td><\/tr><tr><td>JUSTI\u0307NI\u0307ANO PARK CONTI\u0307 HOTEL<\/td><td>\u0421\u0423\u0428\u0418\u041b\u041a\u0410 \u0414\u041b\u042f \u0412\u041e\u041b\u041e\u0421<\/td><td>\u0410\u043b\u0430\u043d\u044c\u044f\/\u0410\u043d\u0442\u0430\u043b\u044c\u044f<\/td><\/tr><tr><td>\u041e\u0422\u0415\u041b\u042c \"\u0427\u0418\u0421\u0422\u042b\u0419 \u0411\u041b\u0410\u041d\u0428\u00a0<\/td><td>\u0421\u0423\u0428\u0418\u041b\u041a\u0410 \u0414\u041b\u042f \u0412\u041e\u041b\u041e\u0421<\/td><td>\u041c\u0423\u0420\u0410\u0422\u041f\u0410\u0428\u0410\/\u0410\u041d\u0422\u0410\u041b\u042c\u042f<\/td><\/tr><tr><td>\u041e\u0422\u0415\u041b\u042c SAI\u0307LORS BEACH\u00a0<\/td><td>\u0421\u0423\u0428\u0418\u041b\u041a\u0410 \u0414\u041b\u042f \u0412\u041e\u041b\u041e\u0421<\/td><td>\u041a\u0415\u041c\u0415\u0420\/\u0410\u041d\u0422\u0410\u041b\u042c\u042f<\/td><\/tr><tr><td>\u0420\u0418\u041a\u0421\u041e\u0421 \u041e\u0422\u0415\u041b\u042c \u0411\u041e\u0414\u0420\u0423\u041c\u00a0<\/td><td>\u0421\u0423\u0428\u0418\u041b\u041a\u0410 \u0414\u041b\u042f \u0412\u041e\u041b\u041e\u0421<\/td><td>BODRUM\/MU\u011eLA<\/td><\/tr><tr><td>\u041e\u0422\u0415\u041b\u042c JUSTI\u0307NIANO\u00a0<\/td><td>\u0421\u0423\u0428\u0418\u041b\u041a\u0410 \u0414\u041b\u042f \u0412\u041e\u041b\u041e\u0421<\/td><td>\u041c\u0423\u0420\u0410\u0422\u041f\u0410\u0428\u0410\/\u0410\u041d\u0422\u0410\u041b\u042c\u042f<\/td><\/tr><tr><td>\u0421\u0423\u041b\u0422\u0410\u041d \u0421\u0410\u0419\u0414 \u041e\u0422\u0415\u041b\u042c\u00a0<\/td><td>\u0421\u0423\u0428\u0418\u041b\u041a\u0410 \u0414\u041b\u042f \u0412\u041e\u041b\u041e\u0421<\/td><td>\u0421\u0418\u0414\u0415\/\u0410\u041d\u0422\u0410\u041b\u042c\u042f<\/td><\/tr><tr><td>\u041c\u0418\u042f\u0421 \u041e\u0422\u0415\u041b\u042c<\/td><td>\u0421\u0423\u0428\u0418\u041b\u041a\u0410 \u0414\u041b\u042f \u0412\u041e\u041b\u041e\u0421<\/td><td>\u041a\u0415\u041c\u0415\u0420\/\u0410\u041d\u0422\u0410\u041b\u042c\u042f<\/td><\/tr><tr><td>\u041e\u0422\u0415\u041b\u042c \"\u0420\u0415\u041a\u0410 \u0418 \u041e\u0417\u0415\u0420\u041e\u00a0<\/td><td>\u0421\u0423\u0428\u0418\u041b\u041a\u0410 \u0414\u041b\u042f \u0412\u041e\u041b\u041e\u0421<\/td><td>\u041c\u0430\u043d\u0430\u0432\u0433\u0430\u0442\/\u0410\u043d\u0442\u0430\u043b\u044c\u044f<\/td><\/tr><tr><td>\u041e\u0422\u0415\u041b\u042c \u041c\u0415\u0413\u0410\u0421\u0410\u0420\u0410\u0419\u00a0<\/td><td>\u0421\u0423\u0428\u0418\u041b\u041a\u0410 \u0414\u041b\u042f \u0412\u041e\u041b\u041e\u0421<\/td><td>\u0411\u0415\u041b\u0415\u041a\/\u0410\u041d\u0422\u0410\u041b\u042c\u042f<\/td><\/tr><tr><td>VICTORY BE MINE \u041e\u0422\u0415\u041b\u042c<\/td><td>\u0421\u0423\u0428\u0418\u041b\u041a\u0410 \u0414\u041b\u042f \u0412\u041e\u041b\u041e\u0421<\/td><td>\u041c\u0430\u043d\u0430\u0432\u0433\u0430\u0442\/\u0410\u043d\u0442\u0430\u043b\u044c\u044f<\/td><\/tr><\/tbody><\/table>\t\t\t\t\t\t\t\t<\/div>\n\t\t\t\t<\/div>\n\t\t\t\t\t<\/div>\n\t\t\t\t<\/div>\n\t\t\t\t<\/div>","protected":false},"excerpt":{"rendered":"<p>OTEL \u0130SM\u0130 \u00dcR\u00dcN \u0130L \u0130L\u00c7E OPT\u0130MUM OTEL\u00a0 SA\u00c7 KURUTMA MAK\u0130NES\u0130 MANAVGAT\/ANTALYA QUATRO BEACH OTEL\u00a0 SA\u00c7 KURUTMA MAK\u0130NES\u0130 ALANYA\/ANTALYA KEMAL BAY<\/p>","protected":false},"author":2,"featured_media":0,"parent":1912,"menu_order":0,"comment_status":"closed","ping_status":"closed","template":"","meta":{"footnotes":""},"class_list":["post-1927","page","type-page","status-publish","hentry"],"_links":{"self":[{"href":"https:\/\/minsa.com.tr\/ru\/wp-json\/wp\/v2\/pages\/1927","targetHints":{"allow":["GET"]}}],"collection":[{"href":"https:\/\/minsa.com.tr\/ru\/wp-json\/wp\/v2\/pages"}],"about":[{"href":"https:\/\/minsa.com.tr\/ru\/wp-json\/wp\/v2\/types\/page"}],"author":[{"embeddable":true,"href":"https:\/\/minsa.com.tr\/ru\/wp-json\/wp\/v2\/users\/2"}],"replies":[{"embeddable":true,"href":"https:\/\/minsa.com.tr\/ru\/wp-json\/wp\/v2\/comments?post=1927"}],"version-history":[{"count":0,"href":"https:\/\/minsa.com.tr\/ru\/wp-json\/wp\/v2\/pages\/1927\/revisions"}],"up":[{"embeddable":true,"href":"https:\/\/minsa.com.tr\/ru\/wp-json\/wp\/v2\/pages\/1912"}],"wp:attachment":[{"href":"https:\/\/minsa.com.tr\/ru\/wp-json\/wp\/v2\/media?parent=1927"}],"curies":[{"name":"wp","href":"https:\/\/api.w.org\/{rel}","templated":true}]}}