{"id":3265,"date":"2025-10-20T11:46:17","date_gmt":"2025-10-20T11:46:17","guid":{"rendered":"https:\/\/minsa.com.tr\/?post_type=product&#038;p=3265"},"modified":"2025-10-20T11:47:04","modified_gmt":"2025-10-20T11:47:04","slug":"askili-utu-masasi","status":"publish","type":"product","link":"https:\/\/minsa.com.tr\/en\/product\/askili-utu-masasi\/","title":{"rendered":"Hanging Ironing Board"},"content":{"rendered":"","protected":false},"excerpt":{"rendered":"<table border=\"1\">\n<tbody>\n<tr>\n<td>Width<\/td>\n<td>44.0 cm<\/td>\n<\/tr>\n<tr>\n<td>Depth<\/td>\n<td>1.65 cm<\/td>\n<\/tr>\n<tr>\n<td>Height<\/td>\n<td>14.0 cm<\/td>\n<\/tr>\n<tr>\n<td>G\u00f6mleklerin as\u0131labilece\u011fi ask\u0131l\u0131k<\/td>\n<td>Exists<\/td>\n<\/tr>\n<tr>\n<td>Cable Length<\/td>\n<td>190 cm<\/td>\n<\/tr>\n<tr>\n<td>Kuma\u015f Tipi<\/td>\n<td>Pamuklu Kuma\u015f<\/td>\n<\/tr>\n<tr>\n<td>Kablo<\/td>\n<td>Exists<\/td>\n<\/tr>\n<tr>\n<td>Kilit Mekanizmas\u0131<\/td>\n<td>Exists<\/td>\n<\/tr>\n<tr>\n<td>\u00dct\u00fc Masas\u0131 Ayaklar\u0131<\/td>\n<td>Yuvarlak Profil<\/td>\n<\/tr>\n<tr>\n<td>Sepet Uzunlu\u011fu<\/td>\n<td>43 cm<\/td>\n<\/tr>\n<tr>\n<td>Maksimum Y\u00fckseklik<\/td>\n<td>96 cm<\/td>\n<\/tr>\n<tr>\n<td>Minimum Y\u00fckseklik<\/td>\n<td>35 cm<\/td>\n<\/tr>\n<tr>\n<td>Kayma engelleyici silikon papu\u00e7<\/td>\n<td>Exists<\/td>\n<\/tr>\n<tr>\n<td>Priz ve kablo asma mekanizmas\u0131<\/td>\n<td>Exists<\/td>\n<\/tr>\n<tr>\n<td>Buhar jenerat\u00f6rl\u00fc \u00fct\u00fc ile kullan\u0131m\u0131<\/td>\n<td>Exists<\/td>\n<\/tr>\n<tr>\n<td>\u00dct\u00fclenmi\u015f kuma\u015flar\u0131n (havlu, ti\u015f\u00f6rt vs.) konulabilece\u011fi sabit sepet<\/td>\n<td>Exists<\/td>\n<\/tr>\n<tr>\n<td>Tabla Geni\u015fli\u011fi<\/td>\n<td>40 cm<\/td>\n<\/tr>\n<\/tbody>\n<\/table>","protected":false},"featured_media":3260,"comment_status":"open","ping_status":"closed","template":"","meta":[],"product_brand":[],"product_cat":[177],"product_tag":[],"class_list":{"0":"post-3265","1":"product","2":"type-product","3":"status-publish","4":"has-post-thumbnail","6":"product_cat-otel-utu-ve-utu-masasi","8":"first","9":"instock","10":"shipping-taxable","11":"product-type-simple"},"_links":{"self":[{"href":"https:\/\/minsa.com.tr\/en\/wp-json\/wp\/v2\/product\/3265","targetHints":{"allow":["GET"]}}],"collection":[{"href":"https:\/\/minsa.com.tr\/en\/wp-json\/wp\/v2\/product"}],"about":[{"href":"https:\/\/minsa.com.tr\/en\/wp-json\/wp\/v2\/types\/product"}],"replies":[{"embeddable":true,"href":"https:\/\/minsa.com.tr\/en\/wp-json\/wp\/v2\/comments?post=3265"}],"version-history":[{"count":0,"href":"https:\/\/minsa.com.tr\/en\/wp-json\/wp\/v2\/product\/3265\/revisions"}],"wp:featuredmedia":[{"embeddable":true,"href":"https:\/\/minsa.com.tr\/en\/wp-json\/wp\/v2\/media\/3260"}],"wp:attachment":[{"href":"https:\/\/minsa.com.tr\/en\/wp-json\/wp\/v2\/media?parent=3265"}],"wp:term":[{"taxonomy":"product_brand","embeddable":true,"href":"https:\/\/minsa.com.tr\/en\/wp-json\/wp\/v2\/product_brand?post=3265"},{"taxonomy":"product_cat","embeddable":true,"href":"https:\/\/minsa.com.tr\/en\/wp-json\/wp\/v2\/product_cat?post=3265"},{"taxonomy":"product_tag","embeddable":true,"href":"https:\/\/minsa.com.tr\/en\/wp-json\/wp\/v2\/product_tag?post=3265"}],"curies":[{"name":"wp","href":"https:\/\/api.w.org\/{rel}","templated":true}]}}