{"id":1770,"date":"2024-12-19T09:30:13","date_gmt":"2024-12-19T09:30:13","guid":{"rendered":"https:\/\/minsa.com.tr\/?post_type=product&#038;p=1770"},"modified":"2025-11-18T07:48:10","modified_gmt":"2025-11-18T07:48:10","slug":"retro","status":"publish","type":"product","link":"https:\/\/minsa.com.tr\/en\/product\/retro\/","title":{"rendered":"RETRO"},"content":{"rendered":"","protected":false},"excerpt":{"rendered":"<div class=\"product-model-list pml-padding col-sm-4\">\n<ul>\n<li><img decoding=\"async\" title=\"Gross Volume (lt)\" src=\"\/Content\/UserFiles\/Assortment\/Orjinal\/brut-hacim-5b562.png\" alt=\"Gross Volume (lt)\" \/>Gross Volume (lt) 43<\/li>\n<li><img decoding=\"async\" title=\"Gross Volume (lt)\" src=\"\/Content\/UserFiles\/Assortment\/Orjinal\/brut-hacim-5b562.png\" alt=\"Gross Volume (lt)\" \/>Net Volume ( lt ) 38<\/li>\n<li><img decoding=\"async\" title=\"Product dimensions (H x W x D) mm\" src=\"\/Content\/UserFiles\/Assortment\/Orjinal\/dis-olculer-3j858.png\" alt=\"Product dimensions (H x W x D) mm\" \/>\u00dcr\u00fcn \u00f6l\u00e7\u00fcs\u00fc (Y x G x D ) mm 787x 438 x 492<\/li>\n<li><img decoding=\"async\" title=\"Energy Consumption (kWh \/ Year)\" src=\"\/Content\/UserFiles\/Assortment\/Orjinal\/enerji-tuketimi-(kwh-annum)-1p704.png\" alt=\"Energy Consumption (kWh \/ Year)\" \/>Enerji T\u00fcketimi (kWh \/ Annum) 109<\/li>\n<li><img decoding=\"async\" title=\"Energy Class\" src=\"\/Content\/UserFiles\/Assortment\/Orjinal\/enerji-sinifi-l7425.png\" alt=\"Energy Class\" \/>Energy Class <span style=\"font-size: 14px;\"><span style=\"color: #ff0000;\"><strong>G<\/strong><\/span><\/span><\/li>\n<li><img decoding=\"async\" title=\"Net Weight\" src=\"\/Content\/UserFiles\/Assortment\/Orjinal\/net-agirlik-4i004.png\" alt=\"Net Weight\" \/>Net A\u011f\u0131rl\u0131k 18,3 kg<\/li>\n<li><img decoding=\"async\" title=\"Noise Level dB.\" src=\"\/Content\/UserFiles\/Assortment\/Orjinal\/gurultu-seviyesi-db-3j858.png\" alt=\"Noise Level dB.\" \/>Noise Level dB. 0<\/li>\n<\/ul>\n<\/div>","protected":false},"featured_media":1783,"comment_status":"open","ping_status":"closed","template":"","meta":[],"product_brand":[],"product_cat":[313,22],"product_tag":[],"class_list":{"0":"post-1770","1":"product","2":"type-product","3":"status-publish","4":"has-post-thumbnail","6":"product_cat-retro-minibar","7":"product_cat-mini-barlar","9":"first","10":"instock","11":"shipping-taxable","12":"product-type-simple"},"_links":{"self":[{"href":"https:\/\/minsa.com.tr\/en\/wp-json\/wp\/v2\/product\/1770","targetHints":{"allow":["GET"]}}],"collection":[{"href":"https:\/\/minsa.com.tr\/en\/wp-json\/wp\/v2\/product"}],"about":[{"href":"https:\/\/minsa.com.tr\/en\/wp-json\/wp\/v2\/types\/product"}],"replies":[{"embeddable":true,"href":"https:\/\/minsa.com.tr\/en\/wp-json\/wp\/v2\/comments?post=1770"}],"version-history":[{"count":0,"href":"https:\/\/minsa.com.tr\/en\/wp-json\/wp\/v2\/product\/1770\/revisions"}],"wp:featuredmedia":[{"embeddable":true,"href":"https:\/\/minsa.com.tr\/en\/wp-json\/wp\/v2\/media\/1783"}],"wp:attachment":[{"href":"https:\/\/minsa.com.tr\/en\/wp-json\/wp\/v2\/media?parent=1770"}],"wp:term":[{"taxonomy":"product_brand","embeddable":true,"href":"https:\/\/minsa.com.tr\/en\/wp-json\/wp\/v2\/product_brand?post=1770"},{"taxonomy":"product_cat","embeddable":true,"href":"https:\/\/minsa.com.tr\/en\/wp-json\/wp\/v2\/product_cat?post=1770"},{"taxonomy":"product_tag","embeddable":true,"href":"https:\/\/minsa.com.tr\/en\/wp-json\/wp\/v2\/product_tag?post=1770"}],"curies":[{"name":"wp","href":"https:\/\/api.w.org\/{rel}","templated":true}]}}