{"id":275,"date":"2022-05-23T11:09:46","date_gmt":"2022-05-23T11:09:46","guid":{"rendered":"http:\/\/dummy.xtemos.com\/woodmart2\/megamarket-elementor\/?page_id=275"},"modified":"2025-01-27T12:20:37","modified_gmt":"2025-01-27T12:20:37","slug":"corporate","status":"publish","type":"page","link":"https:\/\/minsa.com.tr\/en\/corporate\/","title":{"rendered":"Corporate"},"content":{"rendered":"<div data-elementor-type=\"wp-page\" data-elementor-id=\"275\" class=\"elementor elementor-275\">\n\t\t\t\t<div class=\"wd-negative-gap elementor-element elementor-element-b9b6a90 e-flex e-con-boxed e-con e-parent\" data-id=\"b9b6a90\" data-element_type=\"container\" data-e-type=\"container\">\n\t\t\t\t\t<div class=\"e-con-inner\">\n\t\t<div class=\"elementor-element elementor-element-9cbcb1a e-con-full e-flex e-con e-child\" data-id=\"9cbcb1a\" data-element_type=\"container\" data-e-type=\"container\">\n\t\t\t\t<div class=\"elementor-element elementor-element-1712b38 wd-width-100 elementor-widget elementor-widget-wd_title\" data-id=\"1712b38\" data-element_type=\"widget\" data-e-type=\"widget\" data-widget_type=\"wd_title.default\">\n\t\t\t\t<div class=\"elementor-widget-container\">\n\t\t\t\t\t\t\t<div class=\"title-wrapper wd-set-mb reset-last-child wd-title-color-default wd-title-style-default wd-title-size-large text-left\">\n\n\t\t\t\n\t\t\t<div class=\"liner-continer\">\n\t\t\t\t<p class=\"woodmart-title-container title wd-fontsize-xxl\">CORPORATE<\/p> \n\t\t\t\t\t\t\t<\/div>\n\n\t\t\t\t\t\t\t<div class=\"title-after_title reset-last-child wd-fontsize-s\">\n\t\t\t\t\t<p>With our 20 years of experience...<\/p>\t\t\t\t<\/div>\n\t\t\t\t\t<\/div>\n\t\t\t\t\t\t<\/div>\n\t\t\t\t<\/div>\n\t\t\t\t<div class=\"elementor-element elementor-element-bd2c400 elementor-widget elementor-widget-wd_text_block\" data-id=\"bd2c400\" data-element_type=\"widget\" data-e-type=\"widget\" data-widget_type=\"wd_text_block.default\">\n\t\t\t\t<div class=\"elementor-widget-container\">\n\t\t\t\t\t\t\t<div class=\"wd-text-block reset-last-child text-left\">\n\t\t\t\n\t\t\t<blockquote><p>Minsa Inc. was founded in Antalya by Taner G\u00fcndo\u011fan. With 20 years of experience gained at Akpa Inc. in the hotel equipment sector, it provides high-quality services with a wide range of products to projects in the accommodation and service sectors, primarily in the Mediterranean Region, as well as in Turkey and the TRNC, including hotels, dormitories, and hospitals.<\/p>\n<\/blockquote>\n\n\t\t\t\t\t<\/div>\n\t\t\t\t\t\t<\/div>\n\t\t\t\t<\/div>\n\t\t\t\t<\/div>\n\t\t<div class=\"elementor-element elementor-element-3659915 e-con-full e-flex e-con e-child\" data-id=\"3659915\" data-element_type=\"container\" data-e-type=\"container\">\n\t\t\t\t<div class=\"elementor-element elementor-element-2a0bd47 elementor-widget elementor-widget-image\" data-id=\"2a0bd47\" data-element_type=\"widget\" data-e-type=\"widget\" data-widget_type=\"image.default\">\n\t\t\t\t<div class=\"elementor-widget-container\">\n\t\t\t\t\t\t\t\t\t\t\t\t\t\t\t<img loading=\"lazy\" decoding=\"async\" width=\"960\" height=\"550\" src=\"https:\/\/minsa.com.tr\/wp-content\/uploads\/2024\/12\/royal-otel.jpg\" class=\"attachment-large size-large wp-image-1589\" alt=\"\" srcset=\"https:\/\/minsa.com.tr\/wp-content\/uploads\/2024\/12\/royal-otel.jpg 960w, https:\/\/minsa.com.tr\/wp-content\/uploads\/2024\/12\/royal-otel-300x172.jpg 300w, https:\/\/minsa.com.tr\/wp-content\/uploads\/2024\/12\/royal-otel-768x440.jpg 768w, https:\/\/minsa.com.tr\/wp-content\/uploads\/2024\/12\/royal-otel-150x86.jpg 150w\" sizes=\"auto, (max-width: 960px) 100vw, 960px\" \/>\t\t\t\t\t\t\t\t\t\t\t\t\t\t\t<\/div>\n\t\t\t\t<\/div>\n\t\t\t\t<\/div>\n\t\t\t\t\t<\/div>\n\t\t\t\t<\/div>\n\t\t<div class=\"wd-negative-gap elementor-element elementor-element-32c544c e-flex e-con-boxed e-con e-parent\" data-id=\"32c544c\" data-element_type=\"container\" data-e-type=\"container\">\n\t\t\t\t\t<div class=\"e-con-inner\">\n\t\t<div class=\"elementor-element elementor-element-a352333 e-con-full e-flex e-con e-child\" data-id=\"a352333\" data-element_type=\"container\" data-e-type=\"container\">\n\t\t\t\t<div class=\"elementor-element elementor-element-6b8fd2e elementor-widget elementor-widget-wd_text_block\" data-id=\"6b8fd2e\" data-element_type=\"widget\" data-e-type=\"widget\" data-widget_type=\"wd_text_block.default\">\n\t\t\t\t<div class=\"elementor-widget-container\">\n\t\t\t\t\t\t\t<div class=\"wd-text-block reset-last-child text-left\">\n\t\t\t\n\t\t\t<blockquote><p>Founded in 2016, Minsa Inc. has expanded its operations by adding authorized dealerships for ISM minibars and Beko Commercial Air Conditioning and Corporate Sales.<\/p><p>Our company, which has adopted customer satisfaction as a principle, follows innovations with leading brands and models in the industry and offers them to you, our valued customers.<\/p><p><strong><em>Your satisfaction is our gain. Thank you for choosing us...<\/em><\/strong><\/p><\/blockquote>\n\t\t\t\t\t<\/div>\n\t\t\t\t\t\t<\/div>\n\t\t\t\t<\/div>\n\t\t\t\t<\/div>\n\t\t<div class=\"elementor-element elementor-element-7d32195 e-con-full e-flex e-con e-child\" data-id=\"7d32195\" data-element_type=\"container\" data-e-type=\"container\">\n\t\t\t\t<div class=\"elementor-element elementor-element-4d56b2b elementor-widget elementor-widget-image\" data-id=\"4d56b2b\" data-element_type=\"widget\" data-e-type=\"widget\" data-widget_type=\"image.default\">\n\t\t\t\t<div class=\"elementor-widget-container\">\n\t\t\t\t\t\t\t\t\t\t\t\t\t\t\t<img loading=\"lazy\" decoding=\"async\" width=\"960\" height=\"550\" src=\"https:\/\/minsa.com.tr\/wp-content\/uploads\/2024\/12\/tui-otel.jpg\" class=\"attachment-large size-large wp-image-1590\" alt=\"\" srcset=\"https:\/\/minsa.com.tr\/wp-content\/uploads\/2024\/12\/tui-otel.jpg 960w, https:\/\/minsa.com.tr\/wp-content\/uploads\/2024\/12\/tui-otel-300x172.jpg 300w, https:\/\/minsa.com.tr\/wp-content\/uploads\/2024\/12\/tui-otel-768x440.jpg 768w, https:\/\/minsa.com.tr\/wp-content\/uploads\/2024\/12\/tui-otel-150x86.jpg 150w\" sizes=\"auto, (max-width: 960px) 100vw, 960px\" \/>\t\t\t\t\t\t\t\t\t\t\t\t\t\t\t<\/div>\n\t\t\t\t<\/div>\n\t\t\t\t<\/div>\n\t\t\t\t\t<\/div>\n\t\t\t\t<\/div>\n\t\t\t\t<\/div>","protected":false},"excerpt":{"rendered":"<p>KURUMSAL 20 y\u0131ll\u0131k tecr\u00fcbemiz ile&#8230; Minsa A.\u015e Taner G\u00fcndo\u011fan taraf\u0131ndan Antalya da kurulmu\u015f olup otel ekipmanlar\u0131 sekt\u00f6r\u00fcndeki Akpa A.\u015e de<\/p>","protected":false},"author":1,"featured_media":0,"parent":0,"menu_order":0,"comment_status":"closed","ping_status":"closed","template":"","meta":{"footnotes":""},"class_list":["post-275","page","type-page","status-publish","hentry"],"_links":{"self":[{"href":"https:\/\/minsa.com.tr\/en\/wp-json\/wp\/v2\/pages\/275","targetHints":{"allow":["GET"]}}],"collection":[{"href":"https:\/\/minsa.com.tr\/en\/wp-json\/wp\/v2\/pages"}],"about":[{"href":"https:\/\/minsa.com.tr\/en\/wp-json\/wp\/v2\/types\/page"}],"author":[{"embeddable":true,"href":"https:\/\/minsa.com.tr\/en\/wp-json\/wp\/v2\/users\/1"}],"replies":[{"embeddable":true,"href":"https:\/\/minsa.com.tr\/en\/wp-json\/wp\/v2\/comments?post=275"}],"version-history":[{"count":0,"href":"https:\/\/minsa.com.tr\/en\/wp-json\/wp\/v2\/pages\/275\/revisions"}],"wp:attachment":[{"href":"https:\/\/minsa.com.tr\/en\/wp-json\/wp\/v2\/media?parent=275"}],"curies":[{"name":"wp","href":"https:\/\/api.w.org\/{rel}","templated":true}]}}