{"id":1977,"date":"2024-12-26T11:29:24","date_gmt":"2024-12-26T11:29:24","guid":{"rendered":"https:\/\/minsa.com.tr\/?page_id=1977"},"modified":"2024-12-26T11:31:42","modified_gmt":"2024-12-26T11:31:42","slug":"cash-register","status":"publish","type":"page","link":"https:\/\/minsa.com.tr\/en\/cyprus-foreign-reference-list\/cash-register\/","title":{"rendered":"Cash register"},"content":{"rendered":"<div data-elementor-type=\"wp-page\" data-elementor-id=\"1977\" class=\"elementor elementor-1977\">\n\t\t\t\t<div class=\"wd-negative-gap elementor-element elementor-element-a22c782 e-flex e-con-boxed e-con e-parent\" data-id=\"a22c782\" data-element_type=\"container\" data-e-type=\"container\">\n\t\t\t\t\t<div class=\"e-con-inner\">\n\t\t\t\t<div class=\"elementor-element elementor-element-1b945d4 color-scheme-inherit text-left elementor-widget elementor-widget-text-editor\" data-id=\"1b945d4\" data-element_type=\"widget\" data-e-type=\"widget\" data-widget_type=\"text-editor.default\">\n\t\t\t\t<div class=\"elementor-widget-container\">\n\t\t\t\t\t\t\t\t\t<table class=\"table table-striped k-table\"><tbody><tr><td><strong>HOTEL NAME<\/strong><\/td><td><strong>PRODUCT<\/strong><\/td><td><strong>PROVINCE DISTRICT<\/strong><\/td><\/tr><tr><td>LES AMBASSADEURS HOTEL<\/td><td>CASH REGISTER<\/td><td>CYPRUS<\/td><\/tr><tr><td>VONI PALACE HOTEL<\/td><td>ISM CASE<\/td><td>CYPRUS<\/td><\/tr><tr><td>XHEKO IMPERIAL HOTEL<\/td><td>ISM CASE<\/td><td>ARNAVATUGALIA<\/td><\/tr><tr><td>CONCORDE LUXURY RESORT HOTEL<\/td><td>ISM CASE<\/td><td>CYPRUS\u00a0<\/td><\/tr><tr><td>VONI HOTEL<\/td><td>ISM CASE<\/td><td>CYPRUS<\/td><\/tr><tr><td>RIXOS DUBAI<\/td><td>ISM CASE<\/td><td>DUBAI<\/td><\/tr><\/tbody><\/table>\t\t\t\t\t\t\t\t<\/div>\n\t\t\t\t<\/div>\n\t\t\t\t\t<\/div>\n\t\t\t\t<\/div>\n\t\t\t\t<\/div>","protected":false},"excerpt":{"rendered":"<p>OTEL \u0130SM\u0130 \u00dcR\u00dcN \u0130L \u0130L\u00c7E LES AMBASSADEURS HOTEL KASA KIBRIS VON\u0130 PALACE\u00a0 HOTEL ISM KASA KIBRIS XHEKO \u0130MPER\u0130AL HOTEL ISM<\/p>","protected":false},"author":2,"featured_media":0,"parent":1962,"menu_order":0,"comment_status":"closed","ping_status":"closed","template":"","meta":{"footnotes":""},"class_list":["post-1977","page","type-page","status-publish","hentry"],"_links":{"self":[{"href":"https:\/\/minsa.com.tr\/en\/wp-json\/wp\/v2\/pages\/1977","targetHints":{"allow":["GET"]}}],"collection":[{"href":"https:\/\/minsa.com.tr\/en\/wp-json\/wp\/v2\/pages"}],"about":[{"href":"https:\/\/minsa.com.tr\/en\/wp-json\/wp\/v2\/types\/page"}],"author":[{"embeddable":true,"href":"https:\/\/minsa.com.tr\/en\/wp-json\/wp\/v2\/users\/2"}],"replies":[{"embeddable":true,"href":"https:\/\/minsa.com.tr\/en\/wp-json\/wp\/v2\/comments?post=1977"}],"version-history":[{"count":0,"href":"https:\/\/minsa.com.tr\/en\/wp-json\/wp\/v2\/pages\/1977\/revisions"}],"up":[{"embeddable":true,"href":"https:\/\/minsa.com.tr\/en\/wp-json\/wp\/v2\/pages\/1962"}],"wp:attachment":[{"href":"https:\/\/minsa.com.tr\/en\/wp-json\/wp\/v2\/media?parent=1977"}],"curies":[{"name":"wp","href":"https:\/\/api.w.org\/{rel}","templated":true}]}}