{"id":1975,"date":"2024-12-26T11:29:08","date_gmt":"2024-12-26T11:29:08","guid":{"rendered":"https:\/\/minsa.com.tr\/?page_id=1975"},"modified":"2024-12-26T11:31:17","modified_gmt":"2024-12-26T11:31:17","slug":"hair-dryer","status":"publish","type":"page","link":"https:\/\/minsa.com.tr\/en\/cyprus-foreign-reference-list\/hair-dryer\/","title":{"rendered":"Hair Drying"},"content":{"rendered":"<div data-elementor-type=\"wp-page\" data-elementor-id=\"1975\" class=\"elementor elementor-1975\">\n\t\t\t\t<div class=\"wd-negative-gap elementor-element elementor-element-a22c782 e-flex e-con-boxed e-con e-parent\" data-id=\"a22c782\" data-element_type=\"container\" data-e-type=\"container\">\n\t\t\t\t\t<div class=\"e-con-inner\">\n\t\t\t\t<div class=\"elementor-element elementor-element-1b945d4 color-scheme-inherit text-left elementor-widget elementor-widget-text-editor\" data-id=\"1b945d4\" data-element_type=\"widget\" data-e-type=\"widget\" data-widget_type=\"text-editor.default\">\n\t\t\t\t<div class=\"elementor-widget-container\">\n\t\t\t\t\t\t\t\t\t<table class=\"table table-striped k-table\"><tbody><tr><td><strong>HOTEL NAME<\/strong><\/td><td><strong>PRODUCT<\/strong><\/td><td><strong>PROVINCE DISTRICT<\/strong><\/td><\/tr><tr><td>VONI PALACE HOTEL<\/td><td>ISM HAIR DRYER<\/td><td>CYPRUS<\/td><\/tr><tr><td>XHEKO IMPERIAL HOTEL<\/td><td>ISM HAIR DRYER<\/td><td>ARNAVATUGALIA<\/td><\/tr><tr><td>VONI PALACE HOTEL<\/td><td>ISM HAIR DRYER<\/td><td>CYPRUS<\/td><\/tr><\/tbody><\/table>\t\t\t\t\t\t\t\t<\/div>\n\t\t\t\t<\/div>\n\t\t\t\t\t<\/div>\n\t\t\t\t<\/div>\n\t\t\t\t<\/div>","protected":false},"excerpt":{"rendered":"<p>OTEL \u0130SM\u0130 \u00dcR\u00dcN \u0130L \u0130L\u00c7E VON\u0130 PALACE\u00a0 HOTEL ISM SA\u00c7 KURUTMA KIBRIS XHEKO \u0130MPER\u0130AL HOTEL ISM SA\u00c7 KURUTMA ARNAVUTLUK VON\u0130<\/p>","protected":false},"author":2,"featured_media":0,"parent":1962,"menu_order":0,"comment_status":"closed","ping_status":"closed","template":"","meta":{"footnotes":""},"class_list":["post-1975","page","type-page","status-publish","hentry"],"_links":{"self":[{"href":"https:\/\/minsa.com.tr\/en\/wp-json\/wp\/v2\/pages\/1975","targetHints":{"allow":["GET"]}}],"collection":[{"href":"https:\/\/minsa.com.tr\/en\/wp-json\/wp\/v2\/pages"}],"about":[{"href":"https:\/\/minsa.com.tr\/en\/wp-json\/wp\/v2\/types\/page"}],"author":[{"embeddable":true,"href":"https:\/\/minsa.com.tr\/en\/wp-json\/wp\/v2\/users\/2"}],"replies":[{"embeddable":true,"href":"https:\/\/minsa.com.tr\/en\/wp-json\/wp\/v2\/comments?post=1975"}],"version-history":[{"count":0,"href":"https:\/\/minsa.com.tr\/en\/wp-json\/wp\/v2\/pages\/1975\/revisions"}],"up":[{"embeddable":true,"href":"https:\/\/minsa.com.tr\/en\/wp-json\/wp\/v2\/pages\/1962"}],"wp:attachment":[{"href":"https:\/\/minsa.com.tr\/en\/wp-json\/wp\/v2\/media?parent=1975"}],"curies":[{"name":"wp","href":"https:\/\/api.w.org\/{rel}","templated":true}]}}