{"id":1970,"date":"2024-12-26T11:28:14","date_gmt":"2024-12-26T11:28:14","guid":{"rendered":"https:\/\/minsa.com.tr\/?page_id=1970"},"modified":"2024-12-26T11:28:40","modified_gmt":"2024-12-26T11:28:40","slug":"mini-bars","status":"publish","type":"page","link":"https:\/\/minsa.com.tr\/en\/cyprus-foreign-reference-list\/mini-bars\/","title":{"rendered":"Mini Bars"},"content":{"rendered":"<div data-elementor-type=\"wp-page\" data-elementor-id=\"1970\" class=\"elementor elementor-1970\">\n\t\t\t\t<div class=\"wd-negative-gap elementor-element elementor-element-a22c782 e-flex e-con-boxed e-con e-parent\" data-id=\"a22c782\" data-element_type=\"container\" data-e-type=\"container\">\n\t\t\t\t\t<div class=\"e-con-inner\">\n\t\t\t\t<div class=\"elementor-element elementor-element-1b945d4 color-scheme-inherit text-left elementor-widget elementor-widget-text-editor\" data-id=\"1b945d4\" data-element_type=\"widget\" data-e-type=\"widget\" data-widget_type=\"text-editor.default\">\n\t\t\t\t<div class=\"elementor-widget-container\">\n\t\t\t\t\t\t\t\t\t<table class=\"table table-striped k-table\"><tbody><tr><td><strong>HOTEL NAME<\/strong><\/td><td><strong>PRODUCT<\/strong><\/td><td><strong>PROVINCE DISTRICT<\/strong><\/td><\/tr><tr><td>LI\u0307MAK CYPRUS DELUXE HOTEL<\/td><td>ISM MINIBAR<\/td><td>CYPRUS<\/td><\/tr><tr><td>LORD PALACE HOTEL<\/td><td>ISM MINIBAR<\/td><td>CYPRUS<\/td><\/tr><tr><td>CRATOS PREMIUM HOTEL<\/td><td>ISM MINIBAR<\/td><td>CYPRUS<\/td><\/tr><tr><td>KAYA ARTESMI HOTEL\u00a0<\/td><td>ISM MINIBAR<\/td><td>CYPRUS<\/td><\/tr><tr><td>MERIT HOTEL\u00a0<\/td><td>ISM MINIBAR<\/td><td>CYPRUS<\/td><\/tr><tr><td>MALPAS HOTEL\u00a0<\/td><td>ISM MINIBAR<\/td><td>CYPRUS<\/td><\/tr><tr><td>CYPRUS PREMIUM HOTEL\u00a0<\/td><td>ISM MINIBAR<\/td><td>CYPRUS<\/td><\/tr><tr><td>THE ART HOTEL\u00a0<\/td><td>ISM MINIBAR<\/td><td>NETHERLANDS<\/td><\/tr><tr><td>LES AMBASSADEURS HOTEL<\/td><td>ISM MINIBAR<\/td><td>CYPRUS<\/td><\/tr><tr><td>AK PALACE HOTEL\u00a0<\/td><td>ISM MINIBAR<\/td><td>GIRNE<\/td><\/tr><tr><td>CONCORDE LUXURY HOTEL<\/td><td>ISM MINIBAR<\/td><td>CYPRUS<\/td><\/tr><tr><td>VONI PALACE HOTEL<\/td><td>ISM MINIBAR<\/td><td>CYPRUS<\/td><\/tr><tr><td>XHEKO IMPERIAL HOTEL<\/td><td>ISM MINIBAR<\/td><td>ARNAVATUGALIA<\/td><\/tr><tr><td>LES AMBASSADEURS HOTEL<\/td><td>ISM MINIBAR<\/td><td>CYPRUS<\/td><\/tr><tr><td>AK PALACE HOTEL<\/td><td>ISM MINIBAR<\/td><td>VIRGINIA \/CBRIS<\/td><\/tr><tr><td>LI\u0307MAK CYPRUS DELUXE HOTEL<\/td><td>ISM MINIBAR<\/td><td>CYPRUS<\/td><\/tr><tr><td>CONCORDE LUXURY RESORT HOTEL<\/td><td>ISM MINIBAR<\/td><td>CYPRUS<\/td><\/tr><tr><td>ROCK ARTEMIS<\/td><td>ISM MINIBAR<\/td><td>CYPRUS<\/td><\/tr><tr><td>LORD PALACE HOTEL<\/td><td>ISM MINIBAR<\/td><td>CYPRUS<\/td><\/tr><tr><td>VONI PALACE HOTEL<\/td><td>ISM MINIBAR<\/td><td>CYPRUS<\/td><\/tr><tr><td>CRATOS PREMIUM\u00a0<\/td><td>ISM MINIBAR<\/td><td>VIRGINIA\/CYPRUS<\/td><\/tr><tr><td>XHEKO IMPERIAL HOTEL<\/td><td>ISM MINIBAR<\/td><td>ARNAVATUGALIA<\/td><\/tr><\/tbody><\/table>\t\t\t\t\t\t\t\t<\/div>\n\t\t\t\t<\/div>\n\t\t\t\t\t<\/div>\n\t\t\t\t<\/div>\n\t\t\t\t<\/div>","protected":false},"excerpt":{"rendered":"<p>OTEL \u0130SM\u0130 \u00dcR\u00dcN \u0130L \u0130L\u00c7E L\u0130MAK CYPRUS DELUXE OTEL ISM M\u0130N\u0130BAR KIBRIS LORD PALACE OTEL ISM M\u0130N\u0130BAR KIBRIS CRATOS PREM\u0130UM<\/p>","protected":false},"author":2,"featured_media":0,"parent":1962,"menu_order":0,"comment_status":"closed","ping_status":"closed","template":"","meta":{"footnotes":""},"class_list":["post-1970","page","type-page","status-publish","hentry"],"_links":{"self":[{"href":"https:\/\/minsa.com.tr\/en\/wp-json\/wp\/v2\/pages\/1970","targetHints":{"allow":["GET"]}}],"collection":[{"href":"https:\/\/minsa.com.tr\/en\/wp-json\/wp\/v2\/pages"}],"about":[{"href":"https:\/\/minsa.com.tr\/en\/wp-json\/wp\/v2\/types\/page"}],"author":[{"embeddable":true,"href":"https:\/\/minsa.com.tr\/en\/wp-json\/wp\/v2\/users\/2"}],"replies":[{"embeddable":true,"href":"https:\/\/minsa.com.tr\/en\/wp-json\/wp\/v2\/comments?post=1970"}],"version-history":[{"count":0,"href":"https:\/\/minsa.com.tr\/en\/wp-json\/wp\/v2\/pages\/1970\/revisions"}],"up":[{"embeddable":true,"href":"https:\/\/minsa.com.tr\/en\/wp-json\/wp\/v2\/pages\/1962"}],"wp:attachment":[{"href":"https:\/\/minsa.com.tr\/en\/wp-json\/wp\/v2\/media?parent=1970"}],"curies":[{"name":"wp","href":"https:\/\/api.w.org\/{rel}","templated":true}]}}