{"id":1957,"date":"2024-12-26T11:03:02","date_gmt":"2024-12-26T11:03:02","guid":{"rendered":"https:\/\/minsa.com.tr\/?page_id=1957"},"modified":"2024-12-26T11:03:20","modified_gmt":"2024-12-26T11:03:20","slug":"bed","status":"publish","type":"page","link":"https:\/\/minsa.com.tr\/en\/turkey-reference-list\/bed\/","title":{"rendered":"Bed"},"content":{"rendered":"<div data-elementor-type=\"wp-page\" data-elementor-id=\"1957\" class=\"elementor elementor-1957\">\n\t\t\t\t<div class=\"wd-negative-gap elementor-element elementor-element-a22c782 e-flex e-con-boxed e-con e-parent\" data-id=\"a22c782\" data-element_type=\"container\" data-e-type=\"container\">\n\t\t\t\t\t<div class=\"e-con-inner\">\n\t\t\t\t<div class=\"elementor-element elementor-element-1b945d4 color-scheme-inherit text-left elementor-widget elementor-widget-text-editor\" data-id=\"1b945d4\" data-element_type=\"widget\" data-e-type=\"widget\" data-widget_type=\"text-editor.default\">\n\t\t\t\t<div class=\"elementor-widget-container\">\n\t\t\t\t\t\t\t\t\t<table class=\"table table-striped k-table\"><tbody><tr><td><strong>HOTEL NAME<\/strong><\/td><td><strong>\u00a0PRODUCT<\/strong><\/td><td><strong>PROVINCE DISTRICT\u00a0<\/strong><\/td><\/tr><tr><td>AQUA MARINE HOTEL\u00a0<\/td><td>BED\u00a0<\/td><td>EVRENSEKI\/ANTALYA<\/td><\/tr><tr><td>BARUT B SUITES HOTEL<\/td><td>BED\u00a0<\/td><td>MANAVGAT\/ANTALYA<\/td><\/tr><tr><td>BELCEKUM BEACH HOTEL\u00a0<\/td><td>BED\u00a0<\/td><td>\u00d6L\u00dcDEN\u0130Z\/MU\u011eLA<\/td><\/tr><tr><td>BLUE WAVE HOTEL\u00a0<\/td><td>BED\u00a0<\/td><td>ALANYA\/ANTALYA<\/td><\/tr><tr><td>BODRUM PRINCESS HOTEL<\/td><td>BED\u00a0<\/td><td>BODRUM\/MU\u011eLA<\/td><\/tr><tr><td>DO\u011eANAY HOTEL\u00a0<\/td><td>BED\u00a0<\/td><td>ALANYA\/ANTALYA<\/td><\/tr><tr><td>D-PULSE HOTEL<\/td><td>BED\u00a0<\/td><td>BODRUM\/MU\u011eLA<\/td><\/tr><tr><td>EFTELIA AQUA HOTEL<\/td><td>BED\u00a0<\/td><td>ALANYA\/ANTALYA<\/td><\/tr><tr><td>EFTELIA AYTUR HOTEL<\/td><td>BED\u00a0<\/td><td>ALANYA\/ANTALYA<\/td><\/tr><tr><td>EFTELIA OCEAN HOTEL<\/td><td>BED\u00a0<\/td><td>ALANYA\/ANTALYA<\/td><\/tr><tr><td>GRAND ZAMAN HOTEL\u00a0<\/td><td>BED\u00a0<\/td><td>ALANYA\/ANTALYA<\/td><\/tr><tr><td>GREEN MAX HOTEL<\/td><td>BED\u00a0<\/td><td>ALANYA\/ANTALYA<\/td><\/tr><tr><td>HI\u0307LTON DALAMAN HOTEL<\/td><td>BED\u00a0<\/td><td>SARIGERME\/ MU\u011eLA<\/td><\/tr><tr><td>CAMELLIA WORLD HOTEL<\/td><td>BED\u00a0<\/td><td>MANAVGAT\/ANTALYA<\/td><\/tr><tr><td>KARBEL HOTEL<\/td><td>BED\u00a0<\/td><td>\u00d6L\u00dcDEN\u0130Z\/MU\u011eLA<\/td><\/tr><tr><td>ROSE HOTEL\u00a0<\/td><td>BED\u00a0<\/td><td>KEMER\/ANTALYA<\/td><\/tr><tr><td>BEAM RESORT\u00a0<\/td><td>BED\u00a0<\/td><td>KEMER\/ANTALYA<\/td><\/tr><tr><td>LABRANDA BODRUM HOTEL\u00a0<\/td><td>BED\u00a0<\/td><td>BODRUM\/MU\u011eLA<\/td><\/tr><tr><td>LABRANDA ALANTUR HOTEL\u00a0<\/td><td>BED\u00a0<\/td><td>ALANYA\/ANTALYA<\/td><\/tr><tr><td>LABRANDA EPHESUS HOTEL\u00a0<\/td><td>BED\u00a0<\/td><td>SEL\u00c7UK\/IZMIR<\/td><\/tr><tr><td>LABRANDA EXCELSIOR HOTEL<\/td><td>BED\u00a0<\/td><td>SIDE\/ANTALYA<\/td><\/tr><tr><td>LABRANDA LEBEDOS HOTEL<\/td><td>BED\u00a0<\/td><td>SEFERHISAR\/ IZMIR<\/td><\/tr><tr><td>LABRANDA MARES HOTEL<\/td><td>BED\u00a0<\/td><td>MARMARIS\/IZMIR<\/td><\/tr><tr><td>LABRANDA TMT HOTEL\u00a0<\/td><td>BED\u00a0<\/td><td>BODRUM\/MU\u011eLA<\/td><\/tr><tr><td>LABRANDA ALACATI PRINCESS HOTEL<\/td><td>BED\u00a0<\/td><td>ALA\u00c7ATI\/IZMIR<\/td><\/tr><tr><td>LONG BEACH HOTEL\u00a0<\/td><td>BED\u00a0<\/td><td>ALANYA\/ANTALYA<\/td><\/tr><tr><td>MERYAN HOTEL\u00a0<\/td><td>BED\u00a0<\/td><td>ALANYA\/ANTALYA<\/td><\/tr><tr><td>MP HOTELS<\/td><td>BED\u00a0<\/td><td>MARMARIS\/IZMIR<\/td><\/tr><tr><td>SUNDANCE HOTEL<\/td><td>BED\u00a0<\/td><td>BODRUM\/MU\u011eLA<\/td><\/tr><\/tbody><\/table>\t\t\t\t\t\t\t\t<\/div>\n\t\t\t\t<\/div>\n\t\t\t\t\t<\/div>\n\t\t\t\t<\/div>\n\t\t\t\t<\/div>","protected":false},"excerpt":{"rendered":"<p>OTEL \u0130SM\u0130 \u00a0\u00dcR\u00dcN \u0130L \u0130L\u00c7E\u00a0 AQUA MAR\u0130N OTEL\u00a0 YATAK\u00a0 EVRENSEK\u0130\/ANTALYA BARUT B SU\u0130TES OTEL YATAK\u00a0 MANAVGAT\/ANTALYA BELCEKUM BEACH OTEL\u00a0 YATAK\u00a0<\/p>","protected":false},"author":2,"featured_media":0,"parent":1912,"menu_order":0,"comment_status":"closed","ping_status":"closed","template":"","meta":{"footnotes":""},"class_list":["post-1957","page","type-page","status-publish","hentry"],"_links":{"self":[{"href":"https:\/\/minsa.com.tr\/en\/wp-json\/wp\/v2\/pages\/1957","targetHints":{"allow":["GET"]}}],"collection":[{"href":"https:\/\/minsa.com.tr\/en\/wp-json\/wp\/v2\/pages"}],"about":[{"href":"https:\/\/minsa.com.tr\/en\/wp-json\/wp\/v2\/types\/page"}],"author":[{"embeddable":true,"href":"https:\/\/minsa.com.tr\/en\/wp-json\/wp\/v2\/users\/2"}],"replies":[{"embeddable":true,"href":"https:\/\/minsa.com.tr\/en\/wp-json\/wp\/v2\/comments?post=1957"}],"version-history":[{"count":0,"href":"https:\/\/minsa.com.tr\/en\/wp-json\/wp\/v2\/pages\/1957\/revisions"}],"up":[{"embeddable":true,"href":"https:\/\/minsa.com.tr\/en\/wp-json\/wp\/v2\/pages\/1912"}],"wp:attachment":[{"href":"https:\/\/minsa.com.tr\/en\/wp-json\/wp\/v2\/media?parent=1957"}],"curies":[{"name":"wp","href":"https:\/\/api.w.org\/{rel}","templated":true}]}}