{"id":1952,"date":"2024-12-26T11:02:13","date_gmt":"2024-12-26T11:02:13","guid":{"rendered":"https:\/\/minsa.com.tr\/?page_id=1952"},"modified":"2024-12-26T11:02:31","modified_gmt":"2024-12-26T11:02:31","slug":"telephone","status":"publish","type":"page","link":"https:\/\/minsa.com.tr\/en\/turkey-reference-list\/telephone\/","title":{"rendered":"Phone"},"content":{"rendered":"<div data-elementor-type=\"wp-page\" data-elementor-id=\"1952\" class=\"elementor elementor-1952\">\n\t\t\t\t<div class=\"wd-negative-gap elementor-element elementor-element-a22c782 e-flex e-con-boxed e-con e-parent\" data-id=\"a22c782\" data-element_type=\"container\" data-e-type=\"container\">\n\t\t\t\t\t<div class=\"e-con-inner\">\n\t\t\t\t<div class=\"elementor-element elementor-element-1b945d4 color-scheme-inherit text-left elementor-widget elementor-widget-text-editor\" data-id=\"1b945d4\" data-element_type=\"widget\" data-e-type=\"widget\" data-widget_type=\"text-editor.default\">\n\t\t\t\t<div class=\"elementor-widget-container\">\n\t\t\t\t\t\t\t\t\t<table class=\"table table-striped k-table\"><tbody><tr><td><strong>HOTEL NAME<\/strong><\/td><td><strong>\u00a0PRODUCT<\/strong><\/td><td><strong>PROVINCE DISTRICT\u00a0<\/strong><\/td><\/tr><tr><td>ADALYA ELITE LARA HOTEL<\/td><td>TELEPHONE<\/td><td>KUNDU\/ANTALYA<\/td><\/tr><tr><td>CALIDOMARIS HOTEL<\/td><td>TELEPHONE<\/td><td>MANAVGAT\/ANTALYA<\/td><\/tr><tr><td>GRAND \u00c7INAR HOTEL<\/td><td>TELEPHONE<\/td><td>KUMLUCA\/ANTALYA<\/td><\/tr><tr><td>HORUS PARADISE HOTEL<\/td><td>TELEPHONE<\/td><td>MANAVGAT\/ANTALYA<\/td><\/tr><tr><td>R\u00d6NESANS HOTEL<\/td><td>TELEPHONE<\/td><td>CENTER\/U\u015eAK<\/td><\/tr><\/tbody><\/table>\t\t\t\t\t\t\t\t<\/div>\n\t\t\t\t<\/div>\n\t\t\t\t\t<\/div>\n\t\t\t\t<\/div>\n\t\t\t\t<\/div>","protected":false},"excerpt":{"rendered":"<p>OTEL \u0130SM\u0130 \u00a0\u00dcR\u00dcN \u0130L \u0130L\u00c7E\u00a0 ADALYA EL\u0130TE LARA OTEL TELEFON KUNDU\/ANTALYA CAL\u0130DOMAR\u0130S OTEL TELEFON MANAVGAT\/ANTALYA GRAND \u00c7INAR OTEL TELEFON KUMLUCA\/ANTALYA<\/p>","protected":false},"author":2,"featured_media":0,"parent":1912,"menu_order":0,"comment_status":"closed","ping_status":"closed","template":"","meta":{"footnotes":""},"class_list":["post-1952","page","type-page","status-publish","hentry"],"_links":{"self":[{"href":"https:\/\/minsa.com.tr\/en\/wp-json\/wp\/v2\/pages\/1952","targetHints":{"allow":["GET"]}}],"collection":[{"href":"https:\/\/minsa.com.tr\/en\/wp-json\/wp\/v2\/pages"}],"about":[{"href":"https:\/\/minsa.com.tr\/en\/wp-json\/wp\/v2\/types\/page"}],"author":[{"embeddable":true,"href":"https:\/\/minsa.com.tr\/en\/wp-json\/wp\/v2\/users\/2"}],"replies":[{"embeddable":true,"href":"https:\/\/minsa.com.tr\/en\/wp-json\/wp\/v2\/comments?post=1952"}],"version-history":[{"count":0,"href":"https:\/\/minsa.com.tr\/en\/wp-json\/wp\/v2\/pages\/1952\/revisions"}],"up":[{"embeddable":true,"href":"https:\/\/minsa.com.tr\/en\/wp-json\/wp\/v2\/pages\/1912"}],"wp:attachment":[{"href":"https:\/\/minsa.com.tr\/en\/wp-json\/wp\/v2\/media?parent=1952"}],"curies":[{"name":"wp","href":"https:\/\/api.w.org\/{rel}","templated":true}]}}