{"id":1947,"date":"2024-12-26T11:01:36","date_gmt":"2024-12-26T11:01:36","guid":{"rendered":"https:\/\/minsa.com.tr\/?page_id=1947"},"modified":"2024-12-26T11:01:51","modified_gmt":"2024-12-26T11:01:51","slug":"air-conditioner","status":"publish","type":"page","link":"https:\/\/minsa.com.tr\/en\/turkey-reference-list\/air-conditioner\/","title":{"rendered":"Air conditioner"},"content":{"rendered":"<div data-elementor-type=\"wp-page\" data-elementor-id=\"1947\" class=\"elementor elementor-1947\">\n\t\t\t\t<div class=\"wd-negative-gap elementor-element elementor-element-a22c782 e-flex e-con-boxed e-con e-parent\" data-id=\"a22c782\" data-element_type=\"container\" data-e-type=\"container\">\n\t\t\t\t\t<div class=\"e-con-inner\">\n\t\t\t\t<div class=\"elementor-element elementor-element-1b945d4 color-scheme-inherit text-left elementor-widget elementor-widget-text-editor\" data-id=\"1b945d4\" data-element_type=\"widget\" data-e-type=\"widget\" data-widget_type=\"text-editor.default\">\n\t\t\t\t<div class=\"elementor-widget-container\">\n\t\t\t\t\t\t\t\t\t<table class=\"table table-striped k-table\"><tbody><tr><td><strong>HOTEL NAME<\/strong><\/td><td><strong>\u00a0PRODUCT<\/strong><\/td><td><strong>\u00a0PROVINCE DISTRICT<\/strong><\/td><\/tr><tr><td>ASKA LARA HOTEL<\/td><td>AIR CONDITIONER<\/td><td>AKSU\/ANTALYA<\/td><\/tr><tr><td>BARUT FETHIYE SENSATORI HOTEL<\/td><td>AIR CONDITIONER<\/td><td>FETH\u0130YE\/MU\u011eLA<\/td><\/tr><tr><td>BARUT HOTEL ACANTHUS HOTEL<\/td><td>AIR CONDITIONER<\/td><td>MANAVGAT\/ANTALYA<\/td><\/tr><tr><td>BELLIS DELUXE HOTEL\u00a0<\/td><td>AIR CONDITIONER<\/td><td>SER\u0130K\/ANTALYA<\/td><\/tr><tr><td>CALIDOMARIS HOTEL<\/td><td>AIR CONDITIONER<\/td><td>MANAVGAT\/ANTALYA<\/td><\/tr><tr><td>FANTASIA HOTEL DE LUXE HOTEL<\/td><td>AIR CONDITIONER<\/td><td>KEMER\/ANTALYA<\/td><\/tr><tr><td>GOLDEN SUN HOTEL<\/td><td>AIR CONDITIONER<\/td><td>KEMER\/ANTALYA<\/td><\/tr><tr><td>GRAND ZAMAN HOTEL<\/td><td>AIR CONDITIONER<\/td><td>ALANYA\/ANTALYA<\/td><\/tr><tr><td>BARUT HEMERA HOTEL\u00a0<\/td><td>AIR CONDITIONER<\/td><td>MANAVGAT\/ANTALYA<\/td><\/tr><tr><td>HI\u0307LTON DALAMAN HOTEL<\/td><td>AIR CONDITIONER<\/td><td>FETH\u0130YE\/MU\u011eLA<\/td><\/tr><tr><td>CAMELLIA COLLECTI\u0307ON HOTEL<\/td><td>AIR CONDITIONER<\/td><td>MANAVGAT\/MU\u011eLA<\/td><\/tr><tr><td>KIRMAN BELAZUR HOTEL\u00a0<\/td><td>AIR CONDITIONER<\/td><td>SER\u0130K\/ANTALYA<\/td><\/tr><tr><td>LABRANDA ALACATI PRINCESS HOTEL<\/td><td>AIR CONDITIONER<\/td><td>\u00c7E\u015eME\/\u0130ZM\u0130R<\/td><\/tr><tr><td>LIBERTY HOTELS\u00a0<\/td><td>AIR CONDITIONER<\/td><td>\u00d6L\u00dcDEN\u0130Z\/MU\u011eLA<\/td><\/tr><tr><td>LBERTY LYKIA HOTEL\u00a0<\/td><td>AIR CONDITIONER<\/td><td>FETH\u0130YE\/MU\u011eLA<\/td><\/tr><tr><td>MARITIME PINE BEACH HOTEL\u00a0<\/td><td>AIR CONDITIONER<\/td><td>BELEK\/ANTALYA<\/td><\/tr><tr><td>MIRAGE PARK HOTEL\u00a0<\/td><td>AIR CONDITIONER<\/td><td>G\u00d6YN\u00dcK\/ANTALYA<\/td><\/tr><tr><td>NARCIA HOTEL\u00a0<\/td><td>AIR CONDITIONER<\/td><td>SIDE\/ANTALYA<\/td><\/tr><tr><td>RAMADA RESORT HOTEL<\/td><td>AIR CONDITIONER<\/td><td>SIDE\/ANTALYA<\/td><\/tr><tr><td>SEA PORT HOTEL\u00a0<\/td><td>AIR CONDITIONER<\/td><td>ALANYA\/ANTALYA<\/td><\/tr><tr><td>SELECTUM HOTEL\u00a0<\/td><td>AIR CONDITIONER<\/td><td>BELEK\/ANTALYA<\/td><\/tr><tr><td>SENSATORI SORGUN HOTEL\u00a0<\/td><td>AIR CONDITIONER<\/td><td>MANAVGAT\/ANTALYA<\/td><\/tr><tr><td>SHERWOOD BREEZES HOTEL\u00a0<\/td><td>AIR CONDITIONER<\/td><td>KUNDU\/ANTALYA<\/td><\/tr><tr><td>ROYAL PARADI\u0307SE HOTEL\u00a0<\/td><td>AIR CONDITIONER<\/td><td>SIDE\/ANTALYA<\/td><\/tr><tr><td>SUNWING HOTEL\u00a0<\/td><td>AIR CONDITIONER<\/td><td>SIDE\/ANTALYA<\/td><\/tr><tr><td>SHAH INN PARADISE HOTEL<\/td><td>AIR CONDITIONER<\/td><td>KUMLUCA\/ANTALYA<\/td><\/tr><tr><td>TONOZ BEACH HOTEL\u00a0<\/td><td>AIR CONDITIONER<\/td><td>FETH\u0130YE\/MU\u011eLA<\/td><\/tr><tr><td>TT IMPERIAL BODRUM HOTEL\u00a0<\/td><td>AIR CONDITIONER<\/td><td>BELEK\/ANTALYA<\/td><\/tr><tr><td>TT WATERWORLD HOTEL<\/td><td>AIR CONDITIONER<\/td><td>SER\u0130K\/ANTALYA<\/td><\/tr><tr><td>WOW BODRUM HOTEL<\/td><td>AIR CONDITIONER<\/td><td>BODRUM\/MU\u011eLA<\/td><\/tr><tr><td>XPERIA HOTEL\u00a0<\/td><td>AIR CONDITIONER<\/td><td>ALANYA\/ANTALYA<\/td><\/tr><\/tbody><\/table>\t\t\t\t\t\t\t\t<\/div>\n\t\t\t\t<\/div>\n\t\t\t\t\t<\/div>\n\t\t\t\t<\/div>\n\t\t\t\t<\/div>","protected":false},"excerpt":{"rendered":"<p>OTEL \u0130SM\u0130 \u00a0\u00dcR\u00dcN \u00a0\u0130L \u0130L\u00c7E ASKA LARA OTEL KL\u0130MA AKSU\/ANTALYA BARUT FETH\u0130YE SENSATOR\u0130 OTEL KL\u0130MA FETH\u0130YE\/MU\u011eLA BARUT HOTEL ACANTHUS OTEL<\/p>","protected":false},"author":2,"featured_media":0,"parent":1912,"menu_order":0,"comment_status":"closed","ping_status":"closed","template":"","meta":{"footnotes":""},"class_list":["post-1947","page","type-page","status-publish","hentry"],"_links":{"self":[{"href":"https:\/\/minsa.com.tr\/en\/wp-json\/wp\/v2\/pages\/1947","targetHints":{"allow":["GET"]}}],"collection":[{"href":"https:\/\/minsa.com.tr\/en\/wp-json\/wp\/v2\/pages"}],"about":[{"href":"https:\/\/minsa.com.tr\/en\/wp-json\/wp\/v2\/types\/page"}],"author":[{"embeddable":true,"href":"https:\/\/minsa.com.tr\/en\/wp-json\/wp\/v2\/users\/2"}],"replies":[{"embeddable":true,"href":"https:\/\/minsa.com.tr\/en\/wp-json\/wp\/v2\/comments?post=1947"}],"version-history":[{"count":0,"href":"https:\/\/minsa.com.tr\/en\/wp-json\/wp\/v2\/pages\/1947\/revisions"}],"up":[{"embeddable":true,"href":"https:\/\/minsa.com.tr\/en\/wp-json\/wp\/v2\/pages\/1912"}],"wp:attachment":[{"href":"https:\/\/minsa.com.tr\/en\/wp-json\/wp\/v2\/media?parent=1947"}],"curies":[{"name":"wp","href":"https:\/\/api.w.org\/{rel}","templated":true}]}}