{"id":1942,"date":"2024-12-26T11:00:52","date_gmt":"2024-12-26T11:00:52","guid":{"rendered":"https:\/\/minsa.com.tr\/?page_id=1942"},"modified":"2024-12-26T11:01:10","modified_gmt":"2024-12-26T11:01:10","slug":"cash-register","status":"publish","type":"page","link":"https:\/\/minsa.com.tr\/en\/turkey-reference-list\/cash-register\/","title":{"rendered":"Cash register"},"content":{"rendered":"<div data-elementor-type=\"wp-page\" data-elementor-id=\"1942\" class=\"elementor elementor-1942\">\n\t\t\t\t<div class=\"wd-negative-gap elementor-element elementor-element-a22c782 e-flex e-con-boxed e-con e-parent\" data-id=\"a22c782\" data-element_type=\"container\" data-e-type=\"container\">\n\t\t\t\t\t<div class=\"e-con-inner\">\n\t\t\t\t<div class=\"elementor-element elementor-element-1b945d4 color-scheme-inherit text-left elementor-widget elementor-widget-text-editor\" data-id=\"1b945d4\" data-element_type=\"widget\" data-e-type=\"widget\" data-widget_type=\"text-editor.default\">\n\t\t\t\t<div class=\"elementor-widget-container\">\n\t\t\t\t\t\t\t\t\t<table class=\"table table-striped k-table\"><tbody><tr><td><strong>HOTEL NAME<\/strong><\/td><td><strong>\u00a0PRODUCT<\/strong><\/td><td><strong>\u00a0PROVINCE DISTRICT<\/strong><\/td><\/tr><tr><td>ADALYA ELITE LARA HOTEL<\/td><td>CASH REGISTER\u00a0<\/td><td>KUNDU\/ANTALYA<\/td><\/tr><tr><td>Aladdin Beach Hotel\u00a0<\/td><td>CASH REGISTER\u00a0<\/td><td>ALANYA\/ANTALYA<\/td><\/tr><tr><td>ALBA HOTEL\u00a0<\/td><td>CASH REGISTER\u00a0<\/td><td>ANTALYA<\/td><\/tr><tr><td>ANCIENT ROMAN PALACE HOTEL<\/td><td>CASH REGISTER\u00a0<\/td><td>ALANYA\/ANTALYA<\/td><\/tr><tr><td>AQUA MARINE HOTEL<\/td><td>CASH REGISTER\u00a0<\/td><td>MANAVGAT\/ANTALYA<\/td><\/tr><tr><td>ARMAS COMFORT HOTEL<\/td><td>CASH REGISTER\u00a0<\/td><td>KEMER\/ANTALYA<\/td><\/tr><tr><td>ARMAS BELEK HOTEL<\/td><td>CASH REGISTER\u00a0<\/td><td>BELEK\/ANTALYA<\/td><\/tr><tr><td>ARTSIDE HOTEL\u00a0<\/td><td>CASH REGISTER\u00a0<\/td><td>MANAVGAT\/ANTALYA<\/td><\/tr><tr><td>ASTERIA KREMLIN HOTEL\u00a0<\/td><td>CASH REGISTER\u00a0<\/td><td>KUNDU\/ANTALYA<\/td><\/tr><tr><td>BARUT ACANTHUS HOTEL\u00a0<\/td><td>CASH REGISTER\u00a0<\/td><td>MANAVGAT\/ANTALYA<\/td><\/tr><tr><td>BARUT B SUITES HOTEL<\/td><td>CASH REGISTER\u00a0<\/td><td>MANAVGAT\/ANTALYA<\/td><\/tr><tr><td>BELCEHAN HOTEL\u00a0<\/td><td>CASH REGISTER\u00a0<\/td><td>\u00d6L\u00dcDEN\u0130Z\/MU\u011eLA<\/td><\/tr><tr><td>BELLIS DELUXE HOTEL\u00a0<\/td><td>CASH REGISTER\u00a0<\/td><td>SER\u0130K\/ANTALYA<\/td><\/tr><tr><td>BLUE WAVE HOTEL\u00a0<\/td><td>CASH REGISTER\u00a0<\/td><td>ALANYA\/ANTALYA<\/td><\/tr><tr><td>Imperial Bodrum Hotel\u00a0<\/td><td>CASH REGISTER\u00a0<\/td><td>BODRUM\/MU\u011eLA<\/td><\/tr><tr><td>CALIDOMARIS HOTEL<\/td><td>CASH REGISTER\u00a0<\/td><td>MANAVGAT\/ANTALYA<\/td><\/tr><tr><td>CLUB MERMAID HOTEL<\/td><td>CASH REGISTER\u00a0<\/td><td>ALANYA\/ANTALYA<\/td><\/tr><tr><td>CLUB NENA HOTEL\u00a0<\/td><td>CASH REGISTER\u00a0<\/td><td>KIZILA\u011eA\u00c7\/ANTALYA<\/td><\/tr><tr><td>CORENDON HOTELS\u00a0<\/td><td>CASH REGISTER\u00a0<\/td><td>AKSU\/ANTALYA<\/td><\/tr><tr><td>DEFNE KUMUL HOTEL\u00a0<\/td><td>CASH REGISTER\u00a0<\/td><td>MANAVGAT\/ANTALYA<\/td><\/tr><tr><td>DO\u011eANAY HOTEL\u00a0<\/td><td>CASH REGISTER\u00a0<\/td><td>ALANYA\/ANTALYA<\/td><\/tr><tr><td>EFTELIA OCEAN HOTEL<\/td><td>CASH REGISTER\u00a0<\/td><td>ALANYA\/ANTALYA<\/td><\/tr><tr><td>ELVIN DELUXE HOTEL\u00a0<\/td><td>CASH REGISTER\u00a0<\/td><td>ALANYA\/ANTALYA<\/td><\/tr><tr><td>FLORIA BEACH HOTEL\u00a0<\/td><td>CASH REGISTER\u00a0<\/td><td>ALANYA\/ANTALYA<\/td><\/tr><tr><td>HIDEAWAY HOTEL\u00a0<\/td><td>CASH REGISTER\u00a0<\/td><td>Ka\u015f\/Antalya<\/td><\/tr><tr><td>GRAND \u00c7INAR HOTEL<\/td><td>CASH REGISTER\u00a0<\/td><td>KUMLUCA\/ANTALYA<\/td><\/tr><tr><td>Grand Park Kemer Hotel\u00a0<\/td><td>CASH REGISTER\u00a0<\/td><td>KEMER\/ANTALYA<\/td><\/tr><tr><td>GRAND PARK LARA HOTEL\u00a0<\/td><td>CASH REGISTER\u00a0<\/td><td>LARA\/ANTALYA<\/td><\/tr><tr><td>GRAND ZAMAN HOTEL<\/td><td>CASH REGISTER\u00a0<\/td><td>ALANYA\/ANTALYA<\/td><\/tr><tr><td>DoubleTree Hilton Antalya<\/td><td>CASH REGISTER\u00a0<\/td><td>MURATPA\u015eA\/ANTALYA<\/td><\/tr><tr><td>HORUS PARADISE HOTEL\u00a0<\/td><td>CASH REGISTER\u00a0<\/td><td>SIDE\/ANTALYA<\/td><\/tr><tr><td>IKBAL HOTEL\u00a0<\/td><td>CASH REGISTER\u00a0<\/td><td>AFYONKARAH\u0130SAR<\/td><\/tr><tr><td>INN VISTAR HOTEL\u00a0<\/td><td>CASH REGISTER\u00a0<\/td><td>SER\u0130K\/ANTALYA<\/td><\/tr><tr><td>CAMELLIA WORLD HOTEL<\/td><td>CASH REGISTER\u00a0<\/td><td>MANAVGAT\/ANTALYA<\/td><\/tr><tr><td>KARBEL HOTEL\u00a0<\/td><td>CASH REGISTER\u00a0<\/td><td>\u00d6L\u00dcDEN\u0130Z\/MU\u011eLA<\/td><\/tr><tr><td>KEMER RESORT HOTEL\u00a0<\/td><td>CASH REGISTER\u00a0<\/td><td>KEMER\/ANTALYA<\/td><\/tr><tr><td>KIRMAN BELAZUR HOTEL\u00a0<\/td><td>CASH REGISTER\u00a0<\/td><td>SER\u0130K\/ANTALYA<\/td><\/tr><tr><td>LABRANDA ALANTUR HOTEL\u00a0<\/td><td>CASH REGISTER\u00a0<\/td><td>ALANYA\/ANTALYA<\/td><\/tr><tr><td>LABRANDA BODRUM HOTEL\u00a0<\/td><td>CASH REGISTER\u00a0<\/td><td>BODRUM\/MU\u011eLA<\/td><\/tr><tr><td>LENOONIA GOLF HOTEL\u00a0<\/td><td>CASH REGISTER\u00a0<\/td><td>BELEK\/ANTALYA<\/td><\/tr><tr><td>LONG BEACH HOTEL\u00a0<\/td><td>CASH REGISTER\u00a0<\/td><td>ALANYA\/ANTALYA<\/td><\/tr><tr><td>MIRADA DEL MAR HOTEL\u00a0<\/td><td>CASH REGISTER\u00a0<\/td><td>KEMER\/ANTALYA<\/td><\/tr><tr><td>NOXINN BEACH HOTEL\u00a0<\/td><td>CASH REGISTER\u00a0<\/td><td>ALANYA\/ANTALYA<\/td><\/tr><tr><td>QUEENS PARK LE JARDIN HOTEL\u00a0<\/td><td>CASH REGISTER\u00a0<\/td><td>KEMER\/ANTALYA<\/td><\/tr><tr><td>RAMADA PLAZA HOTEL\u00a0<\/td><td>CASH REGISTER\u00a0<\/td><td>MURATPA\u015eA\/ANTALYA<\/td><\/tr><tr><td>RAMADA LARA HOTEL\u00a0<\/td><td>CASH REGISTER\u00a0<\/td><td>AKSU\/ANTALYA<\/td><\/tr><tr><td>RIVIERA HOTEL\u00a0<\/td><td>CASH REGISTER\u00a0<\/td><td>ALANYA\/ANTALYA<\/td><\/tr><tr><td>Rixos Sungate Hotel\u00a0<\/td><td>CASH REGISTER\u00a0<\/td><td>KEMER\/ANTALYA<\/td><\/tr><tr><td>ROYAL SEG\u0130NUS HOTEL\u00a0<\/td><td>CASH REGISTER\u00a0<\/td><td>AKSU\/ANTALYA<\/td><\/tr><tr><td>ROYAL WINGS HOTEL\u00a0<\/td><td>CASH REGISTER\u00a0<\/td><td>LARA\/ANTALYA<\/td><\/tr><tr><td>SENTIDO PERISIA HOTEL\u00a0<\/td><td>CASH REGISTER\u00a0<\/td><td>SIDE\/ANTALYA<\/td><\/tr><tr><td>SHERWOOD BREEZES HOTEL\u00a0<\/td><td>CASH REGISTER\u00a0<\/td><td>KUNDU\/ANTALYA<\/td><\/tr><tr><td>SIDE STAR ELEGANCE HOTEL\u00a0<\/td><td>CASH REGISTER\u00a0<\/td><td>MANAVGAT\/ANTALYA<\/td><\/tr><tr><td>SIDE SUN HOTEL\u00a0<\/td><td>CASH REGISTER\u00a0<\/td><td>MANAVGAT\/ANTALYA<\/td><\/tr><tr><td>SUN BEACH PARK HOTEL\u00a0<\/td><td>CASH REGISTER\u00a0<\/td><td>MANAVGAT\/ANTALYA<\/td><\/tr><tr><td>SUNPARK MARINE HOTEL\u00a0<\/td><td>CASH REGISTER\u00a0<\/td><td>ALANYA\/ANTALYA<\/td><\/tr><tr><td>SHAH INN PARADISE HOTEL<\/td><td>CASH REGISTER\u00a0<\/td><td>KUMLUCA\/ANTALYA<\/td><\/tr><tr><td>TBBB-SYDF Hotel\u00a0<\/td><td>CASH REGISTER\u00a0<\/td><td>BALGAT\/ANTALYA<\/td><\/tr><tr><td>TRANS ATLANTIC HOTEL\u00a0<\/td><td>CASH REGISTER\u00a0<\/td><td>KEMER\/ANTALYA<\/td><\/tr><tr><td>TU\u0130 BLUE SARIGERME PARK HOTEL\u00a0<\/td><td>CASH REGISTER\u00a0<\/td><td>FETH\u0130YE\/MU\u011eLA<\/td><\/tr><tr><td>ULU RESORT HOTEL\u00a0<\/td><td>CASH REGISTER\u00a0<\/td><td>G\u00dcLNAR\/MERSIN<\/td><\/tr><tr><td>UTOPIA WORLD HOTEL\u00a0<\/td><td>CASH REGISTER\u00a0<\/td><td>ALANYA\/ANTALYA<\/td><\/tr><tr><td>VISTAR HOTEL\u00a0<\/td><td>CASH REGISTER\u00a0<\/td><td>MEZ\u0130TL\u0130\/MERSIN<\/td><\/tr><tr><td>WHITE CITY HOTEL\u00a0<\/td><td>CASH REGISTER\u00a0<\/td><td>ALANYA\/ANTALYA<\/td><\/tr><tr><td>XANADU HOTEL\u00a0<\/td><td>CASH REGISTER\u00a0<\/td><td>BELEK\/ANTALYA<\/td><\/tr><tr><td>YACHT BOHEME HOTEL\u00a0<\/td><td>CASH REGISTER\u00a0<\/td><td>FETH\u0130YE\/MU\u011eLA<\/td><\/tr><tr><td>Yeni\u00e7eri Hotel\u00a0<\/td><td>CASH REGISTER\u00a0<\/td><td>FETH\u0130YE\/MU\u011eLA<\/td><\/tr><tr><td>LIFE HOSPITAL\u00a0<\/td><td>CASH REGISTER\u00a0<\/td><td>MURATPA\u015eA\/ANTALYA<\/td><\/tr><tr><td>EFTELIA AQUA HOTEL<\/td><td>CASH REGISTER\u00a0<\/td><td>ALANYA\/ANTALYA<\/td><\/tr><tr><td>PALOMA OCEANA HOTEL\u00a0<\/td><td>CASH REGISTER\u00a0<\/td><td>MANAVGAT\/ANTALYA<\/td><\/tr><tr><td>SAPHIR HOTEL\u00a0<\/td><td>CASH REGISTER\u00a0<\/td><td>ALANYA\/ANTALYA<\/td><\/tr><tr><td>ROYAL HOLIDAY PALACE HOTEL\u00a0<\/td><td>CASH REGISTER\u00a0<\/td><td>KUNDU\/ANTALYA<\/td><\/tr><tr><td>HIDEAWAY HOTEL\u00a0<\/td><td>CASH REGISTER\u00a0<\/td><td>Ka\u015f\/Antalya<\/td><\/tr><tr><td>BARUT FETH\u0130YE HOTEL\u00a0<\/td><td>CASH REGISTER\u00a0<\/td><td>FETH\u0130YE\/MU\u011eLA<\/td><\/tr><tr><td>SHERWOOD DREAMS HOTEL\u00a0<\/td><td>CASH REGISTER\u00a0<\/td><td>BELEK\/ANTALYA<\/td><\/tr><tr><td>PALOMA FORESTA HOTEL\u00a0<\/td><td>CASH REGISTER\u00a0<\/td><td>KEMER\/ANTALYA<\/td><\/tr><tr><td>CRYSTAL WATERWORLD HOTEL<\/td><td>CASH REGISTER\u00a0<\/td><td>BELEK\/ANTALYA<\/td><\/tr><tr><td>SENSES HOTEL\u00a0<\/td><td>CASH REGISTER\u00a0<\/td><td>BODRUM\/MU\u011eLA<\/td><\/tr><tr><td>GRANADA BELEK HOTEL<\/td><td>CASH REGISTER\u00a0<\/td><td>BELEK\/ANTALYA<\/td><\/tr><tr><td>GRANADA OKURCALAR HOTEL\u00a0<\/td><td>CASH REGISTER\u00a0<\/td><td>ALANYA\/ANTALYA<\/td><\/tr><tr><td>HILTON ADANA\u00a0<\/td><td>CASH REGISTER\u00a0<\/td><td>CENTER\/ADANA<\/td><\/tr><tr><td>MAGIC LIFE WATER WORLD HOTEL<\/td><td>CASH REGISTER\u00a0<\/td><td>BELEK\/ANTALYA<\/td><\/tr><tr><td>\u00c7a\u011flarca Hotel\u00a0<\/td><td>CASH REGISTER\u00a0<\/td><td>KONYAALTI\/ANTALYA<\/td><\/tr><tr><td>AYDINBEY GOLD HOTEL\u00a0<\/td><td>CASH REGISTER\u00a0<\/td><td>ALANYA\/ANTALYA<\/td><\/tr><tr><td>Ayd\u0131nbey Queens Hotel\u00a0<\/td><td>CASH REGISTER\u00a0<\/td><td>MANAVGAT\/ANTALYA<\/td><\/tr><tr><td>AYDINBEY KINGS HOTEL\u00a0<\/td><td>CASH REGISTER\u00a0<\/td><td>MANAVGAT\/ANTALYA<\/td><\/tr><tr><td>GUNPOWDER SENSOR\u00a0<\/td><td>CASH REGISTER\u00a0<\/td><td>FETH\u0130YE\/MU\u011eLA<\/td><\/tr><tr><td>ASKA JUST IN BEACH HOTEL<\/td><td>CASH REGISTER\u00a0<\/td><td>ALANYA\/ANTALYA<\/td><\/tr><tr><td>JUSTINIANO HOTEL<\/td><td>CASH REGISTER\u00a0<\/td><td>ALANYA\/ANTALYA<\/td><\/tr><tr><td>G\u00dcRAL PREMIER HOTEL\u00a0<\/td><td>CASH REGISTER\u00a0<\/td><td>TEK\u0130ROVA\/ANTALYA<\/td><\/tr><tr><td>RAMADA ANTALYA HOTEL\u00a0<\/td><td>CASH REGISTER\u00a0<\/td><td>MURATPA\u015eA\/ANTALYA<\/td><\/tr><tr><td>KAYA PALAZZO HOTEL<\/td><td>CASH REGISTER\u00a0<\/td><td>BELEK\/ANTALYA<\/td><\/tr><tr><td>SEA LIFE HOTEL\u00a0<\/td><td>CASH REGISTER\u00a0<\/td><td>BELEK\/ANTALYA<\/td><\/tr><tr><td>LYKIA WORLD HOTEL\u00a0<\/td><td>CASH REGISTER\u00a0<\/td><td>MANAVGAT\/ANTALYA<\/td><\/tr><tr><td>GRANADA AVSALLAR HOTEL<\/td><td>CASH REGISTER\u00a0<\/td><td>ALANYA\/ANTALYA<\/td><\/tr><tr><td>GRANADA BELEK HOTEL<\/td><td>CASH REGISTER\u00a0<\/td><td>BELEK\/ANTALYA<\/td><\/tr><tr><td>SEL\u00c7UKLU HOTEL\u00a0<\/td><td>CASH REGISTER\u00a0<\/td><td>ERMENEK\/KARAMAN<\/td><\/tr><tr><td>NOXINN BEACH HOTEL\u00a0<\/td><td>CASH REGISTER\u00a0<\/td><td>ALANYA\/ANTALYA<\/td><\/tr><tr><td>NASHIRA HOTEL\u00a0<\/td><td>CASH REGISTER\u00a0<\/td><td>MANAVGAT\/ANTALYA<\/td><\/tr><tr><td>HOLIDAY GARDEN\u00a0<\/td><td>CASH REGISTER\u00a0<\/td><td>ALANYA\/ANTALYA<\/td><\/tr><tr><td>ORANGE COUNTY HOTEL\u00a0<\/td><td>CASH REGISTER\u00a0<\/td><td>BELEK\/ANTALYA<\/td><\/tr><tr><td>TU\u0130 MAGIC LIFE HOTEL\u00a0<\/td><td>CASH REGISTER\u00a0<\/td><td>BELEK\/ANTALYA<\/td><\/tr><tr><td>THE SANSA HOTEL\u00a0<\/td><td>CASH REGISTER\u00a0<\/td><td>MANAVGAT\/ANTALYA<\/td><\/tr><tr><td>BELEK BEACH HOTEL<\/td><td>CASH REGISTER\u00a0<\/td><td>BELEK\/ANTALYA<\/td><\/tr><tr><td>SHERWOOD SUITES HOTEL\u00a0<\/td><td>CASH REGISTER\u00a0<\/td><td>KUNDU\/ANTALYA<\/td><\/tr><tr><td>SHERWOOD BELT HOTEL<\/td><td>CASH REGISTER\u00a0<\/td><td>KEMER\/ANTALYA<\/td><\/tr><tr><td>CLUB JUSTINIANO HOTEL\u00a0<\/td><td>CASH REGISTER\u00a0<\/td><td>ALANYA\/ANTALYA<\/td><\/tr><tr><td>PURE BLANCH HOTEL\u00a0<\/td><td>CASH REGISTER\u00a0<\/td><td>MURATPA\u015eA\/ANTALYA<\/td><\/tr><tr><td>SAILORS BEACH HOTEL\u00a0<\/td><td>CASH REGISTER\u00a0<\/td><td>KEMER\/ANTALYA<\/td><\/tr><tr><td>LEAF PORT HOTEL\u00a0<\/td><td>CASH REGISTER\u00a0<\/td><td>KONYAALTI\/ANTALYA<\/td><\/tr><tr><td>RIXOS BODRUM HOTEL\u00a0<\/td><td>CASH REGISTER\u00a0<\/td><td>BODRUM\/MU\u011eLA<\/td><\/tr><tr><td>Sultan of Side Hotel\u00a0<\/td><td>CASH REGISTER\u00a0<\/td><td>SIDE\/ANTALYA<\/td><\/tr><tr><td>G\u00dcRAL PREMIER HOTEL\u00a0<\/td><td>CASH REGISTER\u00a0<\/td><td>TEK\u0130ROVA\/ANTALYA<\/td><\/tr><tr><td>KIRBIYIK HOTEL\u00a0<\/td><td>CASH REGISTER\u00a0<\/td><td>ALANYA\/ANTALYA<\/td><\/tr><tr><td>MIYAS HOTEL\u00a0<\/td><td>CASH REGISTER\u00a0<\/td><td>KEMER\/ANTALYA<\/td><\/tr><tr><td>RIVER AND LAKE HOTEL\u00a0<\/td><td>CASH REGISTER\u00a0<\/td><td>MANAVGAT\/ANTALYA<\/td><\/tr><tr><td>VICTORY BE MINE HOTEL\u00a0<\/td><td>CASH REGISTER\u00a0<\/td><td>MANAVGAT\/ANTALYA<\/td><\/tr><tr><td>ARNOR DELUXE HOTEL\u00a0<\/td><td>CASH REGISTER\u00a0<\/td><td>MANAVGAT\/ANTALYA<\/td><\/tr><\/tbody><\/table>\t\t\t\t\t\t\t\t<\/div>\n\t\t\t\t<\/div>\n\t\t\t\t\t<\/div>\n\t\t\t\t<\/div>\n\t\t\t\t<\/div>","protected":false},"excerpt":{"rendered":"<p>OTEL \u0130SM\u0130 \u00a0\u00dcR\u00dcN \u00a0\u0130L \u0130L\u00c7E ADALYA EL\u0130TE LARA OTEL KASA\u00a0 KUNDU\/ANTALYA ALAADD\u0130N BEACH OTEL\u00a0 KASA\u00a0 ALANYA\/ANTALYA ALBA OTEL\u00a0 KASA\u00a0 ANTALYA<\/p>","protected":false},"author":2,"featured_media":0,"parent":1912,"menu_order":0,"comment_status":"closed","ping_status":"closed","template":"","meta":{"footnotes":""},"class_list":["post-1942","page","type-page","status-publish","hentry"],"_links":{"self":[{"href":"https:\/\/minsa.com.tr\/en\/wp-json\/wp\/v2\/pages\/1942","targetHints":{"allow":["GET"]}}],"collection":[{"href":"https:\/\/minsa.com.tr\/en\/wp-json\/wp\/v2\/pages"}],"about":[{"href":"https:\/\/minsa.com.tr\/en\/wp-json\/wp\/v2\/types\/page"}],"author":[{"embeddable":true,"href":"https:\/\/minsa.com.tr\/en\/wp-json\/wp\/v2\/users\/2"}],"replies":[{"embeddable":true,"href":"https:\/\/minsa.com.tr\/en\/wp-json\/wp\/v2\/comments?post=1942"}],"version-history":[{"count":0,"href":"https:\/\/minsa.com.tr\/en\/wp-json\/wp\/v2\/pages\/1942\/revisions"}],"up":[{"embeddable":true,"href":"https:\/\/minsa.com.tr\/en\/wp-json\/wp\/v2\/pages\/1912"}],"wp:attachment":[{"href":"https:\/\/minsa.com.tr\/en\/wp-json\/wp\/v2\/media?parent=1942"}],"curies":[{"name":"wp","href":"https:\/\/api.w.org\/{rel}","templated":true}]}}