{"id":1937,"date":"2024-12-26T10:59:27","date_gmt":"2024-12-26T10:59:27","guid":{"rendered":"https:\/\/minsa.com.tr\/?page_id=1937"},"modified":"2024-12-26T11:00:17","modified_gmt":"2024-12-26T11:00:17","slug":"kettle","status":"publish","type":"page","link":"https:\/\/minsa.com.tr\/en\/turkey-reference-list\/kettle\/","title":{"rendered":"Kettle"},"content":{"rendered":"<div data-elementor-type=\"wp-page\" data-elementor-id=\"1937\" class=\"elementor elementor-1937\">\n\t\t\t\t<div class=\"wd-negative-gap elementor-element elementor-element-a22c782 e-flex e-con-boxed e-con e-parent\" data-id=\"a22c782\" data-element_type=\"container\" data-e-type=\"container\">\n\t\t\t\t\t<div class=\"e-con-inner\">\n\t\t\t\t<div class=\"elementor-element elementor-element-1b945d4 color-scheme-inherit text-left elementor-widget elementor-widget-text-editor\" data-id=\"1b945d4\" data-element_type=\"widget\" data-e-type=\"widget\" data-widget_type=\"text-editor.default\">\n\t\t\t\t<div class=\"elementor-widget-container\">\n\t\t\t\t\t\t\t\t\t<table class=\"table table-striped k-table\"><tbody><tr><td><strong>HOTEL NAME<\/strong><\/td><td><strong>PRODUCT<\/strong><\/td><td><strong>\u00a0PROVINCE DISTRICT<\/strong><\/td><\/tr><tr><td>ANNA BELLA DIAMOND HOTELS\u00a0<\/td><td>KETTLE\u00a0<\/td><td>\u0130NCEKUM\/ALANYA<\/td><\/tr><tr><td>AYDINBEY FAMOUS HOTEL\u00a0<\/td><td>KETTLE\u00a0<\/td><td>SER\u0130K\/ANTALYA<\/td><\/tr><tr><td>AYDINBEY KING PALACE HOTEL<\/td><td>KETTLE\u00a0<\/td><td>MANAVGAT\/ANTALYA<\/td><\/tr><tr><td>BOSPHORUS HOTEL<\/td><td>KETTLE\u00a0<\/td><td>MANAVGAT\/ANTALYA<\/td><\/tr><tr><td>CALIDOMARIS HOTEL\u00a0<\/td><td>KETTLE\u00a0<\/td><td>MANAVGAT\/ALANYA<\/td><\/tr><tr><td>EFTELIA AQUA HOTEL<\/td><td>KETTLE\u00a0<\/td><td>ALANYA\/ANTALYA<\/td><\/tr><tr><td>FAME RESIDENCE HOTEL<\/td><td>KETTLE\u00a0<\/td><td>KEMER\/ANTALYA<\/td><\/tr><tr><td>HISAR HOLIDAY CLUB HOTEL<\/td><td>KETTLE\u00a0<\/td><td>FETH\u0130YE\/MU\u011eLA<\/td><\/tr><tr><td>CAMELLIA WORLD HOTEL<\/td><td>KETTLE\u00a0<\/td><td>MANAVGAT\/ANTALYA<\/td><\/tr><tr><td>MANASPARK HOTEL\u00a0<\/td><td>KETTLE\u00a0<\/td><td>FETH\u0130YE\/MU\u011eLA<\/td><\/tr><tr><td>MIRAGE PARK HOTEL\u00a0<\/td><td>KETTLE\u00a0<\/td><td>G\u00d6YN\u00dcK\/ANTALYA<\/td><\/tr><tr><td>NARCIA HOTEL\u00a0<\/td><td>KETTLE\u00a0<\/td><td>MANAVGAT\/ANTALYA<\/td><\/tr><tr><td>QUATRO BEACH HOTEL\u00a0<\/td><td>KETTLE\u00a0<\/td><td>ALANYA\/ANTALYA<\/td><\/tr><tr><td>RAMADA PLAZA HOTEL\u00a0<\/td><td>KETTLE\u00a0<\/td><td>MURATPA\u015eA\/ANTALYA<\/td><\/tr><tr><td>SEA SHELL HOTEL\u00a0<\/td><td>KETTLE\u00a0<\/td><td>MANAVGAT\/ANTALYA<\/td><\/tr><tr><td>SIDE SAND HOTEL\u00a0<\/td><td>KETTLE\u00a0<\/td><td>MANAVGAT\/ANTALYA<\/td><\/tr><tr><td>SIDE MARE RESORT HOTEL\u00a0<\/td><td>KETTLE\u00a0<\/td><td>SIDE\/ANTALYA<\/td><\/tr><tr><td>SIRENE GOLF HOTEL\u00a0<\/td><td>KETTLE\u00a0<\/td><td>BELEK\/ANTALYA<\/td><\/tr><tr><td>SUNWING HOTEL\u00a0<\/td><td>KETTLE\u00a0<\/td><td>BELEK\/ANTALYA<\/td><\/tr><tr><td>SILVER PALM HOTEL<\/td><td>KETTLE\u00a0<\/td><td>BELEK\/ANTALYA<\/td><\/tr><tr><td>VICTORY BE MINE HOTEL<\/td><td>KETTLE\u00a0<\/td><td>MANAVGAT\/ANTALYA<\/td><\/tr><tr><td>ARNOR DELUXE HOTEL\u00a0<\/td><td>KETTLE\u00a0<\/td><td>MANAVGAT\/ALANYA<\/td><\/tr><tr><td>MIYAS HOTEL<\/td><td>KETTLE\u00a0<\/td><td>KEMER\/ANTALYA<\/td><\/tr><\/tbody><\/table>\t\t\t\t\t\t\t\t<\/div>\n\t\t\t\t<\/div>\n\t\t\t\t\t<\/div>\n\t\t\t\t<\/div>\n\t\t\t\t<\/div>","protected":false},"excerpt":{"rendered":"<p>OTEL \u0130SM\u0130 \u00dcR\u00dcN \u00a0\u0130L \u0130L\u00c7E ANNA BELLA D\u0130AMOND OTELS\u00a0 KETTLE\u00a0 \u0130NCEKUM\/ALANYA AYDINBEY FAMOUS OTEL\u00a0 KETTLE\u00a0 SER\u0130K\/ANTALYA AYDINBEY K\u0130NG PALACE OTEL<\/p>","protected":false},"author":2,"featured_media":0,"parent":1912,"menu_order":0,"comment_status":"closed","ping_status":"closed","template":"","meta":{"footnotes":""},"class_list":["post-1937","page","type-page","status-publish","hentry"],"_links":{"self":[{"href":"https:\/\/minsa.com.tr\/en\/wp-json\/wp\/v2\/pages\/1937","targetHints":{"allow":["GET"]}}],"collection":[{"href":"https:\/\/minsa.com.tr\/en\/wp-json\/wp\/v2\/pages"}],"about":[{"href":"https:\/\/minsa.com.tr\/en\/wp-json\/wp\/v2\/types\/page"}],"author":[{"embeddable":true,"href":"https:\/\/minsa.com.tr\/en\/wp-json\/wp\/v2\/users\/2"}],"replies":[{"embeddable":true,"href":"https:\/\/minsa.com.tr\/en\/wp-json\/wp\/v2\/comments?post=1937"}],"version-history":[{"count":0,"href":"https:\/\/minsa.com.tr\/en\/wp-json\/wp\/v2\/pages\/1937\/revisions"}],"up":[{"embeddable":true,"href":"https:\/\/minsa.com.tr\/en\/wp-json\/wp\/v2\/pages\/1912"}],"wp:attachment":[{"href":"https:\/\/minsa.com.tr\/en\/wp-json\/wp\/v2\/media?parent=1937"}],"curies":[{"name":"wp","href":"https:\/\/api.w.org\/{rel}","templated":true}]}}