{"id":1932,"date":"2024-12-26T10:58:35","date_gmt":"2024-12-26T10:58:35","guid":{"rendered":"https:\/\/minsa.com.tr\/?page_id=1932"},"modified":"2024-12-26T10:58:54","modified_gmt":"2024-12-26T10:58:54","slug":"tv","status":"publish","type":"page","link":"https:\/\/minsa.com.tr\/en\/turkey-reference-list\/tv\/","title":{"rendered":"TV"},"content":{"rendered":"<div data-elementor-type=\"wp-page\" data-elementor-id=\"1932\" class=\"elementor elementor-1932\">\n\t\t\t\t<div class=\"wd-negative-gap elementor-element elementor-element-a22c782 e-flex e-con-boxed e-con e-parent\" data-id=\"a22c782\" data-element_type=\"container\" data-e-type=\"container\">\n\t\t\t\t\t<div class=\"e-con-inner\">\n\t\t\t\t<div class=\"elementor-element elementor-element-1b945d4 color-scheme-inherit text-left elementor-widget elementor-widget-text-editor\" data-id=\"1b945d4\" data-element_type=\"widget\" data-e-type=\"widget\" data-widget_type=\"text-editor.default\">\n\t\t\t\t<div class=\"elementor-widget-container\">\n\t\t\t\t\t\t\t\t\t<table class=\"table table-striped k-table\"><tbody><tr><td><strong>HOTEL NAME<\/strong><\/td><td><strong>PRODUCT<\/strong><\/td><td><strong>\u00a0PROVINCE DISTRICT<\/strong><\/td><\/tr><tr><td>ACANTHUS PARADISE HOTEL\u00a0<\/td><td>TV\u00a0<\/td><td>MANAVGAT\/ANTALYA<\/td><\/tr><tr><td>ADALYA ELITE LARA HOTEL<\/td><td>TV\u00a0<\/td><td>KUNDU\/ANTALYA<\/td><\/tr><tr><td>ADAM AND EVE HOTEL<\/td><td>TV\u00a0<\/td><td>BELEK\/ANTALYA<\/td><\/tr><tr><td>AKRA BARUT HOTEL<\/td><td>TV\u00a0<\/td><td>MURATPA\u015eA\/ANTALYA<\/td><\/tr><tr><td>ALIBEY HOTELS\u00a0<\/td><td>TV\u00a0<\/td><td>KIZILA\u011eA\u00c7\/ANTALYA<\/td><\/tr><tr><td>ANGEL BEACH HOTEL\u00a0<\/td><td>TV\u00a0<\/td><td>ALANYA\/ANTALYA<\/td><\/tr><tr><td>ANCIENT ROMAN PALACE HOTEL<\/td><td>TV\u00a0<\/td><td>ALANYA\/ANTALYA<\/td><\/tr><tr><td>AQUA MARINE HOTEL<\/td><td>TV\u00a0<\/td><td>MANAVGAT\/ANTALYA<\/td><\/tr><tr><td>ARMAS BELEK HOTEL<\/td><td>TV\u00a0<\/td><td>BELEK\/ANTALYA<\/td><\/tr><tr><td>ASTERIA KREMLIN HOTEL\u00a0<\/td><td>TV\u00a0<\/td><td>AKSU\/ANTALYA<\/td><\/tr><tr><td>AYDINBEY FAMOUS HOTEL\u00a0<\/td><td>TV\u00a0<\/td><td>AKSU\/ANTALYA<\/td><\/tr><tr><td>Ayd\u0131nbey Queens Hotel\u00a0<\/td><td>TV\u00a0<\/td><td>SER\u0130K\/ANTALYA<\/td><\/tr><tr><td>BARUT ACANTHUS HOTEL\u00a0<\/td><td>TV\u00a0<\/td><td>MANAVGAT\/ANTALYA<\/td><\/tr><tr><td>BARUT ARUM HOTEL<\/td><td>TV\u00a0<\/td><td>MANAVGAT\/ANTALYA<\/td><\/tr><tr><td>BARUT B SUITES HOTEL<\/td><td>TV\u00a0<\/td><td>EVRENSEKI\/ANTALYA<\/td><\/tr><tr><td>BARUT KEMER HOTEL\u00a0<\/td><td>TV\u00a0<\/td><td>KEMER\/ANTALYA<\/td><\/tr><tr><td>BARUT SENSATORI HOTEL<\/td><td>TV\u00a0<\/td><td>MANAVGAT\/ANTALYA<\/td><\/tr><tr><td>BELCEKUM BEACH HOTEL\u00a0<\/td><td>TV\u00a0<\/td><td>FETH\u0130YE\/MU\u011eLA<\/td><\/tr><tr><td>BELLIS DELUXE HOTEL\u00a0<\/td><td>TV\u00a0<\/td><td>BELEK\/ANTALYA<\/td><\/tr><tr><td>BLUE WAVE HOTEL\u00a0<\/td><td>TV\u00a0<\/td><td>ALANYA\/ANTALYA<\/td><\/tr><tr><td>BOSPHORUS HOTEL<\/td><td>TV\u00a0<\/td><td>MANAVGAT\/ANTALYA<\/td><\/tr><tr><td>CALIDOMARIS HOTEL<\/td><td>TV\u00a0<\/td><td>MANAVGAT\/ANTALYA<\/td><\/tr><tr><td>CLUB ALIBEY HOTEL\u00a0<\/td><td>TV\u00a0<\/td><td>MANAVGAT\/ANTALYA<\/td><\/tr><tr><td>CLUB ASTERI\u0307A HOTEL\u00a0<\/td><td>TV\u00a0<\/td><td>SER\u0130K\/ANTALYA<\/td><\/tr><tr><td>CLUB DEM HOTEL<\/td><td>TV\u00a0<\/td><td>KONAKLI\/ANTALYA<\/td><\/tr><tr><td>CLUB MEGASARAY HOTEL<\/td><td>TV\u00a0<\/td><td>SER\u0130K\/ANTALYA<\/td><\/tr><tr><td>CLUB MERMAID HOTEL<\/td><td>TV\u00a0<\/td><td>ALANYA\/ANTALYA<\/td><\/tr><tr><td>CLUB ZIGANA HOTEL<\/td><td>TV\u00a0<\/td><td>KEMER\/ANTALYA<\/td><\/tr><tr><td>EFTELIA HOTEL<\/td><td>TV\u00a0<\/td><td>ALANYA\/ANTALYA<\/td><\/tr><tr><td>ELVIN DELUXE HOTEL\u00a0<\/td><td>TV\u00a0<\/td><td>ALANYA\/ANTALYA<\/td><\/tr><tr><td>FALCON HOTEL\u00a0<\/td><td>TV\u00a0<\/td><td>MURATPA\u015eA\/ANTALYA<\/td><\/tr><tr><td>FALEZ HOTEL\u00a0<\/td><td>TV\u00a0<\/td><td>KONYAALTI\/ANTALYA<\/td><\/tr><tr><td>FANTASIA DE LUXE HOTEL<\/td><td>TV\u00a0<\/td><td>KEMER\/ANTALYA<\/td><\/tr><tr><td>GOLD CITY HOTEL\u00a0<\/td><td>TV\u00a0<\/td><td>ALANYA\/ANTALYA<\/td><\/tr><tr><td>GRANADA AVSALLAR HOTEL<\/td><td>TV\u00a0<\/td><td>ALANYA\/ANTALYA<\/td><\/tr><tr><td>GRAND \u00c7INAR HOTEL<\/td><td>TV\u00a0<\/td><td>KUMLUCA\/ANTALYA<\/td><\/tr><tr><td>HEMERA HOTEL\u00a0<\/td><td>TV\u00a0<\/td><td>SIDE\/ANTALYA<\/td><\/tr><tr><td>SU HOTEL\u00a0<\/td><td>TV\u00a0<\/td><td>MURATPA\u015eA\/ANTALYA<\/td><\/tr><tr><td>CAMELLIA COLLECTI\u0307ON HOTEL<\/td><td>TV\u00a0<\/td><td>COLAKLI\/ANTALYA<\/td><\/tr><tr><td>KARBEL HOTEL<\/td><td>TV\u00a0<\/td><td>FETH\u0130YE\/MU\u011eLA<\/td><\/tr><tr><td>KARMIR HOTEL<\/td><td>TV\u00a0<\/td><td>KEMER\/ANTALYA<\/td><\/tr><tr><td>KAYA PALAZZO HOTEL<\/td><td>TV\u00a0<\/td><td>BELEK\/ANTALYA<\/td><\/tr><tr><td>KEMAL BAY HOTEL\u00a0<\/td><td>TV\u00a0<\/td><td>ALANYA\/ANTALYA<\/td><\/tr><tr><td>KEMPINKI HOTEL\u00a0<\/td><td>TV\u00a0<\/td><td>BELEK\/ANTALYA<\/td><\/tr><tr><td>LABRANDA TMT HOTEL\u00a0<\/td><td>TV\u00a0<\/td><td>BODRUM\/MU\u011eLA<\/td><\/tr><tr><td>BARUT LARA HOTEL\u00a0<\/td><td>TV\u00a0<\/td><td>LARA\/ANTALYA<\/td><\/tr><tr><td>LBERTY LYKIA HOTEL\u00a0<\/td><td>TV\u00a0<\/td><td>FETH\u0130YE\/MU\u011eLA<\/td><\/tr><tr><td>MANASPARK HOTEL\u00a0<\/td><td>TV\u00a0<\/td><td>FETH\u0130YE\/MU\u011eLA<\/td><\/tr><tr><td>MARITIME PINE BEACH HOTEL\u00a0<\/td><td>TV\u00a0<\/td><td>BELEK\/ANTALYA<\/td><\/tr><tr><td>MARITIME PALACE REGENCY HOTEL\u00a0<\/td><td>TV\u00a0<\/td><td>MANAVGAT\/ANTALYA<\/td><\/tr><tr><td>MARY PALACE HOTEL\u00a0<\/td><td>TV\u00a0<\/td><td>SER\u0130K\/ANTALYA<\/td><\/tr><tr><td>MI\u0307RADA DEL LAGO HOTEL\u00a0<\/td><td>TV\u00a0<\/td><td>MELI\u0307KGAZI\u0307\/KAYSERI<\/td><\/tr><tr><td>MIRADA DEL MAR HOTEL\u00a0<\/td><td>TV\u00a0<\/td><td>KEMER\/ANTALYA<\/td><\/tr><tr><td>MIRAGE PARK HOTEL\u00a0<\/td><td>TV\u00a0<\/td><td>KEMER\/ANTALYA<\/td><\/tr><tr><td>MP HOTELS<\/td><td>TV\u00a0<\/td><td>MURATPA\u015eA\/ANTALYA<\/td><\/tr><tr><td>MUKARNAS HOTEL\u00a0<\/td><td>TV\u00a0<\/td><td>ALANYA\/ANTALYA<\/td><\/tr><tr><td>NARCIA HOTEL\u00a0<\/td><td>TV\u00a0<\/td><td>MANAVGAT\/ANTALYA<\/td><\/tr><tr><td>OTIUM LIFE HOTEL\u00a0<\/td><td>TV\u00a0<\/td><td>KEMER\/ANTALYA<\/td><\/tr><tr><td>\u00d6ZKAYMAK MARINA HOTEL\u00a0<\/td><td>TV\u00a0<\/td><td>KEMER\/ANTALYA<\/td><\/tr><tr><td>ROYAL ALHAMBRA HOTEL\u00a0<\/td><td>TV\u00a0<\/td><td>MANAVGAT\/ANTALYA<\/td><\/tr><tr><td>ROYAL DRAGON HOTEL\u00a0<\/td><td>TV\u00a0<\/td><td>MANAVGAT\/ANTALYA<\/td><\/tr><tr><td>ROYAL SEG\u0130NUS HOTEL\u00a0<\/td><td>TV\u00a0<\/td><td>AKSU\/ANTALYA<\/td><\/tr><tr><td>ROYAL WINGS HOTEL\u00a0<\/td><td>TV\u00a0<\/td><td>LARA\/ANTALYA<\/td><\/tr><tr><td>R\u00d6NESANS HOTEL\u00a0<\/td><td>TV\u00a0<\/td><td>CENTER\/U\u015eAK<\/td><\/tr><tr><td>SEA LIFE HOTEL\u00a0<\/td><td>TV\u00a0<\/td><td>KONYAALTI\/ANTALYA<\/td><\/tr><tr><td>SEA SHELL HOTEL\u00a0<\/td><td>TV\u00a0<\/td><td>MANAVGAT\/ANTALYA<\/td><\/tr><tr><td>SELECTUM HOTEL\u00a0<\/td><td>TV\u00a0<\/td><td>BELEK\/ANTALYA<\/td><\/tr><tr><td>SIDE SAND HOTEL\u00a0<\/td><td>TV\u00a0<\/td><td>SIDE\/ANTALYA<\/td><\/tr><tr><td>SIDE ROYAL PARADI\u0307SE HOTEL\u00a0<\/td><td>TV\u00a0<\/td><td>MANAVGAT\/ANTALYA<\/td><\/tr><tr><td>SIDE STAR ELEGANCE HOTEL\u00a0<\/td><td>TV\u00a0<\/td><td>SIDE\/ANTALYA<\/td><\/tr><tr><td>SIDE STAR PARK HOTEL<\/td><td>TV\u00a0<\/td><td>SIDE\/ANTALYA<\/td><\/tr><tr><td>SIRENE GOLF HOTEL\u00a0<\/td><td>TV\u00a0<\/td><td>SER\u0130K\/ANTALYA<\/td><\/tr><tr><td>SPICE HOTEL<\/td><td>TV\u00a0<\/td><td>BELEK\/ANTALYA<\/td><\/tr><tr><td>THE PINE HOTEL\u00a0<\/td><td>TV\u00a0<\/td><td>FETH\u0130YE\/MU\u011eLA<\/td><\/tr><tr><td>TT IMPERIAL BODRUM HOTEL\u00a0<\/td><td>TV\u00a0<\/td><td>BODRUM\/MU\u011eLA<\/td><\/tr><tr><td>TT MARMARIS HOTEL<\/td><td>TV\u00a0<\/td><td>MARMARIS\/MU\u011eLA<\/td><\/tr><tr><td>TT SARIGERME HOTEL\u00a0<\/td><td>TV\u00a0<\/td><td>SARIGERME\/ MU\u011eLA<\/td><\/tr><tr><td>TT WATERWORLD HOTEL<\/td><td>TV\u00a0<\/td><td>SER\u0130K\/ANTALYA<\/td><\/tr><tr><td>TU\u0130 BLUE SARIGERME PARK HOTEL\u00a0<\/td><td>TV\u00a0<\/td><td>SARIGERME\/ MU\u011eLA<\/td><\/tr><tr><td>ASTERIA BODRUM HOTEL\u00a0<\/td><td>TV\u00a0<\/td><td>BODRUM\/MU\u011eLA<\/td><\/tr><tr><td>CAMELLIA WORLD HOTEL\u00a0<\/td><td>TV\u00a0<\/td><td>MANAVGAT\/ANTALYA<\/td><\/tr><tr><td>ARUM HOTEL\u00a0<\/td><td>TV\u00a0<\/td><td>MANAVGAT\/ANTALYA<\/td><\/tr><tr><td>ASTERIA FANTASIA HOTEL<\/td><td>TV\u00a0<\/td><td>KEMER\/ANTALYA<\/td><\/tr><tr><td>AYDINBEY KINGS HOTEL\u00a0<\/td><td>TV\u00a0<\/td><td>MANAVGAT\/ANTALYA<\/td><\/tr><tr><td>RAMADA SIDE RESORT HOTEL<\/td><td>TV\u00a0<\/td><td>SIDE\/ANTALYA<\/td><\/tr><tr><td>POLAT THERMAL HOTEL\u00a0<\/td><td>TV\u00a0<\/td><td>PAMUKKALE\/DENI\u0307ZLI<\/td><\/tr><tr><td>KAYA IZMIR HOTEL\u00a0<\/td><td>TV\u00a0<\/td><td>CENTER\/IZMIR<\/td><\/tr><tr><td>SUN BEACH PARK HOTEL\u00a0<\/td><td>TV\u00a0<\/td><td>SIDE\/ANTALYA<\/td><\/tr><tr><td>MIRA MARE HOTEL\u00a0<\/td><td>TV\u00a0<\/td><td>MANAVGAT\/ANTALYA<\/td><\/tr><tr><td>LI\u0307BERTY \u00d6L\u00dcDENI\u0307Z HOTEL<\/td><td>TV\u00a0<\/td><td>\u00d6L\u00dcDEN\u0130Z\/MU\u011eLA<\/td><\/tr><\/tbody><\/table>\t\t\t\t\t\t\t\t<\/div>\n\t\t\t\t<\/div>\n\t\t\t\t\t<\/div>\n\t\t\t\t<\/div>\n\t\t\t\t<\/div>","protected":false},"excerpt":{"rendered":"<p>OTEL \u0130SM\u0130 \u00dcR\u00dcN \u00a0\u0130L \u0130L\u00c7E ACANTHUS CENNET OTEL\u00a0 TV\u00a0 MANAVGAT\/ANTALYA ADALYA EL\u0130TE LARA OTEL TV\u00a0 KUNDU\/ANTALYA ADEM VE HAVVA OTEL<\/p>","protected":false},"author":2,"featured_media":0,"parent":1912,"menu_order":0,"comment_status":"closed","ping_status":"closed","template":"","meta":{"footnotes":""},"class_list":["post-1932","page","type-page","status-publish","hentry"],"_links":{"self":[{"href":"https:\/\/minsa.com.tr\/en\/wp-json\/wp\/v2\/pages\/1932","targetHints":{"allow":["GET"]}}],"collection":[{"href":"https:\/\/minsa.com.tr\/en\/wp-json\/wp\/v2\/pages"}],"about":[{"href":"https:\/\/minsa.com.tr\/en\/wp-json\/wp\/v2\/types\/page"}],"author":[{"embeddable":true,"href":"https:\/\/minsa.com.tr\/en\/wp-json\/wp\/v2\/users\/2"}],"replies":[{"embeddable":true,"href":"https:\/\/minsa.com.tr\/en\/wp-json\/wp\/v2\/comments?post=1932"}],"version-history":[{"count":0,"href":"https:\/\/minsa.com.tr\/en\/wp-json\/wp\/v2\/pages\/1932\/revisions"}],"up":[{"embeddable":true,"href":"https:\/\/minsa.com.tr\/en\/wp-json\/wp\/v2\/pages\/1912"}],"wp:attachment":[{"href":"https:\/\/minsa.com.tr\/en\/wp-json\/wp\/v2\/media?parent=1932"}],"curies":[{"name":"wp","href":"https:\/\/api.w.org\/{rel}","templated":true}]}}