{"id":1927,"date":"2024-12-26T10:57:13","date_gmt":"2024-12-26T10:57:13","guid":{"rendered":"https:\/\/minsa.com.tr\/?page_id=1927"},"modified":"2024-12-26T10:57:35","modified_gmt":"2024-12-26T10:57:35","slug":"hair-dryer","status":"publish","type":"page","link":"https:\/\/minsa.com.tr\/en\/turkey-reference-list\/hair-dryer\/","title":{"rendered":"Hair Drying"},"content":{"rendered":"<div data-elementor-type=\"wp-page\" data-elementor-id=\"1927\" class=\"elementor elementor-1927\">\n\t\t\t\t<div class=\"wd-negative-gap elementor-element elementor-element-a22c782 e-flex e-con-boxed e-con e-parent\" data-id=\"a22c782\" data-element_type=\"container\" data-e-type=\"container\">\n\t\t\t\t\t<div class=\"e-con-inner\">\n\t\t\t\t<div class=\"elementor-element elementor-element-1b945d4 color-scheme-inherit text-left elementor-widget elementor-widget-text-editor\" data-id=\"1b945d4\" data-element_type=\"widget\" data-e-type=\"widget\" data-widget_type=\"text-editor.default\">\n\t\t\t\t<div class=\"elementor-widget-container\">\n\t\t\t\t\t\t\t\t\t<table class=\"table table-striped k-table\"><tbody><tr><td><strong>HOTEL NAME<\/strong><\/td><td><strong>PRODUCT<\/strong><\/td><td><strong>PROVINCE DISTRICT<\/strong><\/td><\/tr><tr><td>Optimum Hotel\u00a0<\/td><td>HAIR DRYER<\/td><td>MANAVGAT\/ANTALYA<\/td><\/tr><tr><td>QUATRO BEACH HOTEL\u00a0<\/td><td>HAIR DRYER<\/td><td>ALANYA\/ANTALYA<\/td><\/tr><tr><td>KEMAL BAY HOTEL\u00a0<\/td><td>HAIR DRYER<\/td><td>ALANYA\/ANTALYA<\/td><\/tr><tr><td>TURKMEN HOTEL\u00a0<\/td><td>HAIR DRYER<\/td><td>ALANYA\/ANTALYA<\/td><\/tr><tr><td>CLUB NENA HOTEL\u00a0<\/td><td>HAIR DRYER<\/td><td>MANAVGAT\/ALANYA<\/td><\/tr><tr><td>EFTELIA AQUA HOTEL\u00a0<\/td><td>HAIR DRYER<\/td><td>ALANYA\/ANTALYA<\/td><\/tr><tr><td>EFTELIA SPLASH HOTEL\u00a0<\/td><td>HAIR DRYER<\/td><td>ALANYA\/ANTALYA<\/td><\/tr><tr><td>BELEK BEACH RESORT HOTEL\u00a0<\/td><td>HAIR DRYER<\/td><td>BELEK\/ANTALYA<\/td><\/tr><tr><td>SIDE MARE RESORT HOTEL\u00a0<\/td><td>HAIR DRYER<\/td><td>SIDE\/ANTALYA<\/td><\/tr><tr><td>DO\u011eANAY HOTEL\u00a0<\/td><td>HAIR DRYER<\/td><td>ALANYA\/ANTALYA<\/td><\/tr><tr><td>ELVIN DELUXE HOTEL\u00a0<\/td><td>HAIR DRYER<\/td><td>ALANYA\/ANTALYA<\/td><\/tr><tr><td>INN VISTAR HOTEL\u00a0<\/td><td>HAIR DRYER<\/td><td>BELEK\/ANTALYA<\/td><\/tr><tr><td>CALIDOMARIS HOTEL\u00a0<\/td><td>HAIR DRYER<\/td><td>MANAVGAT\/ANTALYA<\/td><\/tr><tr><td>MERMAID HOTEL\u00a0<\/td><td>HAIR DRYER<\/td><td>ALANYA\/ANTALYA<\/td><\/tr><tr><td>FLORIA BEACH HOTEL\u00a0<\/td><td>HAIR DRYER<\/td><td>ALANYA\/ANTALYA<\/td><\/tr><tr><td>SEHER HOTEL\u00a0<\/td><td>HAIR DRYER<\/td><td>SIDE\/ANTALYA<\/td><\/tr><tr><td>SUENO HOTEL\u00a0<\/td><td>HAIR DRYER<\/td><td>BELEK\/ANTALYA<\/td><\/tr><tr><td>Vista Hotel Mersin<\/td><td>HAIR DRYER<\/td><td>CENTER\/MERSIN<\/td><\/tr><tr><td>CLUB NENA HOTEL\u00a0<\/td><td>HAIR DRYER<\/td><td>MANAVGAT\/ANTALYA<\/td><\/tr><tr><td>EFTELIA RESORT HOTEL\u00a0<\/td><td>HAIR DRYER<\/td><td>ALANYA\/ANTALYA<\/td><\/tr><tr><td>HEMERA HOTEL\u00a0<\/td><td>HAIR DRYER<\/td><td>MANAVGAT\/ANTALYA<\/td><\/tr><tr><td>SIRENE GOLF HOTEL\u00a0<\/td><td>HAIR DRYER<\/td><td>BELEK\/ANTALYA<\/td><\/tr><tr><td>BELEK BEACH RESORT HOTEL\u00a0<\/td><td>HAIR DRYER<\/td><td>BELEK\/ANTALYA<\/td><\/tr><tr><td>SIDE MARE RESORT HOTEL\u00a0<\/td><td>HAIR DRYER<\/td><td>SIDE\/ANTALYA<\/td><\/tr><tr><td>SHERWOOD RESORT HOTEL\u00a0<\/td><td>HAIR DRYER<\/td><td>KEMER\/ANTALYA<\/td><\/tr><tr><td>BELLIS HOTEL\u00a0<\/td><td>HAIR DRYER<\/td><td>BELEK\/ANTALYA<\/td><\/tr><tr><td>SORGUN BOSPHORUS HOTEL\u00a0<\/td><td>HAIR DRYER<\/td><td>MANAVGAT\/ANTALYA<\/td><\/tr><tr><td>GRAND ZAMAN HOTEL\u00a0<\/td><td>HAIR DRYER<\/td><td>ALANYA\/ANTALYA<\/td><\/tr><tr><td>SUNPARK MARINE HOTEL\u00a0<\/td><td>HAIR DRYER<\/td><td>ALANYA\/ANTALYA<\/td><\/tr><tr><td>CLUB DEM HOTEL\u00a0<\/td><td>HAIR DRYER<\/td><td>ALANYA\/ANTALYA<\/td><\/tr><tr><td>\u00c7INAR GARDEN HOTEL\u00a0<\/td><td>HAIR DRYER<\/td><td>MANAVGAT\/ANTALYA<\/td><\/tr><tr><td>MERCAN HOTEL\u00a0<\/td><td>HAIR DRYER<\/td><td>KONYAALTI\/ANTALYA<\/td><\/tr><tr><td>SEAMELIA HOTEL\u00a0<\/td><td>HAIR DRYER<\/td><td>MANAVGAT\/ANTALYA<\/td><\/tr><tr><td>SWANDOR HOTEL\u00a0<\/td><td>HAIR DRYER<\/td><td>KUNDU\/ANTALYA<\/td><\/tr><tr><td>SELGE BEACH HOTEL\u00a0<\/td><td>HAIR DRYER<\/td><td>MANAVGAT\/ANTALYA<\/td><\/tr><tr><td>XANADU RESORT HOTEL\u00a0<\/td><td>HAIR DRYER<\/td><td>BELEK\/ANTALYA<\/td><\/tr><tr><td>DEFNE STAR HOTEL\u00a0<\/td><td>HAIR DRYER<\/td><td>MANAVGAT\/ANTALYA<\/td><\/tr><tr><td>MUKARNAS HOTEL\u00a0<\/td><td>HAIR DRYER<\/td><td>ALANYA\/ANTALYA<\/td><\/tr><tr><td>UTOPIA WORLD HOTEL\u00a0<\/td><td>HAIR DRYER<\/td><td>ALANYA\/ANTALYA<\/td><\/tr><tr><td>Vista Hotel Mersin<\/td><td>HAIR DRYER<\/td><td>CENTER\/MERSIN<\/td><\/tr><tr><td>EFTELIA AQUA HOTEL\u00a0<\/td><td>HAIR DRYER<\/td><td>ALANYA\/ANTALYA<\/td><\/tr><tr><td>BELEK BEACH RESORT HOTEL\u00a0<\/td><td>HAIR DRYER<\/td><td>BELEK\/ANTALYA<\/td><\/tr><tr><td>SIDE MARE RESORT HOTEL\u00a0<\/td><td>HAIR DRYER<\/td><td>SIDE\/ANTALYA<\/td><\/tr><tr><td>SHERWOOD SUITES HOTEL\u00a0<\/td><td>HAIR DRYER<\/td><td>KUNDU\/ANTALYA<\/td><\/tr><tr><td>PALOMA OCEANA HOTEL\u00a0<\/td><td>HAIR DRYER<\/td><td>MANAVGAT\/ANTALYA<\/td><\/tr><tr><td>BLUE WAVE HOTEL\u00a0<\/td><td>HAIR DRYER<\/td><td>ALANYA\/ANTALYA<\/td><\/tr><tr><td>NARC\u0130A RESORT HOTEL\u00a0<\/td><td>HAIR DRYER<\/td><td>MANAVGAT\/ANTALYA<\/td><\/tr><tr><td>SORGUN BOSPHORUS HOTEL\u00a0<\/td><td>HAIR DRYER<\/td><td>MANAVGAT\/ANTALYA<\/td><\/tr><tr><td>CAMELLIA WORLD HOTEL\u00a0<\/td><td>HAIR DRYER<\/td><td>MANAVGAT\/ANTALYA<\/td><\/tr><tr><td>WHITE CITY HOTEL\u00a0<\/td><td>HAIR DRYER<\/td><td>ALANYA\/ANTALYA<\/td><\/tr><tr><td>AMBASSADOR HOTEL\u00a0<\/td><td>HAIR DRYER<\/td><td>KEMER\/ANTALYA<\/td><\/tr><tr><td>KARBEL HOTEL\u00a0<\/td><td>HAIR DRYER<\/td><td>FETH\u0130YE\/MU\u011eLA<\/td><\/tr><tr><td>ASTERIA KREMLIN HOTEL\u00a0<\/td><td>HAIR DRYER<\/td><td>KEMER\/ANTALYA<\/td><\/tr><tr><td>AQUA MARINE HOTEL\u00a0<\/td><td>HAIR DRYER<\/td><td>MANAVGAT\/ANTALYA<\/td><\/tr><tr><td>SWANDOR HOTEL\u00a0<\/td><td>HAIR DRYER<\/td><td>ANTALYA\/KUNDU<\/td><\/tr><tr><td>MEGASARAY HOTEL\u00a0<\/td><td>HAIR DRYER<\/td><td>BELEK\/ANTALYA<\/td><\/tr><tr><td>RIVIERA ZEN HOTEL\u00a0<\/td><td>HAIR DRYER<\/td><td>ALANYA\/ANTALYA<\/td><\/tr><tr><td>Mire Mare Hotel\u00a0<\/td><td>HAIR DRYER<\/td><td>MANAVGAT\/ANTALYA<\/td><\/tr><tr><td>BELLA RESORT HOTEL\u00a0<\/td><td>HAIR DRYER<\/td><td>ANTALYA\/MANAVGAT<\/td><\/tr><tr><td>BELEK BEACH RESORT HOTEL\u00a0<\/td><td>HAIR DRYER<\/td><td>BELEK\/ANTALYA<\/td><\/tr><tr><td>SHERWOOD DREAMS HOTEL\u00a0<\/td><td>HAIR DRYER<\/td><td>BELEK\/ANTALYA<\/td><\/tr><tr><td>Justinian Park Conti Hotel<\/td><td>HAIR DRYER<\/td><td>ALANYA\/ANTALYA<\/td><\/tr><tr><td>PURE BLANCHE HOTEL\u00a0<\/td><td>HAIR DRYER<\/td><td>MURATPA\u015eA\/ANTALYA<\/td><\/tr><tr><td>SAILORS BEACH HOTEL\u00a0<\/td><td>HAIR DRYER<\/td><td>KEMER\/ANTALYA<\/td><\/tr><tr><td>RIXOS HOTEL BODRUM\u00a0<\/td><td>HAIR DRYER<\/td><td>BODRUM\/MU\u011eLA<\/td><\/tr><tr><td>JUSTINIANO HOTEL\u00a0<\/td><td>HAIR DRYER<\/td><td>MURATPA\u015eA\/ANTALYA<\/td><\/tr><tr><td>Sultan of Side Hotel\u00a0<\/td><td>HAIR DRYER<\/td><td>SIDE\/ANTALYA<\/td><\/tr><tr><td>MIYAS HOTEL<\/td><td>HAIR DRYER<\/td><td>KEMER\/ANTALYA<\/td><\/tr><tr><td>RIVER AND LAKE HOTEL\u00a0<\/td><td>HAIR DRYER<\/td><td>MANAVGAT\/ANTALYA<\/td><\/tr><tr><td>MEGASARAY HOTEL\u00a0<\/td><td>HAIR DRYER<\/td><td>BELEK\/ANTALYA<\/td><\/tr><tr><td>VICTORY BE MINE HOTEL<\/td><td>HAIR DRYER<\/td><td>MANAVGAT\/ANTALYA<\/td><\/tr><\/tbody><\/table>\t\t\t\t\t\t\t\t<\/div>\n\t\t\t\t<\/div>\n\t\t\t\t\t<\/div>\n\t\t\t\t<\/div>\n\t\t\t\t<\/div>","protected":false},"excerpt":{"rendered":"<p>OTEL \u0130SM\u0130 \u00dcR\u00dcN \u0130L \u0130L\u00c7E OPT\u0130MUM OTEL\u00a0 SA\u00c7 KURUTMA MAK\u0130NES\u0130 MANAVGAT\/ANTALYA QUATRO BEACH OTEL\u00a0 SA\u00c7 KURUTMA MAK\u0130NES\u0130 ALANYA\/ANTALYA KEMAL BAY<\/p>","protected":false},"author":2,"featured_media":0,"parent":1912,"menu_order":0,"comment_status":"closed","ping_status":"closed","template":"","meta":{"footnotes":""},"class_list":["post-1927","page","type-page","status-publish","hentry"],"_links":{"self":[{"href":"https:\/\/minsa.com.tr\/en\/wp-json\/wp\/v2\/pages\/1927","targetHints":{"allow":["GET"]}}],"collection":[{"href":"https:\/\/minsa.com.tr\/en\/wp-json\/wp\/v2\/pages"}],"about":[{"href":"https:\/\/minsa.com.tr\/en\/wp-json\/wp\/v2\/types\/page"}],"author":[{"embeddable":true,"href":"https:\/\/minsa.com.tr\/en\/wp-json\/wp\/v2\/users\/2"}],"replies":[{"embeddable":true,"href":"https:\/\/minsa.com.tr\/en\/wp-json\/wp\/v2\/comments?post=1927"}],"version-history":[{"count":0,"href":"https:\/\/minsa.com.tr\/en\/wp-json\/wp\/v2\/pages\/1927\/revisions"}],"up":[{"embeddable":true,"href":"https:\/\/minsa.com.tr\/en\/wp-json\/wp\/v2\/pages\/1912"}],"wp:attachment":[{"href":"https:\/\/minsa.com.tr\/en\/wp-json\/wp\/v2\/media?parent=1927"}],"curies":[{"name":"wp","href":"https:\/\/api.w.org\/{rel}","templated":true}]}}