{"id":1914,"date":"2024-12-26T10:52:55","date_gmt":"2024-12-26T10:52:55","guid":{"rendered":"https:\/\/minsa.com.tr\/?page_id=1914"},"modified":"2024-12-26T10:56:27","modified_gmt":"2024-12-26T10:56:27","slug":"mini-bars","status":"publish","type":"page","link":"https:\/\/minsa.com.tr\/en\/turkey-reference-list\/mini-bars\/","title":{"rendered":"Mini Bars"},"content":{"rendered":"<div data-elementor-type=\"wp-page\" data-elementor-id=\"1914\" class=\"elementor elementor-1914\">\n\t\t\t\t<div class=\"wd-negative-gap elementor-element elementor-element-a22c782 e-flex e-con-boxed e-con e-parent\" data-id=\"a22c782\" data-element_type=\"container\" data-e-type=\"container\">\n\t\t\t\t\t<div class=\"e-con-inner\">\n\t\t\t\t<div class=\"elementor-element elementor-element-1b945d4 color-scheme-inherit text-left elementor-widget elementor-widget-text-editor\" data-id=\"1b945d4\" data-element_type=\"widget\" data-e-type=\"widget\" data-widget_type=\"text-editor.default\">\n\t\t\t\t<div class=\"elementor-widget-container\">\n\t\t\t\t\t\t\t\t\t<table class=\"table table-striped k-table\"><tbody><tr><td><strong>HOTEL NAME<\/strong><\/td><td><strong>PRODUCT<\/strong><\/td><td><strong>PROVINCE DISTRICT<\/strong><\/td><\/tr><tr><td>ADALCA OCEAN DELUXE HOTEL<\/td><td>MINIBAR<\/td><td>EVRENSEKI\/ANTALYA<\/td><\/tr><tr><td>ADALYA ELITE LARA HOTEL<\/td><td>MINIBAR<\/td><td>KUNDU\/ANTALYA<\/td><\/tr><tr><td>ADAM AND EVE HOTEL<\/td><td>MINIBAR<\/td><td>SER\u0130K\/ANTALYA<\/td><\/tr><tr><td>AKRA BARUT HOTEL<\/td><td>MINIBAR<\/td><td>MURATPA\u015eA\/ANTALYA<\/td><\/tr><tr><td>ALESTA YATCH HOTEL<\/td><td>MINIBAR<\/td><td>FETH\u0130YE\/MU\u011eLA<\/td><\/tr><tr><td>ALIBEY HOTEL<\/td><td>MINIBAR<\/td><td>MANAVGAT\/ANTALYA<\/td><\/tr><tr><td>ALIBEY RESORT SORGUN HOTEL<\/td><td>MINIBAR<\/td><td>MANAVGAT\/ANTALYA<\/td><\/tr><tr><td>AMARA DOLCE VITA HOTEL<\/td><td>MINIBAR<\/td><td>KEMER\/ANTALYA<\/td><\/tr><tr><td>ANCIENT ROMAN PALACE HOTEL<\/td><td>MINIBAR<\/td><td>ALANYA\/ANTALYA<\/td><\/tr><tr><td>AQUA MARINE HOTEL<\/td><td>MINIBAR<\/td><td>MANAVGAT\/ANTALYA<\/td><\/tr><tr><td>ARMAS COMFORT HOTEL<\/td><td>MINIBAR<\/td><td>KEMER\/ANTALYA<\/td><\/tr><tr><td>ARMAS KEMER HOTEL\u00a0<\/td><td>MINIBAR<\/td><td>KEMER\/ANTALYA<\/td><\/tr><tr><td>ARNOR DELUXE HOTEL\u00a0<\/td><td>MINIBAR<\/td><td>MANAVGAT\/ANTALYA<\/td><\/tr><tr><td>ART SIDE HOTEL\u00a0<\/td><td>MINIBAR<\/td><td>MANAVGAT\/ANTALYA<\/td><\/tr><tr><td>ARUM HOTEL<\/td><td>MINIBAR<\/td><td>MANAVGAT\/ANTALYA<\/td><\/tr><tr><td>ASKA JUST IN BEACH HOTEL<\/td><td>MINIBAR<\/td><td>ALANYA\/ANTALYA<\/td><\/tr><tr><td>ASTERIA BELEK HOTEL<\/td><td>MINIBAR<\/td><td>BELEK\/ANTALYA<\/td><\/tr><tr><td>ASTERIA FANTASIA HOTEL<\/td><td>MINIBAR<\/td><td>KEMER\/ANTALYA<\/td><\/tr><tr><td>ASTERIA KREMLIN HOTEL\u00a0<\/td><td>MINIBAR<\/td><td>KUNDU\/ANTALYA<\/td><\/tr><tr><td>AYDINBEY KIING HOTEL\u00a0<\/td><td>MINIBAR<\/td><td>MANAVGAT\/ANTALYA<\/td><\/tr><tr><td>AYINTAP HOTEL<\/td><td>MINIBAR<\/td><td>\u0130NCI\u0307RLI\u0307PINAR\/GAZI\u0307ANTEP<\/td><\/tr><tr><td>BARUT FETH\u0130YE HOTEL\u00a0<\/td><td>MINIBAR<\/td><td>FETH\u0130YE\/MU\u011eLA<\/td><\/tr><tr><td>CAPITAL CITY UNIVERSITY<\/td><td>MINIBAR<\/td><td>\u00c7ANKAYA \/ANKARA<\/td><\/tr><tr><td>BELEK BEACH HOTEL<\/td><td>MINIBAR<\/td><td>BELEK\/ANTALYA<\/td><\/tr><tr><td>BELLIS HOTEL\u00a0<\/td><td>MINIBAR<\/td><td>BELEK\/ANTALYA<\/td><\/tr><tr><td>BLUE WATERS HOTEL<\/td><td>MINIBAR<\/td><td>MANAVGAT\/ANTALYA<\/td><\/tr><tr><td>BN TERMAL HOTEL\u00a0<\/td><td>MINIBAR<\/td><td>MERSIN\/ANTALYA\u00a0<\/td><\/tr><tr><td>BOSPHORUS HOTEL<\/td><td>MINIBAR<\/td><td>SORGUN\/ANTALYA<\/td><\/tr><tr><td>CALIDOMARIS HOTEL<\/td><td>MINIBAR<\/td><td>MANAVGAT\/ANTALYA<\/td><\/tr><tr><td>CALI\u0307MERA KAYA SI\u0307DE HOTEL<\/td><td>MINIBAR<\/td><td>SIDE\/ANTALYA<\/td><\/tr><tr><td>CLUB ALIBEY HOTEL\u00a0<\/td><td>MINIBAR<\/td><td>MANAVGAT\/ANTALYA<\/td><\/tr><tr><td>CLUB ANJELI\u0307Q HOTEL<\/td><td>MINIBAR<\/td><td>ALANYA\/ANTALYA<\/td><\/tr><tr><td>CLUB DEM HOTEL<\/td><td>MINIBAR<\/td><td>ALANYA\/ANTALYA<\/td><\/tr><tr><td>CLUB MEGASARAY HOTEL<\/td><td>MINIBAR<\/td><td>SER\u0130K\/ANTALYA<\/td><\/tr><tr><td>CLUB MERMAID HOTEL<\/td><td>MINIBAR<\/td><td>ALANYA\/ANTALYA<\/td><\/tr><tr><td>CLUB NENA HOTEL\u00a0<\/td><td>MINIBAR<\/td><td>MANAVGAT\/ANTALYA<\/td><\/tr><tr><td>CLUB ZIGANA HOTEL<\/td><td>MINIBAR<\/td><td>KEMER\/ANTALYA<\/td><\/tr><tr><td>CRYSTAL AURO BEACH HOTEL<\/td><td>MINIBAR<\/td><td>KEMER\/ANTALYA<\/td><\/tr><tr><td>CRYSTAL FAMI\u0307LY HOTEL<\/td><td>MINIBAR<\/td><td>BO\u011eAZKENT\/S\u0130DE\u00a0<\/td><\/tr><tr><td>CRYSTAL WATERWORLD HOTEL<\/td><td>MINIBAR<\/td><td>SER\u0130K\/ANTALYA<\/td><\/tr><tr><td>\u00c7a\u011flarca Hotel\u00a0<\/td><td>MINIBAR<\/td><td>MANAVGAT\/ANTALYA<\/td><\/tr><tr><td>LAUREL DREAM HOTEL<\/td><td>MINIBAR<\/td><td>MANAVGAT\/ANTALYA<\/td><\/tr><tr><td>LAUREL GARDEN HOTEL<\/td><td>MINIBAR<\/td><td>MANAVGAT\/ANTALYA<\/td><\/tr><tr><td>DEFNE STAR HOTEL\u00a0<\/td><td>MINIBAR<\/td><td>MANAVGAT\/ANTALYA<\/td><\/tr><tr><td>DIAMOND DELUXE HOTEL\u00a0<\/td><td>MINIBAR<\/td><td>MANAVGAT\/ANTALYA<\/td><\/tr><tr><td>DOUBLE TREE AFYON HOTEL<\/td><td>MINIBAR<\/td><td>CENTER\/AFYON<\/td><\/tr><tr><td>DOUBLE TREE ANTALYA HOTEL<\/td><td>MINIBAR<\/td><td>MURATPA\u015eA\/ANTALYA<\/td><\/tr><tr><td>EFTELIA AQUA HOTEL<\/td><td>MINIBAR<\/td><td>ALANYA\/ANTALYA<\/td><\/tr><tr><td>EFTELIA AYTUR HOTEL<\/td><td>MINIBAR<\/td><td>ALANYA\/ANTALYA<\/td><\/tr><tr><td>EFTELIA OCEAN HOTEL<\/td><td>MINIBAR<\/td><td>ALANYA\/ANTALYA<\/td><\/tr><tr><td>EFTELIA SPLASH HOTEL\u00a0<\/td><td>MINIBAR<\/td><td>ALANYA\/ANTALYA<\/td><\/tr><tr><td>EFTELIA VILLAGE HOTEL<\/td><td>MINIBAR<\/td><td>ALANYA\/ANTALYA<\/td><\/tr><tr><td>ELVIN DELUXE HOTEL\u00a0<\/td><td>MINIBAR<\/td><td>ALANYA\/ANTALYA<\/td><\/tr><tr><td>FAME RESIDENCE HOTEL<\/td><td>MINIBAR<\/td><td>KEMER\/ANTALYA<\/td><\/tr><tr><td>FANTASIA DE LUXE HOTEL<\/td><td>MINIBAR<\/td><td>KEMER\/ANTALYA<\/td><\/tr><tr><td>FETHIYE RESIDENCE HOTEL<\/td><td>MINIBAR<\/td><td>FETH\u0130YE\/MU\u011eLA<\/td><\/tr><tr><td>FINDIKLI HOTEL<\/td><td>MINIBAR<\/td><td>KARAKOY\/ISTANBUL<\/td><\/tr><tr><td>GAZIANTEP HOTEL\u00a0<\/td><td>MINIBAR<\/td><td>CENTER\/GAZIANTEP\u00a0<\/td><\/tr><tr><td>GLORIA HOTEL<\/td><td>MINIBAR<\/td><td>BELEK\/ANTALYA<\/td><\/tr><tr><td>GRANADA AVSALLAR HOTEL<\/td><td>MINIBAR<\/td><td>ALANYA\/ANTALYA<\/td><\/tr><tr><td>GRANADA BELEK HOTEL<\/td><td>MINIBAR<\/td><td>BELEK\/ANTALYA<\/td><\/tr><tr><td>GRAND \u00c7INAR HOTEL<\/td><td>MINIBAR<\/td><td>KUMLUCA\/ANTALYA<\/td><\/tr><tr><td>GRAND NAR HOTEL<\/td><td>MINIBAR<\/td><td>KEMER\/ANTALYA<\/td><\/tr><tr><td>GRAND SUGAR HOTEL<\/td><td>MINIBAR<\/td><td>EVRENSEKI\/ANTALYA<\/td><\/tr><tr><td>GRAND ZAMAN HOTEL<\/td><td>MINIBAR<\/td><td>ALANYA\/ANTALYA<\/td><\/tr><tr><td>GREEN MAX HOTEL<\/td><td>MINIBAR<\/td><td>BELEK\/ANTALYA<\/td><\/tr><tr><td>G\u00dcRAL PREMIER HOTEL\u00a0<\/td><td>MINIBAR<\/td><td>TEK\u0130ROVA\/ANTALYA<\/td><\/tr><tr><td>HISAR HOLIDAY CLUB HOTEL<\/td><td>MINIBAR<\/td><td>FETH\u0130YE\/MU\u011eLA<\/td><\/tr><tr><td>IKBAL HOTEL\u00a0<\/td><td>MINIBAR<\/td><td>CENTER\/AFYON<\/td><\/tr><tr><td>INN VISTAR HOTEL<\/td><td>MINIBAR<\/td><td>SER\u0130K\/ANTALYA<\/td><\/tr><tr><td>JIVA BEACH HOTEL<\/td><td>MINIBAR<\/td><td>FETH\u0130YE\/MU\u011eLA<\/td><\/tr><tr><td>JUSTINIANO HOTEL<\/td><td>MINIBAR<\/td><td>ALANYA\/ANTALYA<\/td><\/tr><tr><td>CAMELLIA COLLECTION\u00a0<\/td><td>MINIBAR<\/td><td>COLAKLI\/ANTALYA<\/td><\/tr><tr><td>CAMELLIA WORLD HOTEL<\/td><td>MINIBAR<\/td><td>MANAVGAT\/ANTALYA<\/td><\/tr><tr><td>KARBEL HOTEL<\/td><td>MINIBAR<\/td><td>FETH\u0130YE\/MU\u011eLA<\/td><\/tr><tr><td>KAYA BELEK HOTEL<\/td><td>MINIBAR<\/td><td>BELEK\/ANTALYA<\/td><\/tr><tr><td>KAYA PALAZZO HOTEL<\/td><td>MINIBAR<\/td><td>BELEK\/ANTALYA<\/td><\/tr><tr><td>KEMAL BAY HOTEL\u00a0<\/td><td>MINIBAR<\/td><td>ALANYA\/ANTALYA<\/td><\/tr><tr><td>KIRBIYIK HOTEL\u00a0<\/td><td>MINIBAR<\/td><td>ALANYA\/ANTALYA<\/td><\/tr><tr><td>KI\u0307KYA PALACE HOTEL<\/td><td>MINIBAR<\/td><td>KEMER\/ANTALYA<\/td><\/tr><tr><td>LA PERLA PREMIUM HOTEL<\/td><td>MINIBAR<\/td><td>ISKENDERUN\/HATAY<\/td><\/tr><tr><td>LEAF PORT HOTEL\u00a0<\/td><td>MINIBAR<\/td><td>KONYAALTI\/ANTALYA<\/td><\/tr><tr><td>SELECTUM HOTEL LATVIA\u00a0<\/td><td>MINIBAR<\/td><td>BELEK\/ANTALYA<\/td><\/tr><tr><td>LIMAK AMBASSADORE HOTEL<\/td><td>MINIBAR<\/td><td>GOP\/ANTALYA<\/td><\/tr><tr><td>LIMAK ARCADIA GOLF HOTEL<\/td><td>MINIBAR<\/td><td>BELEK\/ANTALYA<\/td><\/tr><tr><td>LMAK LARA DELUXE HOTEL\u00a0<\/td><td>MINIBAR<\/td><td>MURATPA\u015eA\/ANTALYA<\/td><\/tr><tr><td>LOCA ALACATI HOTEL<\/td><td>MINIBAR<\/td><td>ALA\u00c7ATI\/IZMIR<\/td><\/tr><tr><td>LONG BEACH HOTEL\u00a0<\/td><td>MINIBAR<\/td><td>ALANYA\/ANTALYA<\/td><\/tr><tr><td>MAGIC WORLD WATERWORLD HOTEL<\/td><td>MINIBAR<\/td><td>SER\u0130K\/ANTALYA<\/td><\/tr><tr><td>MARINA HOTEL<\/td><td>MINIBAR<\/td><td>KEMER\/ANTALYA<\/td><\/tr><tr><td>MAX HOLIDAY HOTEL\u00a0<\/td><td>MINIBAR<\/td><td>MANAVGAT\/ANTALYA<\/td><\/tr><tr><td>MEGASARAY HOTEL\u00a0<\/td><td>MINIBAR<\/td><td>BELEK\/ANTALYA<\/td><\/tr><tr><td>MELAS HOTEL\u00a0<\/td><td>MINIBAR<\/td><td>KUNDU\/ANTALYA<\/td><\/tr><tr><td>MERCAN HOTEL\u00a0<\/td><td>MINIBAR<\/td><td>FETH\u0130YE\/MU\u011eLA<\/td><\/tr><tr><td>MIRA MARE HOTEL\u00a0<\/td><td>MINIBAR<\/td><td>MANAVGAT\/ANTALYA<\/td><\/tr><tr><td>MIRAGE PARK RESORT\u00a0<\/td><td>MINIBAR<\/td><td>KEMER\/ANTALYA<\/td><\/tr><tr><td>MIYAS HOTEL\u00a0<\/td><td>MINIBAR<\/td><td>KEMER\/ANTALYA<\/td><\/tr><tr><td>MONART CI\u0307TY HOTEL\u00a0<\/td><td>MINIBAR<\/td><td>ALANYA\/ANTALYA<\/td><\/tr><tr><td>MUKARNAS HOTEL\u00a0<\/td><td>MINIBAR<\/td><td>ALANYA\/ANTALYA<\/td><\/tr><tr><td>NARCIA HOTEL\u00a0<\/td><td>MINIBAR<\/td><td>MANAVGAT\/ANTALYA<\/td><\/tr><tr><td>NASHIRA HOTEL\u00a0<\/td><td>MINIBAR<\/td><td>MANAVGAT\/ANTALYA<\/td><\/tr><tr><td>NOVA PARK HOTEL\u00a0<\/td><td>MINIBAR<\/td><td>MANAVGAT\/ANTALYA<\/td><\/tr><tr><td>NOXINN BEACH HOTEL\u00a0<\/td><td>MINIBAR<\/td><td>ALANYA\/ANTALYA<\/td><\/tr><tr><td>ORANGE COUNTY HOTEL\u00a0<\/td><td>MINIBAR<\/td><td>KEMER\/ANTALYA<\/td><\/tr><tr><td>\u00d6ZKAYMAK MARINA HOTEL\u00a0<\/td><td>MINIBAR<\/td><td>KEMER\/ANTALYA<\/td><\/tr><tr><td>PALMYE BEACH HOTEL\u00a0<\/td><td>MINIBAR<\/td><td>ALANYA\/ANTALYA<\/td><\/tr><tr><td>PALOMA FITNESS HOTEL\u00a0<\/td><td>MINIBAR<\/td><td>MANAVGAT\/ANTALYA<\/td><\/tr><tr><td>PALOMA FORESTA HOTEL\u00a0<\/td><td>MINIBAR<\/td><td>BELDIBIA\/ANTALYA<\/td><\/tr><tr><td>PALOMA OCEANA HOTEL\u00a0<\/td><td>MINIBAR<\/td><td>MANAVGAT\/ANTALYA<\/td><\/tr><tr><td>PAPILLON BELVILLE HOTEL\u00a0<\/td><td>MINIBAR<\/td><td>BELEK\/ANTALYA<\/td><\/tr><tr><td>PIRATES BEACH HOTEL\u00a0<\/td><td>MINIBAR<\/td><td>KEMER\/ANTALYA<\/td><\/tr><tr><td>PORT RIVER HOTEL\u00a0<\/td><td>MINIBAR<\/td><td>MANAVGAT\/ANTALYA<\/td><\/tr><tr><td>Q PREMIUM HOTEL\u00a0<\/td><td>MINIBAR<\/td><td>ALANYA\/ANTALYA<\/td><\/tr><tr><td>RAMADA PLAZA HOTEL\u00a0<\/td><td>MINIBAR<\/td><td>MURATPA\u015eA\/ANTALYA<\/td><\/tr><tr><td>RIVIERA ZEN HOTEL\u00a0<\/td><td>MINIBAR<\/td><td>ALANYA\/ANTALYA<\/td><\/tr><tr><td>RIXOS PREMIUM HOTEL\u00a0<\/td><td>MINIBAR<\/td><td>KEMER\/ANTALYA<\/td><\/tr><tr><td>Rixos Sungate Hotel\u00a0<\/td><td>MINIBAR<\/td><td>BELDIBIA\/ANTALYA<\/td><\/tr><tr><td>ROYAL ATLANTIS HOTEL<\/td><td>MINIBAR<\/td><td>ALANYA\/ANTALYA<\/td><\/tr><tr><td>ROYAL DRAGON HOTEL\u00a0<\/td><td>MINIBAR<\/td><td>EVRENSEKI\/ANTALYA<\/td><\/tr><tr><td>ROYAL GARDEN SELECT HOTEL\u00a0<\/td><td>MINIBAR<\/td><td>ALANYA\/ANTALYA<\/td><\/tr><tr><td>ROYAL PARADI\u0307SE HOTEL\u00a0<\/td><td>MINIBAR<\/td><td>MANAVGAT\/ANTALYA<\/td><\/tr><tr><td>ROYAL PARADI\u0307SE HOTEL\u00a0<\/td><td>MINIBAR<\/td><td>SIDE\/ANTALYA<\/td><\/tr><tr><td>ROYAL SEG\u0130NUS HOTEL\u00a0<\/td><td>MINIBAR<\/td><td>AKSU\/ANTALYA<\/td><\/tr><tr><td>ROYAL WINGS HOTEL\u00a0<\/td><td>MINIBAR<\/td><td>LARA\/ANTALYA<\/td><\/tr><tr><td>SAPPHIRE THERMAL HOTEL\u00a0<\/td><td>MINIBAR<\/td><td>KUMLUCA\/ANTALYA<\/td><\/tr><tr><td>SAILORS BEACH HOTEL\u00a0<\/td><td>MINIBAR<\/td><td>KEMER\/ANTALYA<\/td><\/tr><tr><td>SEA LIFE BOUQUET HOTEL\u00a0<\/td><td>MINIBAR<\/td><td>ALANYA\/ANTALYA<\/td><\/tr><tr><td>SEA LIFE FAMI\u0307LY HOTEL\u00a0<\/td><td>MINIBAR<\/td><td>KONYAALTI\/ANTALYA<\/td><\/tr><tr><td>SEADEN QUALITY HOTEL\u00a0<\/td><td>MINIBAR<\/td><td>MANAVGAT\/ANTALYA<\/td><\/tr><tr><td>SEHER HOTEL\u00a0<\/td><td>MINIBAR<\/td><td>MANAVGAT\/ANTALYA<\/td><\/tr><tr><td>SELECTUM HOTEL\u00a0<\/td><td>MINIBAR<\/td><td>BELEK\/ANTALYA<\/td><\/tr><tr><td>SELGE BEACH HOTEL\u00a0<\/td><td>MINIBAR<\/td><td>MANAVGAT\/ANTALYA<\/td><\/tr><tr><td>SHERWOOD BREEZES HOTEL\u00a0<\/td><td>MINIBAR<\/td><td>KUNDU\/ANTALYA<\/td><\/tr><tr><td>SHERWOOD DREAMS HOTEL\u00a0<\/td><td>MINIBAR<\/td><td>SER\u0130K\/ANTALYA<\/td><\/tr><tr><td>SHERWOOD GREEN WOOD HOTEL\u00a0<\/td><td>MINIBAR<\/td><td>G\u00d6YN\u00dcK\/ANTALYA<\/td><\/tr><tr><td>SHERWOOD SUITES HOTEL\u00a0<\/td><td>MINIBAR<\/td><td>KUNDU\/ANTALYA<\/td><\/tr><tr><td>SIDE SAND HOTEL\u00a0<\/td><td>MINIBAR<\/td><td>MANAVGAT\/ANTALYA<\/td><\/tr><tr><td>SIDE MARINA HOTEL\u00a0<\/td><td>MINIBAR<\/td><td>SIDE\/ANTALYA<\/td><\/tr><tr><td>SI\u0307LENCE BACH HOTEL\u00a0<\/td><td>MINIBAR<\/td><td>MANAVGAT\/ANTALYA<\/td><\/tr><tr><td>SIRENE GOLF HOTEL\u00a0<\/td><td>MINIBAR<\/td><td>BELEK\/ANTALYA<\/td><\/tr><tr><td>SPICE HOTEL<\/td><td>MINIBAR<\/td><td>BELEK\/ANTALYA<\/td><\/tr><tr><td>STAR ELEGANCE HOTEL<\/td><td>MINIBAR<\/td><td>SIDE\/ANTALYA<\/td><\/tr><tr><td>SUENO GOLF HOTEL<\/td><td>MINIBAR<\/td><td>BELEK\/ANTALYA<\/td><\/tr><tr><td>SULTON OF SIDE\u00a0<\/td><td>MINIBAR<\/td><td>SIDE\/ANTALYA<\/td><\/tr><tr><td>SUN BEACH PARK HOTEL\u00a0<\/td><td>MINIBAR<\/td><td>MANAVGAT\/ANTALYA<\/td><\/tr><tr><td>SUNIS BEACH HOTEL\u00a0<\/td><td>MINIBAR<\/td><td>MANAVGAT\/ANTALYA<\/td><\/tr><tr><td>SWANDOR HOTEL\u00a0<\/td><td>MINIBAR<\/td><td>AKSU\/ANTALYA<\/td><\/tr><tr><td>SWANDOR HOTEL\u00a0<\/td><td>MINIBAR<\/td><td>KUNDU\/ANTALYA<\/td><\/tr><tr><td>SHAH INN PARADISE HOTEL<\/td><td>MINIBAR<\/td><td>KUMLUCA\/ANTALYA<\/td><\/tr><tr><td>THE SANSA HOTEL\u00a0<\/td><td>MINIBAR<\/td><td>MANAVGAT\/ANTALYA<\/td><\/tr><tr><td>TONOZ BEACH HOTEL\u00a0<\/td><td>MINIBAR<\/td><td>FETH\u0130YE\/MU\u011eLA<\/td><\/tr><tr><td>TRANS ATLANTIC HOTEL\u00a0<\/td><td>MINIBAR<\/td><td>KEMER\/ANTALYA<\/td><\/tr><tr><td>TT TROPICAL HOTEL\u00a0<\/td><td>MINIBAR<\/td><td>ORTACA\/MU\u011eLA<\/td><\/tr><tr><td>TUI BLUE PALM GARDEN HOTEL\u00a0<\/td><td>MINIBAR<\/td><td>BELEK\/ANTALYA<\/td><\/tr><tr><td>TU\u0130 BLUE SARIGERME PARK HOTEL\u00a0<\/td><td>MINIBAR<\/td><td>SARIGERME\/ MU\u011eLA<\/td><\/tr><tr><td>TU\u0130 MAGIC LIFE HOTEL\u00a0<\/td><td>MINIBAR<\/td><td>BELEK\/ANTALYA<\/td><\/tr><tr><td>ULUDA\u011e ZONE 2 HOTEL\u00a0<\/td><td>MINIBAR<\/td><td>ULUDA\u011e\/BURSA<\/td><\/tr><tr><td>UTOPIA WORLD HOTEL\u00a0<\/td><td>MINIBAR<\/td><td>ALANYA\/ANTALYA<\/td><\/tr><tr><td>VICTORY BE MINE HOTEL\u00a0<\/td><td>MINIBAR<\/td><td>MANAVGAT\/ANTALYA<\/td><\/tr><tr><td>VISTAR HOTEL\u00a0<\/td><td>MINIBAR<\/td><td>MEZ\u0130TL\u0130\/MERSIN<\/td><\/tr><tr><td>VOYAGE HOTEL<\/td><td>MINIBAR<\/td><td>BELEK\/ANTALYA<\/td><\/tr><tr><td>WHITE CITY HOTEL\u00a0<\/td><td>MINIBAR<\/td><td>ALANYA\/ANTALYA<\/td><\/tr><tr><td>GREENLORMAN HOTEL\u00a0<\/td><td>MINIBAR<\/td><td>FETH\u0130YE\/MU\u011eLA<\/td><\/tr><tr><td>YILDIZ THERMAL HOTEL\u00a0<\/td><td>MINIBAR<\/td><td>ODUNPAZARI\/ESKI\u0307\u015eEHI\u0307R<\/td><\/tr><\/tbody><\/table>\t\t\t\t\t\t\t\t<\/div>\n\t\t\t\t<\/div>\n\t\t\t\t\t<\/div>\n\t\t\t\t<\/div>\n\t\t\t\t<\/div>","protected":false},"excerpt":{"rendered":"<p>OTEL \u0130SM\u0130 \u00dcR\u00dcN \u0130L \u0130L\u00c7E ADALCA OCEAN DELUXE\u00a0 OTEL M\u0130N\u0130BAR EVRENSEK\u0130\/ANTALYA ADALYA EL\u0130TE LARA OTEL M\u0130N\u0130BAR KUNDU\/ANTALYA ADEM VE HAVVA<\/p>","protected":false},"author":2,"featured_media":0,"parent":1912,"menu_order":0,"comment_status":"closed","ping_status":"closed","template":"","meta":{"footnotes":""},"class_list":["post-1914","page","type-page","status-publish","hentry"],"_links":{"self":[{"href":"https:\/\/minsa.com.tr\/en\/wp-json\/wp\/v2\/pages\/1914","targetHints":{"allow":["GET"]}}],"collection":[{"href":"https:\/\/minsa.com.tr\/en\/wp-json\/wp\/v2\/pages"}],"about":[{"href":"https:\/\/minsa.com.tr\/en\/wp-json\/wp\/v2\/types\/page"}],"author":[{"embeddable":true,"href":"https:\/\/minsa.com.tr\/en\/wp-json\/wp\/v2\/users\/2"}],"replies":[{"embeddable":true,"href":"https:\/\/minsa.com.tr\/en\/wp-json\/wp\/v2\/comments?post=1914"}],"version-history":[{"count":0,"href":"https:\/\/minsa.com.tr\/en\/wp-json\/wp\/v2\/pages\/1914\/revisions"}],"up":[{"embeddable":true,"href":"https:\/\/minsa.com.tr\/en\/wp-json\/wp\/v2\/pages\/1912"}],"wp:attachment":[{"href":"https:\/\/minsa.com.tr\/en\/wp-json\/wp\/v2\/media?parent=1914"}],"curies":[{"name":"wp","href":"https:\/\/api.w.org\/{rel}","templated":true}]}}